{"id":1455,"date":"2021-01-03T15:13:43","date_gmt":"2021-01-03T15:13:43","guid":{"rendered":"https:\/\/smatra-apac.com\/?page_id=1455"},"modified":"2025-01-25T02:20:01","modified_gmt":"2025-01-25T02:20:01","slug":"mission","status":"publish","type":"page","link":"https:\/\/smatra-apac.com\/index.php\/mission\/?lang=de","title":{"rendered":"Mission"},"content":{"rendered":"<div class=\"wpb-content-wrapper\"><p>[vc_row nav_skin=&#8221;light&#8221; consent_include=&#8221;include&#8221; el_design=&#8221;{&#8220;desktop&#8220;:{&#8220;padding-top&#8220;:&#8220;-&#8220;}}&#8221;][vc_column width=&#8221;2\/3&#8243; css_animation=&#8221;&#8221;][vc_empty_space height=&#8221;80px&#8221;][vc_text_element typography=&#8221;{&#8220;font_family&#8220;:&#8220;1596475616913142&#8220;,&#8220;variants&#8220;:&#8220;500&#8220;,&#8220;subsets&#8220;:&#8220;devanagari&#8220;,&#8220;font_size&#8220;:&#8220;13px&#8220;}&#8221; css_animation=&#8221;&#8221;]<\/p>\n<p style=\"text-align: left;\"><span style=\"color: #1974d2;\">DAS DEFINIERT UNS<\/span><\/p>\n<p>[\/vc_text_element][vc_empty_space height=&#8221;10px&#8221;][vc_heading heading_text=&#8221;Wir verbinden das Beste aus Zwei Welten:<br \/>\nM\u00e4rkte, Menschen und nachhaltige Lieferketten&#8221; heading_wrapper=&#8221;h3&#8243; heading_color=&#8221;{&#8220;solid&#8220;:{&#8220;id&#8220;:&#8220;custom_color&#8220;,&#8220;color&#8220;:&#8220;rgba(0,32,96,1)&#8220;}}&#8221; heading_typography=&#8221;{&#8220;font_family&#8220;:&#8220;1596475607973655&#8220;,&#8220;variants&#8220;:&#8220;400&#8220;,&#8220;subsets&#8220;:&#8220;latin-ext&#8220;,&#8220;font_size&#8220;:&#8220;35px&#8220;,&#8220;line_height&#8220;:&#8220;1.2em&#8220;,&#8220;letter_spacing&#8220;:&#8220;-0.03em&#8220;}&#8221; css_animation=&#8221;&#8221;][vc_column_text css=&#8221;&#8221;]Wenn man eine Reise beginnt, wird jeder einzelne Schritt zu einer Erinnerung, besonders in fremden L\u00e4ndern. Bei der SMATRA Group verstehen wir internationales Gesch\u00e4ft und konzentrieren uns vollst\u00e4ndig darauf. Unsere Mission ist einfach: nachhaltige Lieferketten aufzubauen, die M\u00e4rkte und Menschen weltweit verbinden. Wir genie\u00dfen jeden einzelnen Aspekt davon.[\/vc_column_text][vc_empty_space height=&#8221;40px&#8221;][\/vc_column][vc_column el_design=&#8221;{&#8220;desktop&#8220;:{&#8220;padding-top&#8220;:&#8220;130&#8220;,&#8220;padding-right&#8220;:&#8220;15&#8220;,&#8220;padding-bottom&#8220;:&#8220;15&#8220;,&#8220;padding-left&#8220;:&#8220;15&#8220;}}&#8221; width=&#8221;1\/3&#8243; css_animation=&#8221;&#8221;][vc_column_text]<\/p>\n<blockquote><p>&#8220;Jedem Unternehmen eine internationale Perspektive zu geben, um dessen Wettbewerbsf\u00e4higkeit zu steigern und ein besseres Leben zu schaffen.&#8221;<\/p><\/blockquote>\n<p>[\/vc_column_text][\/vc_column][\/vc_row]<\/p>\n<\/div>","protected":false},"excerpt":{"rendered":"<p>[vc_row nav_skin=&#8221;light&#8221; consent_include=&#8221;include&#8221; el_design=&#8221;{&#8220;desktop&#8220;:{&#8220;padding-top&#8220;:&#8220;-&#8220;}}&#8221;][vc_column width=&#8221;2\/3&#8243; css_animation=&#8221;&#8221;][vc_empty_space height=&#8221;80px&#8221;][vc_text_element typography=&#8221;{&#8220;font_family&#8220;:&#8220;1596475616913142&#8220;,&#8220;variants&#8220;:&#8220;500&#8220;,&#8220;subsets&#8220;:&#8220;devanagari&#8220;,&#8220;font_size&#8220;:&#8220;13px&#8220;}&#8221; css_animation=&#8221;&#8221;] DAS DEFINIERT UNS [\/vc_text_element][vc_empty_space height=&#8221;10px&#8221;][vc_heading heading_text=&#8221;Wir verbinden das Beste aus Zwei Welten: M\u00e4rkte, Menschen und nachhaltige Lieferketten&#8221; heading_wrapper=&#8221;h3&#8243; heading_color=&#8221;{&#8220;solid&#8220;:{&#8220;id&#8220;:&#8220;custom_color&#8220;,&#8220;color&#8220;:&#8220;rgba(0,32,96,1)&#8220;}}&#8221; heading_typography=&#8221;{&#8220;font_family&#8220;:&#8220;1596475607973655&#8220;,&#8220;variants&#8220;:&#8220;400&#8220;,&#8220;subsets&#8220;:&#8220;latin-ext&#8220;,&#8220;font_size&#8220;:&#8220;35px&#8220;,&#8220;line_height&#8220;:&#8220;1.2em&#8220;,&#8220;letter_spacing&#8220;:&#8220;-0.03em&#8220;}&#8221; css_animation=&#8221;&#8221;][vc_column_text css=&#8221;&#8221;]Wenn man eine Reise beginnt, wird jeder einzelne Schritt zu einer Erinnerung, besonders in fremden L\u00e4ndern. Bei der SMATRA Group verstehen wir internationales Gesch\u00e4ft und konzentrieren uns vollst\u00e4ndig darauf. Unsere Mission ist einfach: nachhaltige Lieferketten aufzubauen, die M\u00e4rkte und Menschen weltweit verbinden. Wir genie\u00dfen jeden&hellip; <a class=\"continue\" href=\"https:\/\/smatra-apac.com\/index.php\/mission\/?lang=de\">Continue Reading<span> Mission<\/span><\/a><\/p>\n","protected":false},"author":2,"featured_media":1457,"parent":0,"menu_order":0,"comment_status":"closed","ping_status":"closed","template":"","meta":{"inline_featured_image":false,"footnotes":""},"class_list":["post-1455","page","type-page","status-publish","has-post-thumbnail","hentry"],"yoast_head":"<!-- This site is optimized with the Yoast SEO plugin v27.3 - https:\/\/yoast.com\/product\/yoast-seo-wordpress\/ -->\n<title>Mission - SMATRA APAC Group<\/title>\n<meta name=\"robots\" content=\"index, follow, max-snippet:-1, max-image-preview:large, max-video-preview:-1\" \/>\n<link rel=\"canonical\" href=\"https:\/\/smatra-apac.com\/index.php\/mission\/\" \/>\n<meta property=\"og:locale\" content=\"en_US\" \/>\n<meta property=\"og:type\" content=\"article\" \/>\n<meta property=\"og:title\" content=\"Mission - SMATRA APAC Group\" \/>\n<meta property=\"og:description\" content=\"[vc_row nav_skin=&#8221;light&#8221; consent_include=&#8221;include&#8221; el_design=&#8221;{&#8220;desktop&#8220;:{&#8220;padding-top&#8220;:&#8220;-&#8220;}}&#8221;][vc_column width=&#8221;2\/3&#8243; css_animation=&#8221;&#8221;][vc_empty_space height=&#8221;80px&#8221;][vc_text_element typography=&#8221;{&#8220;font_family&#8220;:&#8220;1596475616913142&#8220;,&#8220;variants&#8220;:&#8220;500&#8220;,&#8220;subsets&#8220;:&#8220;devanagari&#8220;,&#8220;font_size&#8220;:&#8220;13px&#8220;}&#8221; css_animation=&#8221;&#8221;] DAS DEFINIERT UNS [\/vc_text_element][vc_empty_space height=&#8221;10px&#8221;][vc_heading heading_text=&#8221;Wir verbinden das Beste aus Zwei Welten: M\u00e4rkte, Menschen und nachhaltige Lieferketten&#8221; heading_wrapper=&#8221;h3&#8243; heading_color=&#8221;{&#8220;solid&#8220;:{&#8220;id&#8220;:&#8220;custom_color&#8220;,&#8220;color&#8220;:&#8220;rgba(0,32,96,1)&#8220;}}&#8221; heading_typography=&#8221;{&#8220;font_family&#8220;:&#8220;1596475607973655&#8220;,&#8220;variants&#8220;:&#8220;400&#8220;,&#8220;subsets&#8220;:&#8220;latin-ext&#8220;,&#8220;font_size&#8220;:&#8220;35px&#8220;,&#8220;line_height&#8220;:&#8220;1.2em&#8220;,&#8220;letter_spacing&#8220;:&#8220;-0.03em&#8220;}&#8221; css_animation=&#8221;&#8221;][vc_column_text css=&#8221;&#8221;]Wenn man eine Reise beginnt, wird jeder einzelne Schritt zu einer Erinnerung, besonders in fremden L\u00e4ndern. Bei der SMATRA Group verstehen wir internationales Gesch\u00e4ft und konzentrieren uns vollst\u00e4ndig darauf. Unsere Mission ist einfach: nachhaltige Lieferketten aufzubauen, die M\u00e4rkte und Menschen weltweit verbinden. Wir genie\u00dfen jeden&hellip; Continue Reading Mission\" \/>\n<meta property=\"og:url\" content=\"https:\/\/smatra-apac.com\/index.php\/mission\/?lang=de\" \/>\n<meta property=\"og:site_name\" content=\"SMATRA APAC Group\" \/>\n<meta property=\"article:modified_time\" content=\"2025-01-25T02:20:01+00:00\" \/>\n<meta property=\"og:image\" content=\"https:\/\/smatra-apac.com\/wp-content\/uploads\/2020\/08\/dark-scaled.jpg\" \/>\n\t<meta property=\"og:image:width\" content=\"2560\" \/>\n\t<meta property=\"og:image:height\" content=\"1233\" \/>\n\t<meta property=\"og:image:type\" content=\"image\/jpeg\" \/>\n<meta name=\"twitter:card\" content=\"summary_large_image\" \/>\n<meta name=\"twitter:site\" content=\"@SMATRA_APAC\" \/>\n<meta name=\"twitter:label1\" content=\"Est. reading time\" \/>\n\t<meta name=\"twitter:data1\" content=\"1 minute\" \/>\n<script type=\"application\/ld+json\" class=\"yoast-schema-graph\">{\"@context\":\"https:\\\/\\\/schema.org\",\"@graph\":[{\"@type\":\"WebPage\",\"@id\":\"https:\\\/\\\/smatra-apac.com\\\/index.php\\\/mission\\\/?lang=de\",\"url\":\"https:\\\/\\\/smatra-apac.com\\\/index.php\\\/mission\\\/?lang=de\",\"name\":\"Mission - SMATRA APAC Group\",\"isPartOf\":{\"@id\":\"https:\\\/\\\/smatra-apac.com\\\/#website\"},\"primaryImageOfPage\":{\"@id\":\"https:\\\/\\\/smatra-apac.com\\\/index.php\\\/mission\\\/?lang=de#primaryimage\"},\"image\":{\"@id\":\"https:\\\/\\\/smatra-apac.com\\\/index.php\\\/mission\\\/?lang=de#primaryimage\"},\"thumbnailUrl\":\"https:\\\/\\\/smatra-apac.com\\\/wp-content\\\/uploads\\\/2020\\\/08\\\/dark-scaled.jpg\",\"datePublished\":\"2021-01-03T15:13:43+00:00\",\"dateModified\":\"2025-01-25T02:20:01+00:00\",\"breadcrumb\":{\"@id\":\"https:\\\/\\\/smatra-apac.com\\\/index.php\\\/mission\\\/?lang=de#breadcrumb\"},\"inLanguage\":\"en-US\",\"potentialAction\":[{\"@type\":\"ReadAction\",\"target\":[\"https:\\\/\\\/smatra-apac.com\\\/index.php\\\/mission\\\/?lang=de\"]}]},{\"@type\":\"ImageObject\",\"inLanguage\":\"en-US\",\"@id\":\"https:\\\/\\\/smatra-apac.com\\\/index.php\\\/mission\\\/?lang=de#primaryimage\",\"url\":\"https:\\\/\\\/smatra-apac.com\\\/wp-content\\\/uploads\\\/2020\\\/08\\\/dark-scaled.jpg\",\"contentUrl\":\"https:\\\/\\\/smatra-apac.com\\\/wp-content\\\/uploads\\\/2020\\\/08\\\/dark-scaled.jpg\",\"width\":2560,\"height\":1233},{\"@type\":\"BreadcrumbList\",\"@id\":\"https:\\\/\\\/smatra-apac.com\\\/index.php\\\/mission\\\/?lang=de#breadcrumb\",\"itemListElement\":[{\"@type\":\"ListItem\",\"position\":1,\"name\":\"Home\",\"item\":\"https:\\\/\\\/smatra-apac.com\\\/\"},{\"@type\":\"ListItem\",\"position\":2,\"name\":\"Mission\"}]},{\"@type\":\"WebSite\",\"@id\":\"https:\\\/\\\/smatra-apac.com\\\/#website\",\"url\":\"https:\\\/\\\/smatra-apac.com\\\/\",\"name\":\"SMATRA APAC Group\",\"description\":\"Your Strategic Link to Asia-Pacific\",\"publisher\":{\"@id\":\"https:\\\/\\\/smatra-apac.com\\\/#organization\"},\"potentialAction\":[{\"@type\":\"SearchAction\",\"target\":{\"@type\":\"EntryPoint\",\"urlTemplate\":\"https:\\\/\\\/smatra-apac.com\\\/?s={search_term_string}\"},\"query-input\":{\"@type\":\"PropertyValueSpecification\",\"valueRequired\":true,\"valueName\":\"search_term_string\"}}],\"inLanguage\":\"en-US\"},{\"@type\":\"Organization\",\"@id\":\"https:\\\/\\\/smatra-apac.com\\\/#organization\",\"name\":\"SMATRA APAC Group\",\"url\":\"https:\\\/\\\/smatra-apac.com\\\/\",\"logo\":{\"@type\":\"ImageObject\",\"inLanguage\":\"en-US\",\"@id\":\"https:\\\/\\\/smatra-apac.com\\\/#\\\/schema\\\/logo\\\/image\\\/\",\"url\":\"https:\\\/\\\/smatra-apac.com\\\/wp-content\\\/uploads\\\/2018\\\/03\\\/logo_footer_small_120.png\",\"contentUrl\":\"https:\\\/\\\/smatra-apac.com\\\/wp-content\\\/uploads\\\/2018\\\/03\\\/logo_footer_small_120.png\",\"width\":211,\"height\":188,\"caption\":\"SMATRA APAC Group\"},\"image\":{\"@id\":\"https:\\\/\\\/smatra-apac.com\\\/#\\\/schema\\\/logo\\\/image\\\/\"},\"sameAs\":[\"https:\\\/\\\/x.com\\\/SMATRA_APAC\"]}]}<\/script>\n<!-- \/ Yoast SEO plugin. -->","yoast_head_json":{"title":"Mission - SMATRA APAC Group","robots":{"index":"index","follow":"follow","max-snippet":"max-snippet:-1","max-image-preview":"max-image-preview:large","max-video-preview":"max-video-preview:-1"},"canonical":"https:\/\/smatra-apac.com\/index.php\/mission\/","og_locale":"en_US","og_type":"article","og_title":"Mission - SMATRA APAC Group","og_description":"[vc_row nav_skin=&#8221;light&#8221; consent_include=&#8221;include&#8221; el_design=&#8221;{&#8220;desktop&#8220;:{&#8220;padding-top&#8220;:&#8220;-&#8220;}}&#8221;][vc_column width=&#8221;2\/3&#8243; css_animation=&#8221;&#8221;][vc_empty_space height=&#8221;80px&#8221;][vc_text_element typography=&#8221;{&#8220;font_family&#8220;:&#8220;1596475616913142&#8220;,&#8220;variants&#8220;:&#8220;500&#8220;,&#8220;subsets&#8220;:&#8220;devanagari&#8220;,&#8220;font_size&#8220;:&#8220;13px&#8220;}&#8221; css_animation=&#8221;&#8221;] DAS DEFINIERT UNS [\/vc_text_element][vc_empty_space height=&#8221;10px&#8221;][vc_heading heading_text=&#8221;Wir verbinden das Beste aus Zwei Welten: M\u00e4rkte, Menschen und nachhaltige Lieferketten&#8221; heading_wrapper=&#8221;h3&#8243; heading_color=&#8221;{&#8220;solid&#8220;:{&#8220;id&#8220;:&#8220;custom_color&#8220;,&#8220;color&#8220;:&#8220;rgba(0,32,96,1)&#8220;}}&#8221; heading_typography=&#8221;{&#8220;font_family&#8220;:&#8220;1596475607973655&#8220;,&#8220;variants&#8220;:&#8220;400&#8220;,&#8220;subsets&#8220;:&#8220;latin-ext&#8220;,&#8220;font_size&#8220;:&#8220;35px&#8220;,&#8220;line_height&#8220;:&#8220;1.2em&#8220;,&#8220;letter_spacing&#8220;:&#8220;-0.03em&#8220;}&#8221; css_animation=&#8221;&#8221;][vc_column_text css=&#8221;&#8221;]Wenn man eine Reise beginnt, wird jeder einzelne Schritt zu einer Erinnerung, besonders in fremden L\u00e4ndern. Bei der SMATRA Group verstehen wir internationales Gesch\u00e4ft und konzentrieren uns vollst\u00e4ndig darauf. Unsere Mission ist einfach: nachhaltige Lieferketten aufzubauen, die M\u00e4rkte und Menschen weltweit verbinden. Wir genie\u00dfen jeden&hellip; Continue Reading Mission","og_url":"https:\/\/smatra-apac.com\/index.php\/mission\/?lang=de","og_site_name":"SMATRA APAC Group","article_modified_time":"2025-01-25T02:20:01+00:00","og_image":[{"width":2560,"height":1233,"url":"https:\/\/smatra-apac.com\/wp-content\/uploads\/2020\/08\/dark-scaled.jpg","type":"image\/jpeg"}],"twitter_card":"summary_large_image","twitter_site":"@SMATRA_APAC","twitter_misc":{"Est. reading time":"1 minute"},"schema":{"@context":"https:\/\/schema.org","@graph":[{"@type":"WebPage","@id":"https:\/\/smatra-apac.com\/index.php\/mission\/?lang=de","url":"https:\/\/smatra-apac.com\/index.php\/mission\/?lang=de","name":"Mission - SMATRA APAC Group","isPartOf":{"@id":"https:\/\/smatra-apac.com\/#website"},"primaryImageOfPage":{"@id":"https:\/\/smatra-apac.com\/index.php\/mission\/?lang=de#primaryimage"},"image":{"@id":"https:\/\/smatra-apac.com\/index.php\/mission\/?lang=de#primaryimage"},"thumbnailUrl":"https:\/\/smatra-apac.com\/wp-content\/uploads\/2020\/08\/dark-scaled.jpg","datePublished":"2021-01-03T15:13:43+00:00","dateModified":"2025-01-25T02:20:01+00:00","breadcrumb":{"@id":"https:\/\/smatra-apac.com\/index.php\/mission\/?lang=de#breadcrumb"},"inLanguage":"en-US","potentialAction":[{"@type":"ReadAction","target":["https:\/\/smatra-apac.com\/index.php\/mission\/?lang=de"]}]},{"@type":"ImageObject","inLanguage":"en-US","@id":"https:\/\/smatra-apac.com\/index.php\/mission\/?lang=de#primaryimage","url":"https:\/\/smatra-apac.com\/wp-content\/uploads\/2020\/08\/dark-scaled.jpg","contentUrl":"https:\/\/smatra-apac.com\/wp-content\/uploads\/2020\/08\/dark-scaled.jpg","width":2560,"height":1233},{"@type":"BreadcrumbList","@id":"https:\/\/smatra-apac.com\/index.php\/mission\/?lang=de#breadcrumb","itemListElement":[{"@type":"ListItem","position":1,"name":"Home","item":"https:\/\/smatra-apac.com\/"},{"@type":"ListItem","position":2,"name":"Mission"}]},{"@type":"WebSite","@id":"https:\/\/smatra-apac.com\/#website","url":"https:\/\/smatra-apac.com\/","name":"SMATRA APAC Group","description":"Your Strategic Link to Asia-Pacific","publisher":{"@id":"https:\/\/smatra-apac.com\/#organization"},"potentialAction":[{"@type":"SearchAction","target":{"@type":"EntryPoint","urlTemplate":"https:\/\/smatra-apac.com\/?s={search_term_string}"},"query-input":{"@type":"PropertyValueSpecification","valueRequired":true,"valueName":"search_term_string"}}],"inLanguage":"en-US"},{"@type":"Organization","@id":"https:\/\/smatra-apac.com\/#organization","name":"SMATRA APAC Group","url":"https:\/\/smatra-apac.com\/","logo":{"@type":"ImageObject","inLanguage":"en-US","@id":"https:\/\/smatra-apac.com\/#\/schema\/logo\/image\/","url":"https:\/\/smatra-apac.com\/wp-content\/uploads\/2018\/03\/logo_footer_small_120.png","contentUrl":"https:\/\/smatra-apac.com\/wp-content\/uploads\/2018\/03\/logo_footer_small_120.png","width":211,"height":188,"caption":"SMATRA APAC Group"},"image":{"@id":"https:\/\/smatra-apac.com\/#\/schema\/logo\/image\/"},"sameAs":["https:\/\/x.com\/SMATRA_APAC"]}]}},"jetpack_sharing_enabled":true,"_links":{"self":[{"href":"https:\/\/smatra-apac.com\/index.php\/wp-json\/wp\/v2\/pages\/1455","targetHints":{"allow":["GET"]}}],"collection":[{"href":"https:\/\/smatra-apac.com\/index.php\/wp-json\/wp\/v2\/pages"}],"about":[{"href":"https:\/\/smatra-apac.com\/index.php\/wp-json\/wp\/v2\/types\/page"}],"author":[{"embeddable":true,"href":"https:\/\/smatra-apac.com\/index.php\/wp-json\/wp\/v2\/users\/2"}],"replies":[{"embeddable":true,"href":"https:\/\/smatra-apac.com\/index.php\/wp-json\/wp\/v2\/comments?post=1455"}],"version-history":[{"count":5,"href":"https:\/\/smatra-apac.com\/index.php\/wp-json\/wp\/v2\/pages\/1455\/revisions"}],"predecessor-version":[{"id":2528,"href":"https:\/\/smatra-apac.com\/index.php\/wp-json\/wp\/v2\/pages\/1455\/revisions\/2528"}],"wp:featuredmedia":[{"embeddable":true,"href":"https:\/\/smatra-apac.com\/index.php\/wp-json\/wp\/v2\/media\/1457"}],"wp:attachment":[{"href":"https:\/\/smatra-apac.com\/index.php\/wp-json\/wp\/v2\/media?parent=1455"}],"curies":[{"name":"wp","href":"https:\/\/api.w.org\/{rel}","templated":true}]}}