{"id":1460,"date":"2021-01-03T15:37:23","date_gmt":"2021-01-03T15:37:23","guid":{"rendered":"https:\/\/smatra-apac.com\/?page_id=1460"},"modified":"2021-01-03T15:57:50","modified_gmt":"2021-01-03T15:57:50","slug":"werte","status":"publish","type":"page","link":"https:\/\/smatra-apac.com\/index.php\/werte\/?lang=de","title":{"rendered":"Werte"},"content":{"rendered":"<div class=\"wpb-content-wrapper\"><p>[vc_row nav_skin=&#8221;light&#8221; consent_include=&#8221;include&#8221;][vc_column css_animation=&#8221;&#8221;][vc_empty_space height=&#8221;80px&#8221;][vc_text_element typography=&#8221;{&#8220;font_family&#8220;:&#8220;1596475616913142&#8220;,&#8220;variants&#8220;:&#8220;500&#8220;,&#8220;subsets&#8220;:&#8220;devanagari&#8220;,&#8220;font_size&#8220;:&#8220;13px&#8220;}&#8221; css_animation=&#8221;&#8221;]<\/p>\n<p style=\"text-align: left;\"><span style=\"color: #1974d2;\">HIERF\u00dcR STEHEN WIR<\/span><\/p>\n<p>[\/vc_text_element][vc_empty_space height=&#8221;10px&#8221;][vc_heading heading_text=&#8221;Werte definieren Personen &amp; Unternehmen&#8221; heading_wrapper=&#8221;h3&#8243; heading_color=&#8221;{&#8220;solid&#8220;:{&#8220;id&#8220;:&#8220;custom_color&#8220;,&#8220;color&#8220;:&#8220;rgba(0,32,96,1)&#8220;}}&#8221; heading_typography=&#8221;{&#8220;font_family&#8220;:&#8220;1596475607973655&#8220;,&#8220;variants&#8220;:&#8220;400&#8220;,&#8220;subsets&#8220;:&#8220;latin-ext&#8220;,&#8220;font_size&#8220;:&#8220;35px&#8220;,&#8220;line_height&#8220;:&#8220;1.2em&#8220;,&#8220;letter_spacing&#8220;:&#8220;-0.03em&#8220;}&#8221; css_animation=&#8221;&#8221;][vc_column_text]Eine starke Unternehmenskultur basiert auf klaren Werten, die das Umfeld schaffen, um einfach etwas zu bewirken und herausragende Ergebnisse f\u00fcr unsere Kunden zu erzielen.<\/p>\n<p><strong>KUNDEN STEHEN IMMER AN ERSTER STELLE<\/strong><br \/>\nWas auch immer wir bei der SMATRA APAC Group tun, unsere Kunden stehen immer an erster Stelle. Wir arbeiten f\u00fcr unsere Kunden, um ihnen den Wettbewerbsvorteil zu verschaffen, den sie f\u00fcr das Wachstum ihres Gesch\u00e4fts ben\u00f6tigen. Jedes andere Ergebnis ist f\u00fcr uns nicht akzeptabel.<\/p>\n<p><strong>SPASS &amp; ZEIT F\u00dcR FAMILIE<\/strong><br \/>\nZeit f\u00fcr die Familie zu haben ist wichtig f\u00fcr einen gesunden Lebensstil und f\u00fcr eine bessere Leistung. Wenn Ihnen das, was Sie tun, Spa\u00df macht, ist es kein Job. Es ist eine Leidenschaft, die einen motiviert, einfach alles zu verbessern. In der SMATRA APAC Group arbeiten wir basierend auf diesem Prinzip.<\/p>\n<p><strong>INNOVATIV SEIN<\/strong><br \/>\nEs ist wichtig, sich weiter zu verbessern, aber neue Ideen oder Innovationen entstehen nicht, wenn das Arbeitsumfeld streng ist und auf einem rostigen, alten System basiert. Bei der SMATRA APAC Group legen wir Wert auf Flexibilit\u00e4t, \u201eOut of the Box Thinking\u201c und Kreativit\u00e4t. Kollegen und Partner sollen motiviert sein, Ziele zu erreichen, die sie antreiben, weil sie eine Leidenschaft f\u00fcr diese haben. Dies ist der einzige Weg, um in einem Unternehmen erfolgreich zu sein, und macht f\u00fcr unsere Kunden wirklich einen Unterschied.<\/p>\n<p><strong>INTEGRIT\u00c4T<\/strong><br \/>\nBei der SMATRA APAC Group arbeiten wir stets im besten Interesse des Kunden. Ehrlich zu sein ist ein sehr wichtiges Grundelement unserer Werte. Wir arbeiten ausschlie\u00dflich f\u00fcr unsere Kunden und sch\u00fctzen deren Interessen.<\/p>\n<p><strong>MULTIKULTURELL<\/strong><br \/>\nDas Verst\u00e4ndnis von Kultur macht einen wesentlichen Unterschied im internationalen Gesch\u00e4ft und ist ein sehr wichtiges Element des strategischen Denkens der SMATRA APAC Group. Kultur kann viele Aspekte des Gesch\u00e4ftsbetriebs auf internationalen M\u00e4rkten beeintr\u00e4chtigen. Es ist wichtig zu verstehen, dass Kultur als Schl\u00fcsselelement f\u00fcr die erfolgreiche Entwicklung eines neuen ausl\u00e4ndischen Marktes, sehr wichtig ist.[\/vc_column_text][vc_empty_space height=&#8221;40px&#8221;][\/vc_column][\/vc_row]<\/p>\n<\/div>","protected":false},"excerpt":{"rendered":"<p>[vc_row nav_skin=&#8221;light&#8221; consent_include=&#8221;include&#8221;][vc_column css_animation=&#8221;&#8221;][vc_empty_space height=&#8221;80px&#8221;][vc_text_element typography=&#8221;{&#8220;font_family&#8220;:&#8220;1596475616913142&#8220;,&#8220;variants&#8220;:&#8220;500&#8220;,&#8220;subsets&#8220;:&#8220;devanagari&#8220;,&#8220;font_size&#8220;:&#8220;13px&#8220;}&#8221; css_animation=&#8221;&#8221;] HIERF\u00dcR STEHEN WIR [\/vc_text_element][vc_empty_space height=&#8221;10px&#8221;][vc_heading heading_text=&#8221;Werte definieren Personen &amp; Unternehmen&#8221; heading_wrapper=&#8221;h3&#8243; heading_color=&#8221;{&#8220;solid&#8220;:{&#8220;id&#8220;:&#8220;custom_color&#8220;,&#8220;color&#8220;:&#8220;rgba(0,32,96,1)&#8220;}}&#8221; heading_typography=&#8221;{&#8220;font_family&#8220;:&#8220;1596475607973655&#8220;,&#8220;variants&#8220;:&#8220;400&#8220;,&#8220;subsets&#8220;:&#8220;latin-ext&#8220;,&#8220;font_size&#8220;:&#8220;35px&#8220;,&#8220;line_height&#8220;:&#8220;1.2em&#8220;,&#8220;letter_spacing&#8220;:&#8220;-0.03em&#8220;}&#8221; css_animation=&#8221;&#8221;][vc_column_text]Eine starke Unternehmenskultur basiert auf klaren Werten, die das Umfeld schaffen, um einfach etwas zu bewirken und herausragende Ergebnisse f\u00fcr unsere Kunden zu erzielen. KUNDEN STEHEN IMMER AN ERSTER STELLE Was auch immer wir bei der SMATRA APAC Group tun, unsere Kunden stehen immer an erster Stelle. Wir arbeiten f\u00fcr unsere Kunden, um ihnen den&hellip; <a class=\"continue\" href=\"https:\/\/smatra-apac.com\/index.php\/werte\/?lang=de\">Continue Reading<span> Werte<\/span><\/a><\/p>\n","protected":false},"author":2,"featured_media":1465,"parent":0,"menu_order":0,"comment_status":"closed","ping_status":"closed","template":"","meta":{"inline_featured_image":false,"footnotes":""},"class_list":["post-1460","page","type-page","status-publish","has-post-thumbnail","hentry"],"yoast_head":"<!-- This site is optimized with the Yoast SEO plugin v27.3 - https:\/\/yoast.com\/product\/yoast-seo-wordpress\/ -->\n<title>Werte - SMATRA APAC Group<\/title>\n<meta name=\"robots\" content=\"index, follow, max-snippet:-1, max-image-preview:large, max-video-preview:-1\" \/>\n<link rel=\"canonical\" href=\"https:\/\/smatra-apac.com\/index.php\/werte\/\" \/>\n<meta property=\"og:locale\" content=\"en_US\" \/>\n<meta property=\"og:type\" content=\"article\" \/>\n<meta property=\"og:title\" content=\"Werte - SMATRA APAC Group\" \/>\n<meta property=\"og:description\" content=\"[vc_row nav_skin=&#8221;light&#8221; consent_include=&#8221;include&#8221;][vc_column css_animation=&#8221;&#8221;][vc_empty_space height=&#8221;80px&#8221;][vc_text_element typography=&#8221;{&#8220;font_family&#8220;:&#8220;1596475616913142&#8220;,&#8220;variants&#8220;:&#8220;500&#8220;,&#8220;subsets&#8220;:&#8220;devanagari&#8220;,&#8220;font_size&#8220;:&#8220;13px&#8220;}&#8221; css_animation=&#8221;&#8221;] HIERF\u00dcR STEHEN WIR [\/vc_text_element][vc_empty_space height=&#8221;10px&#8221;][vc_heading heading_text=&#8221;Werte definieren Personen &amp; Unternehmen&#8221; heading_wrapper=&#8221;h3&#8243; heading_color=&#8221;{&#8220;solid&#8220;:{&#8220;id&#8220;:&#8220;custom_color&#8220;,&#8220;color&#8220;:&#8220;rgba(0,32,96,1)&#8220;}}&#8221; heading_typography=&#8221;{&#8220;font_family&#8220;:&#8220;1596475607973655&#8220;,&#8220;variants&#8220;:&#8220;400&#8220;,&#8220;subsets&#8220;:&#8220;latin-ext&#8220;,&#8220;font_size&#8220;:&#8220;35px&#8220;,&#8220;line_height&#8220;:&#8220;1.2em&#8220;,&#8220;letter_spacing&#8220;:&#8220;-0.03em&#8220;}&#8221; css_animation=&#8221;&#8221;][vc_column_text]Eine starke Unternehmenskultur basiert auf klaren Werten, die das Umfeld schaffen, um einfach etwas zu bewirken und herausragende Ergebnisse f\u00fcr unsere Kunden zu erzielen. KUNDEN STEHEN IMMER AN ERSTER STELLE Was auch immer wir bei der SMATRA APAC Group tun, unsere Kunden stehen immer an erster Stelle. Wir arbeiten f\u00fcr unsere Kunden, um ihnen den&hellip; Continue Reading Werte\" \/>\n<meta property=\"og:url\" content=\"https:\/\/smatra-apac.com\/index.php\/werte\/?lang=de\" \/>\n<meta property=\"og:site_name\" content=\"SMATRA APAC Group\" \/>\n<meta property=\"article:modified_time\" content=\"2021-01-03T15:57:50+00:00\" \/>\n<meta property=\"og:image\" content=\"https:\/\/smatra-apac.com\/wp-content\/uploads\/2020\/08\/world-scaled.jpg\" \/>\n\t<meta property=\"og:image:width\" content=\"2560\" \/>\n\t<meta property=\"og:image:height\" content=\"1702\" \/>\n\t<meta property=\"og:image:type\" content=\"image\/jpeg\" \/>\n<meta name=\"twitter:card\" content=\"summary_large_image\" \/>\n<meta name=\"twitter:site\" content=\"@SMATRA_APAC\" \/>\n<meta name=\"twitter:label1\" content=\"Est. reading time\" \/>\n\t<meta name=\"twitter:data1\" content=\"2 minutes\" \/>\n<script type=\"application\/ld+json\" class=\"yoast-schema-graph\">{\"@context\":\"https:\\\/\\\/schema.org\",\"@graph\":[{\"@type\":\"WebPage\",\"@id\":\"https:\\\/\\\/smatra-apac.com\\\/index.php\\\/werte\\\/?lang=de\",\"url\":\"https:\\\/\\\/smatra-apac.com\\\/index.php\\\/werte\\\/?lang=de\",\"name\":\"Werte - SMATRA APAC Group\",\"isPartOf\":{\"@id\":\"https:\\\/\\\/smatra-apac.com\\\/#website\"},\"primaryImageOfPage\":{\"@id\":\"https:\\\/\\\/smatra-apac.com\\\/index.php\\\/werte\\\/?lang=de#primaryimage\"},\"image\":{\"@id\":\"https:\\\/\\\/smatra-apac.com\\\/index.php\\\/werte\\\/?lang=de#primaryimage\"},\"thumbnailUrl\":\"https:\\\/\\\/smatra-apac.com\\\/wp-content\\\/uploads\\\/2020\\\/08\\\/world-scaled.jpg\",\"datePublished\":\"2021-01-03T15:37:23+00:00\",\"dateModified\":\"2021-01-03T15:57:50+00:00\",\"breadcrumb\":{\"@id\":\"https:\\\/\\\/smatra-apac.com\\\/index.php\\\/werte\\\/?lang=de#breadcrumb\"},\"inLanguage\":\"en-US\",\"potentialAction\":[{\"@type\":\"ReadAction\",\"target\":[\"https:\\\/\\\/smatra-apac.com\\\/index.php\\\/werte\\\/?lang=de\"]}]},{\"@type\":\"ImageObject\",\"inLanguage\":\"en-US\",\"@id\":\"https:\\\/\\\/smatra-apac.com\\\/index.php\\\/werte\\\/?lang=de#primaryimage\",\"url\":\"https:\\\/\\\/smatra-apac.com\\\/wp-content\\\/uploads\\\/2020\\\/08\\\/world-scaled.jpg\",\"contentUrl\":\"https:\\\/\\\/smatra-apac.com\\\/wp-content\\\/uploads\\\/2020\\\/08\\\/world-scaled.jpg\",\"width\":2560,\"height\":1702},{\"@type\":\"BreadcrumbList\",\"@id\":\"https:\\\/\\\/smatra-apac.com\\\/index.php\\\/werte\\\/?lang=de#breadcrumb\",\"itemListElement\":[{\"@type\":\"ListItem\",\"position\":1,\"name\":\"Home\",\"item\":\"https:\\\/\\\/smatra-apac.com\\\/\"},{\"@type\":\"ListItem\",\"position\":2,\"name\":\"Werte\"}]},{\"@type\":\"WebSite\",\"@id\":\"https:\\\/\\\/smatra-apac.com\\\/#website\",\"url\":\"https:\\\/\\\/smatra-apac.com\\\/\",\"name\":\"SMATRA APAC Group\",\"description\":\"Your Strategic Link to Asia-Pacific\",\"publisher\":{\"@id\":\"https:\\\/\\\/smatra-apac.com\\\/#organization\"},\"potentialAction\":[{\"@type\":\"SearchAction\",\"target\":{\"@type\":\"EntryPoint\",\"urlTemplate\":\"https:\\\/\\\/smatra-apac.com\\\/?s={search_term_string}\"},\"query-input\":{\"@type\":\"PropertyValueSpecification\",\"valueRequired\":true,\"valueName\":\"search_term_string\"}}],\"inLanguage\":\"en-US\"},{\"@type\":\"Organization\",\"@id\":\"https:\\\/\\\/smatra-apac.com\\\/#organization\",\"name\":\"SMATRA APAC Group\",\"url\":\"https:\\\/\\\/smatra-apac.com\\\/\",\"logo\":{\"@type\":\"ImageObject\",\"inLanguage\":\"en-US\",\"@id\":\"https:\\\/\\\/smatra-apac.com\\\/#\\\/schema\\\/logo\\\/image\\\/\",\"url\":\"https:\\\/\\\/smatra-apac.com\\\/wp-content\\\/uploads\\\/2018\\\/03\\\/logo_footer_small_120.png\",\"contentUrl\":\"https:\\\/\\\/smatra-apac.com\\\/wp-content\\\/uploads\\\/2018\\\/03\\\/logo_footer_small_120.png\",\"width\":211,\"height\":188,\"caption\":\"SMATRA APAC Group\"},\"image\":{\"@id\":\"https:\\\/\\\/smatra-apac.com\\\/#\\\/schema\\\/logo\\\/image\\\/\"},\"sameAs\":[\"https:\\\/\\\/x.com\\\/SMATRA_APAC\"]}]}<\/script>\n<!-- \/ Yoast SEO plugin. -->","yoast_head_json":{"title":"Werte - SMATRA APAC Group","robots":{"index":"index","follow":"follow","max-snippet":"max-snippet:-1","max-image-preview":"max-image-preview:large","max-video-preview":"max-video-preview:-1"},"canonical":"https:\/\/smatra-apac.com\/index.php\/werte\/","og_locale":"en_US","og_type":"article","og_title":"Werte - SMATRA APAC Group","og_description":"[vc_row nav_skin=&#8221;light&#8221; consent_include=&#8221;include&#8221;][vc_column css_animation=&#8221;&#8221;][vc_empty_space height=&#8221;80px&#8221;][vc_text_element typography=&#8221;{&#8220;font_family&#8220;:&#8220;1596475616913142&#8220;,&#8220;variants&#8220;:&#8220;500&#8220;,&#8220;subsets&#8220;:&#8220;devanagari&#8220;,&#8220;font_size&#8220;:&#8220;13px&#8220;}&#8221; css_animation=&#8221;&#8221;] HIERF\u00dcR STEHEN WIR [\/vc_text_element][vc_empty_space height=&#8221;10px&#8221;][vc_heading heading_text=&#8221;Werte definieren Personen &amp; Unternehmen&#8221; heading_wrapper=&#8221;h3&#8243; heading_color=&#8221;{&#8220;solid&#8220;:{&#8220;id&#8220;:&#8220;custom_color&#8220;,&#8220;color&#8220;:&#8220;rgba(0,32,96,1)&#8220;}}&#8221; heading_typography=&#8221;{&#8220;font_family&#8220;:&#8220;1596475607973655&#8220;,&#8220;variants&#8220;:&#8220;400&#8220;,&#8220;subsets&#8220;:&#8220;latin-ext&#8220;,&#8220;font_size&#8220;:&#8220;35px&#8220;,&#8220;line_height&#8220;:&#8220;1.2em&#8220;,&#8220;letter_spacing&#8220;:&#8220;-0.03em&#8220;}&#8221; css_animation=&#8221;&#8221;][vc_column_text]Eine starke Unternehmenskultur basiert auf klaren Werten, die das Umfeld schaffen, um einfach etwas zu bewirken und herausragende Ergebnisse f\u00fcr unsere Kunden zu erzielen. KUNDEN STEHEN IMMER AN ERSTER STELLE Was auch immer wir bei der SMATRA APAC Group tun, unsere Kunden stehen immer an erster Stelle. Wir arbeiten f\u00fcr unsere Kunden, um ihnen den&hellip; Continue Reading Werte","og_url":"https:\/\/smatra-apac.com\/index.php\/werte\/?lang=de","og_site_name":"SMATRA APAC Group","article_modified_time":"2021-01-03T15:57:50+00:00","og_image":[{"width":2560,"height":1702,"url":"https:\/\/smatra-apac.com\/wp-content\/uploads\/2020\/08\/world-scaled.jpg","type":"image\/jpeg"}],"twitter_card":"summary_large_image","twitter_site":"@SMATRA_APAC","twitter_misc":{"Est. reading time":"2 minutes"},"schema":{"@context":"https:\/\/schema.org","@graph":[{"@type":"WebPage","@id":"https:\/\/smatra-apac.com\/index.php\/werte\/?lang=de","url":"https:\/\/smatra-apac.com\/index.php\/werte\/?lang=de","name":"Werte - SMATRA APAC Group","isPartOf":{"@id":"https:\/\/smatra-apac.com\/#website"},"primaryImageOfPage":{"@id":"https:\/\/smatra-apac.com\/index.php\/werte\/?lang=de#primaryimage"},"image":{"@id":"https:\/\/smatra-apac.com\/index.php\/werte\/?lang=de#primaryimage"},"thumbnailUrl":"https:\/\/smatra-apac.com\/wp-content\/uploads\/2020\/08\/world-scaled.jpg","datePublished":"2021-01-03T15:37:23+00:00","dateModified":"2021-01-03T15:57:50+00:00","breadcrumb":{"@id":"https:\/\/smatra-apac.com\/index.php\/werte\/?lang=de#breadcrumb"},"inLanguage":"en-US","potentialAction":[{"@type":"ReadAction","target":["https:\/\/smatra-apac.com\/index.php\/werte\/?lang=de"]}]},{"@type":"ImageObject","inLanguage":"en-US","@id":"https:\/\/smatra-apac.com\/index.php\/werte\/?lang=de#primaryimage","url":"https:\/\/smatra-apac.com\/wp-content\/uploads\/2020\/08\/world-scaled.jpg","contentUrl":"https:\/\/smatra-apac.com\/wp-content\/uploads\/2020\/08\/world-scaled.jpg","width":2560,"height":1702},{"@type":"BreadcrumbList","@id":"https:\/\/smatra-apac.com\/index.php\/werte\/?lang=de#breadcrumb","itemListElement":[{"@type":"ListItem","position":1,"name":"Home","item":"https:\/\/smatra-apac.com\/"},{"@type":"ListItem","position":2,"name":"Werte"}]},{"@type":"WebSite","@id":"https:\/\/smatra-apac.com\/#website","url":"https:\/\/smatra-apac.com\/","name":"SMATRA APAC Group","description":"Your Strategic Link to Asia-Pacific","publisher":{"@id":"https:\/\/smatra-apac.com\/#organization"},"potentialAction":[{"@type":"SearchAction","target":{"@type":"EntryPoint","urlTemplate":"https:\/\/smatra-apac.com\/?s={search_term_string}"},"query-input":{"@type":"PropertyValueSpecification","valueRequired":true,"valueName":"search_term_string"}}],"inLanguage":"en-US"},{"@type":"Organization","@id":"https:\/\/smatra-apac.com\/#organization","name":"SMATRA APAC Group","url":"https:\/\/smatra-apac.com\/","logo":{"@type":"ImageObject","inLanguage":"en-US","@id":"https:\/\/smatra-apac.com\/#\/schema\/logo\/image\/","url":"https:\/\/smatra-apac.com\/wp-content\/uploads\/2018\/03\/logo_footer_small_120.png","contentUrl":"https:\/\/smatra-apac.com\/wp-content\/uploads\/2018\/03\/logo_footer_small_120.png","width":211,"height":188,"caption":"SMATRA APAC Group"},"image":{"@id":"https:\/\/smatra-apac.com\/#\/schema\/logo\/image\/"},"sameAs":["https:\/\/x.com\/SMATRA_APAC"]}]}},"jetpack_sharing_enabled":true,"_links":{"self":[{"href":"https:\/\/smatra-apac.com\/index.php\/wp-json\/wp\/v2\/pages\/1460","targetHints":{"allow":["GET"]}}],"collection":[{"href":"https:\/\/smatra-apac.com\/index.php\/wp-json\/wp\/v2\/pages"}],"about":[{"href":"https:\/\/smatra-apac.com\/index.php\/wp-json\/wp\/v2\/types\/page"}],"author":[{"embeddable":true,"href":"https:\/\/smatra-apac.com\/index.php\/wp-json\/wp\/v2\/users\/2"}],"replies":[{"embeddable":true,"href":"https:\/\/smatra-apac.com\/index.php\/wp-json\/wp\/v2\/comments?post=1460"}],"version-history":[{"count":4,"href":"https:\/\/smatra-apac.com\/index.php\/wp-json\/wp\/v2\/pages\/1460\/revisions"}],"predecessor-version":[{"id":1468,"href":"https:\/\/smatra-apac.com\/index.php\/wp-json\/wp\/v2\/pages\/1460\/revisions\/1468"}],"wp:featuredmedia":[{"embeddable":true,"href":"https:\/\/smatra-apac.com\/index.php\/wp-json\/wp\/v2\/media\/1465"}],"wp:attachment":[{"href":"https:\/\/smatra-apac.com\/index.php\/wp-json\/wp\/v2\/media?parent=1460"}],"curies":[{"name":"wp","href":"https:\/\/api.w.org\/{rel}","templated":true}]}}