{"id":1838,"date":"2020-07-31T08:41:53","date_gmt":"2020-07-31T08:41:53","guid":{"rendered":"https:\/\/smatra-apac.com\/index.php\/china\/"},"modified":"2025-01-26T01:25:18","modified_gmt":"2025-01-26T01:25:18","slug":"china","status":"publish","type":"page","link":"https:\/\/smatra-apac.com\/index.php\/china\/?lang=de","title":{"rendered":"China"},"content":{"rendered":"<div class=\"wpb-content-wrapper\"><p>[vc_row nav_skin=&#8221;light&#8221; consent_include=&#8221;include&#8221;][vc_column width=&#8221;1\/2&#8243; css_animation=&#8221;&#8221;][vc_empty_space height=&#8221;80px&#8221;][vc_heading heading_text=&#8221;Lieferkettenmanagement<br \/>\nin China&#8221; heading_wrapper=&#8221;h3&#8243; heading_color=&#8221;{&#8220;solid&#8220;:{&#8220;id&#8220;:&#8220;custom_color&#8220;,&#8220;color&#8220;:&#8220;rgba(0,32,96,1)&#8220;}}&#8221; heading_typography=&#8221;{&#8220;font_family&#8220;:&#8220;1596475607973655&#8220;,&#8220;variants&#8220;:&#8220;400&#8220;,&#8220;subsets&#8220;:&#8220;latin-ext&#8220;,&#8220;font_size&#8220;:&#8220;35px&#8220;,&#8220;line_height&#8220;:&#8220;1.2em&#8220;,&#8220;letter_spacing&#8220;:&#8220;-0.03em&#8220;}&#8221; css_animation=&#8221;&#8221;][vc_column_text]Die SMATRA-Gruppe in China bietet eine breite Palette von Dienstleistungen mit Schwerpunkt auf dem Supply-Chain-Management an, um sicherzustellen, dass Ihr Unternehmen tats\u00e4chlich langfristige Gesch\u00e4ftsbeziehungen mit gegenseitigen Vorteilen f\u00fcr Sie und Ihren Gesch\u00e4ftspartner in China oder der asiatisch-pazifischen Region aufbauen kann.<\/p>\n<p>China, ber\u00fchmt f\u00fcr seine Einstufung als einer der innovativsten M\u00e4rkte der Welt und als gr\u00f6\u00dfte Produktionsbasis der Welt, ist f\u00fcr die meisten Marken ein wichtiger Markt f\u00fcr ihre Gesch\u00e4ftsentwicklung in der asiatisch-pazifischen Region. Bei der SMATRA-Gruppe haben wir ein sehr engagiertes Team mit Sitz in Foshan, das seine Expertise f\u00fcr Ihre Lieferkette bereitstellt.<\/p>\n<ul>\n<li>Lieferkettenstrategie<\/li>\n<li>Lieferkettenberatung<\/li>\n<li>Lieferketten-Dienstleistungen<\/li>\n<\/ul>\n<p>[\/vc_column_text][vc_empty_space height=&#8221;40px&#8221;][\/vc_column][vc_column width=&#8221;1\/2&#8243; css_animation=&#8221;&#8221;][vc_empty_space height=&#8221;40px&#8221;][vc_single_image image=&#8221;1846&#8243; img_size=&#8221;large&#8221;][\/vc_column][\/vc_row][vc_row custom_bg_type=&#8221;image&#8221; custom_bg_cover=&#8221;cover&#8221; custom_bg_repeat=&#8221;no-repeat&#8221; custom_bg_position=&#8221;Center center&#8221; nav_skin=&#8221;light&#8221; consent_include=&#8221;include&#8221; custom_bg_image=&#8221;710&#8243;][vc_column width=&#8221;1\/2&#8243; css_animation=&#8221;&#8221;][vc_empty_space height=&#8221;20px&#8221;][vc_text_element typography=&#8221;{&#8220;font_family&#8220;:&#8220;1596475616913142&#8220;,&#8220;variants&#8220;:&#8220;500&#8220;,&#8220;subsets&#8220;:&#8220;devanagari&#8220;,&#8220;font_size&#8220;:&#8220;13px&#8220;}&#8221; css_animation=&#8221;&#8221;]<\/p>\n<p style=\"text-align: left;\"><span style=\"color: #ffffff;\"> EXPERTISE &amp; ERFAHRUNG<\/span><\/p>\n<p>[\/vc_text_element][vc_heading heading_text=&#8221;Umfassende Lieferketten-Expertise, unterst\u00fctzt durch Big Data&#8221; heading_wrapper=&#8221;h3&#8243; heading_color=&#8221;{&#8220;solid&#8220;:{&#8220;id&#8220;:&#8220;custom_color&#8220;,&#8220;color&#8220;:&#8220;rgba(255,255,255,1)&#8220;}}&#8221; heading_typography=&#8221;{&#8220;font_family&#8220;:&#8220;1596475607973655&#8220;,&#8220;variants&#8220;:&#8220;400&#8220;,&#8220;subsets&#8220;:&#8220;latin-ext&#8220;,&#8220;font_size&#8220;:&#8220;35px&#8220;,&#8220;line_height&#8220;:&#8220;1.2em&#8220;,&#8220;letter_spacing&#8220;:&#8220;-0.03em&#8220;}&#8221; css_animation=&#8221;&#8221;][vc_text_element css_animation=&#8221;&#8221; color=&#8221;{&#8220;id&#8220;:&#8220;custom_color&#8220;,&#8220;color&#8220;:&#8220;rgba(255,255,255,1)&#8220;}&#8221;]Wir beraten f\u00fchrende Unternehmen verschiedener Branchen, um ihren Beschaffungsstandard in einen nachhaltigeren und kosteneffektiveren Prozess zu verbessern. Eine Kombination aus ma\u00dfgeschneiderten Datensystemen und pers\u00f6nlich ausgew\u00e4hlten Gesch\u00e4ftspartnern in verschiedenen Regionen des asiatisch-pazifischen Raums hat die Effizienz unserer Kunden gesteigert.[\/vc_text_element][\/vc_column][vc_column width=&#8221;1\/2&#8243; css_animation=&#8221;&#8221;][vc_empty_space height=&#8221;10px&#8221;][vc_service style=&#8221;left&#8221; heading=&#8221;Lieferketten Beratung&#8221; heading_typography=&#8221;{&#8220;font_family&#8220;:&#8220;1596475616913142&#8220;,&#8220;variants&#8220;:&#8220;400&#8220;,&#8220;subsets&#8220;:&#8220;latin-ext&#8220;,&#8220;font_size&#8220;:&#8220;16px&#8220;}&#8221; css_animation=&#8221;&#8221; icon=&#8221;{&#8220;font&#8220;:&#8220;fontawesome&#8220;,&#8220;icon&#8220;:&#8220;fas fa-chart-pie&#8220;}&#8221; bullet_color=&#8221;{&#8220;solid&#8220;:{&#8220;id&#8220;:&#8220;custom_color&#8220;,&#8220;color&#8220;:&#8220;rgba(255,255,255,1)&#8220;}}&#8221; title_color=&#8221;{&#8220;solid&#8220;:{&#8220;id&#8220;:&#8220;custom_color&#8220;,&#8220;color&#8220;:&#8220;rgba(255,255,255,1)&#8220;}}&#8221; descr_color=&#8221;{&#8220;id&#8220;:&#8220;custom_color&#8220;,&#8220;color&#8220;:&#8220;rgba(255,255,255,1)&#8220;}&#8221;]Aufbau einer widerstandsf\u00e4higen internationalen Lieferkette in der asiatisch-pazifischen Region ohne Abh\u00e4ngigkeit von einem einzigen Markt.[\/vc_service][vc_empty_space height=&#8221;20px&#8221;][vc_service style=&#8221;left&#8221; heading=&#8221;Lieferketten Strategie&#8221; heading_typography=&#8221;{&#8220;font_family&#8220;:&#8220;1596475616913142&#8220;,&#8220;variants&#8220;:&#8220;400&#8220;,&#8220;subsets&#8220;:&#8220;latin-ext&#8220;,&#8220;font_size&#8220;:&#8220;16px&#8220;}&#8221; css_animation=&#8221;&#8221; icon=&#8221;{&#8220;font&#8220;:&#8220;fontawesome&#8220;,&#8220;icon&#8220;:&#8220;fas fa-chess-knight&#8220;}&#8221; bullet_color=&#8221;{&#8220;solid&#8220;:{&#8220;id&#8220;:&#8220;custom_color&#8220;,&#8220;color&#8220;:&#8220;rgba(255,255,255,1)&#8220;}}&#8221; title_color=&#8221;{&#8220;solid&#8220;:{&#8220;id&#8220;:&#8220;custom_color&#8220;,&#8220;color&#8220;:&#8220;rgba(255,255,255,1)&#8220;}}&#8221; descr_color=&#8221;{&#8220;id&#8220;:&#8220;custom_color&#8220;,&#8220;color&#8220;:&#8220;rgba(255,255,255,1)&#8220;}&#8221;]Optimierung Ihrer Lieferkette f\u00fcr die Zusammenarbeit mit der asiatisch-pazifischen Region und einem nachhaltigen Fokus.[\/vc_service][vc_empty_space height=&#8221;20px&#8221;][vc_service style=&#8221;left&#8221; heading=&#8221;Lieferketten-Services&#8221; heading_typography=&#8221;{&#8220;font_family&#8220;:&#8220;1596475616913142&#8220;,&#8220;variants&#8220;:&#8220;400&#8220;,&#8220;subsets&#8220;:&#8220;latin-ext&#8220;,&#8220;font_size&#8220;:&#8220;16px&#8220;}&#8221; css_animation=&#8221;&#8221; icon=&#8221;{&#8220;font&#8220;:&#8220;fontawesome&#8220;,&#8220;icon&#8220;:&#8220;fas fa-tasks&#8220;}&#8221; bullet_color=&#8221;{&#8220;solid&#8220;:{&#8220;id&#8220;:&#8220;custom_color&#8220;,&#8220;color&#8220;:&#8220;rgba(255,255,255,1)&#8220;}}&#8221; title_color=&#8221;{&#8220;solid&#8220;:{&#8220;id&#8220;:&#8220;custom_color&#8220;,&#8220;color&#8220;:&#8220;rgba(255,255,255,1)&#8220;}}&#8221; descr_color=&#8221;{&#8220;id&#8220;:&#8220;custom_color&#8220;,&#8220;color&#8220;:&#8220;rgba(255,255,255,1)&#8220;}&#8221;]Beschaffung, Planung und Prognose, Management von Lieferketten-Daten und Logistik-Management. Bei der SMATRA Group konzentrieren wir uns auf alle Daten, um Ihr Gesch\u00e4ft zu verbessern.[\/vc_service][\/vc_column][\/vc_row][vc_row nav_skin=&#8221;light&#8221; consent_include=&#8221;include&#8221;][vc_column css_animation=&#8221;&#8221;][vc_empty_space height=&#8221;40px&#8221;][\/vc_column][\/vc_row][vc_row nav_skin=&#8221;light&#8221; consent_include=&#8221;include&#8221;][vc_column width=&#8221;1\/3&#8243; css_animation=&#8221;&#8221;][vc_single_image image=&#8221;2032&#8243;][vc_empty_space height=&#8221;20px&#8221;][vc_heading heading_text=&#8221;Lieferketten Beratung&#8221; heading_wrapper=&#8221;h1&#8243; heading_color=&#8221;{&#8220;solid&#8220;:{&#8220;id&#8220;:&#8220;custom_color&#8220;,&#8220;color&#8220;:&#8220;rgba(0,32,96,1)&#8220;}}&#8221; heading_typography=&#8221;{&#8220;font_family&#8220;:&#8220;1596475616913142&#8220;,&#8220;variants&#8220;:&#8220;500&#8220;,&#8220;subsets&#8220;:&#8220;latin-ext&#8220;,&#8220;font_size&#8220;:&#8220;16px&#8220;}&#8221; css_animation=&#8221;&#8221;][vc_text_element css_animation=&#8221;&#8221; color=&#8221;{&#8220;id&#8220;:&#8220;Overlay color&#8220;,&#8220;color&#8220;:&#8220;rgba(25, 32, 50, 0.7)&#8220;}&#8221;]<\/p>\n<p style=\"text-align: left;\">Moderne Lieferketten sind intern miteinander verbunden und somit auch anf\u00e4llig. Der Aufbau einer widerstandsf\u00e4higen internationalen Lieferkette unterst\u00fctzt Ihr lokales Gesch\u00e4ft, jedoch k\u00f6nnen Sie nicht alle M\u00e4rkte untersuchen, w\u00e4hrend Sie Ihr Gesch\u00e4ft auf die n\u00e4chste Ebene bringen. Wir m\u00f6chten sicherstellen, dass Sie durch die Untersuchung Ihrer Lieferkette Ihren Wettbewerbsvorteil aufrechterhalten k\u00f6nnen. Eine kontinuierliche Entwicklung Ihrer Lieferkette entsprechend Ihrer Marke und mit der ben\u00f6tigten Flexibilit\u00e4t wird ein nachhaltiges und profitables Wachstum vorantreiben, auch wenn Sie pl\u00f6tzlichen, dramatischen Ver\u00e4nderungen gegen\u00fcberstehen.<\/p>\n<p>[\/vc_text_element][\/vc_column][vc_column width=&#8221;1\/3&#8243; css_animation=&#8221;&#8221;][vc_single_image image=&#8221;2034&#8243;][vc_empty_space height=&#8221;20px&#8221;][vc_heading heading_text=&#8221;Lieferketten Strategie&#8221; heading_wrapper=&#8221;h1&#8243; heading_color=&#8221;{&#8220;solid&#8220;:{&#8220;id&#8220;:&#8220;custom_color&#8220;,&#8220;color&#8220;:&#8220;rgba(0,32,96,1)&#8220;}}&#8221; heading_typography=&#8221;{&#8220;font_family&#8220;:&#8220;1596475616913142&#8220;,&#8220;variants&#8220;:&#8220;500&#8220;,&#8220;subsets&#8220;:&#8220;latin-ext&#8220;,&#8220;font_size&#8220;:&#8220;16px&#8220;}&#8221; css_animation=&#8221;&#8221;][vc_text_element css_animation=&#8221;&#8221; color=&#8221;{&#8220;id&#8220;:&#8220;Overlay color&#8220;,&#8220;color&#8220;:&#8220;rgba(25, 32, 50, 0.7)&#8220;}&#8221;]<\/p>\n<p style=\"text-align: left;\">Als Gesch\u00e4ftsf\u00fchrer m\u00fcssen Sie in einer komplexen globalen Umgebung widerstandsf\u00e4hige Lieferketten aufbauen und aufrechterhalten. Es geht nie darum, sich auf einen Standort f\u00fcr Ihre Gesch\u00e4ftsabl\u00e4ufe zu verlassen, sondern diese \u00fcber Kontinente hinweg f\u00fcr Ihr internationales Gesch\u00e4ft zu verteilen. Bei der SMATRA Group entwickeln und \u00fcbernehmen wir robuste Lieferkettenstrategien, die flexibel genug sind, um schnell auf Ver\u00e4nderungen in der Gesch\u00e4ftsumgebung zu reagieren. Wie k\u00f6nnen wir das tun? Wir nutzen Millionen von Datens\u00e4tzen und analysieren diese f\u00fcr Sie. Wir entwerfen, entwickeln und implementieren Lieferkettenstrategien, die widerstandsf\u00e4hige Lieferketten f\u00fcr Ihr Unternehmen schaffen.<\/p>\n<p>[\/vc_text_element][\/vc_column][vc_column width=&#8221;1\/3&#8243; css_animation=&#8221;&#8221;][vc_single_image image=&#8221;2036&#8243;][vc_empty_space height=&#8221;20px&#8221;][vc_heading heading_text=&#8221;Lieferketten-Services&#8221; heading_wrapper=&#8221;h1&#8243; heading_color=&#8221;{&#8220;solid&#8220;:{&#8220;id&#8220;:&#8220;custom_color&#8220;,&#8220;color&#8220;:&#8220;rgba(0,32,96,1)&#8220;}}&#8221; heading_typography=&#8221;{&#8220;font_family&#8220;:&#8220;1596475616913142&#8220;,&#8220;variants&#8220;:&#8220;500&#8220;,&#8220;subsets&#8220;:&#8220;latin-ext&#8220;,&#8220;font_size&#8220;:&#8220;16px&#8220;}&#8221; css_animation=&#8221;&#8221;][vc_text_element css_animation=&#8221;&#8221; color=&#8221;{&#8220;id&#8220;:&#8220;Overlay color&#8220;,&#8220;color&#8220;:&#8220;rgba(25, 32, 50, 0.7)&#8220;}&#8221;]Bei der SMATRA Group bieten wir ein umfassendes Portfolio an Outsourcing-Services f\u00fcr die Lieferkette an, um die Rentabilit\u00e4t Ihres Unternehmens zu steigern. Nur ma\u00dfgeschneiderte Lieferkettenl\u00f6sungen f\u00fcr die Region Asien-Pazifik entsprechend Ihrer Gesch\u00e4ftsstrategie k\u00f6nnen Ihre Anforderungen erf\u00fcllen. Zu den Dienstleistungen geh\u00f6ren Beschaffung, Planung und Prognose, Management von Lieferketten-Daten und Logistikmanagement. Wir gehen ins Detail mit Lieferanten &#8211; ob es sich um Umfang, Preisgestaltung, Tempo, Verpackung oder Bedingungen handelt. Fast zwei Jahrzehnte internationale Erfahrung mit Marktf\u00fchrern und Best-Practice-Methoden stehen zur Unterst\u00fctzung Ihres Unternehmens zur Verf\u00fcgung.[\/vc_text_element][\/vc_column][\/vc_row][vc_row nav_skin=&#8221;light&#8221; consent_include=&#8221;include&#8221; el_design=&#8221;{&#8220;desktop&#8220;:{&#8220;margin-top&#8220;:&#8220;-20&#8220;,&#8220;shift-vertical&#8220;:-20}}&#8221;][vc_column css_animation=&#8221;&#8221;][vc_text_element css_animation=&#8221;&#8221; color=&#8221;{&#8220;id&#8220;:&#8220;Overlay color&#8220;,&#8220;color&#8220;:&#8220;rgba(25, 32, 50, 0.7)&#8220;}&#8221;]<\/p>\n<div class=\"wpb_text_column wpb_content_element \">\n<div class=\"wpb_wrapper\">\n<p>Kontaktieren Sie uns f\u00fcr Ihre gesch\u00e4ftlichen Anfragen zur Unterst\u00fctzung Ihrer Lieferkette. Marktexperten mit Sitz in Foshan, Guangdong, China, werden sich innerhalb von 24 Stunden mit Ihnen in Verbindung setzen. Wir freuen uns darauf, Ihre Fragen zu beantworten und Ihre Gesch\u00e4ftserweiterung zu unterst\u00fctzen.<\/p>\n<\/div>\n<\/div>\n<p>[\/vc_text_element][\/vc_column][\/vc_row][vc_row nav_skin=&#8221;light&#8221; consent_include=&#8221;include&#8221;][vc_column css_animation=&#8221;&#8221;][vc_empty_space height=&#8221;15px&#8221;][\/vc_column][\/vc_row]<\/p>\n<\/div>","protected":false},"excerpt":{"rendered":"<p>[vc_row nav_skin=&#8221;light&#8221; consent_include=&#8221;include&#8221;][vc_column width=&#8221;1\/2&#8243; css_animation=&#8221;&#8221;][vc_empty_space height=&#8221;80px&#8221;][vc_heading heading_text=&#8221;Lieferkettenmanagement in China&#8221; heading_wrapper=&#8221;h3&#8243; heading_color=&#8221;{&#8220;solid&#8220;:{&#8220;id&#8220;:&#8220;custom_color&#8220;,&#8220;color&#8220;:&#8220;rgba(0,32,96,1)&#8220;}}&#8221; heading_typography=&#8221;{&#8220;font_family&#8220;:&#8220;1596475607973655&#8220;,&#8220;variants&#8220;:&#8220;400&#8220;,&#8220;subsets&#8220;:&#8220;latin-ext&#8220;,&#8220;font_size&#8220;:&#8220;35px&#8220;,&#8220;line_height&#8220;:&#8220;1.2em&#8220;,&#8220;letter_spacing&#8220;:&#8220;-0.03em&#8220;}&#8221; css_animation=&#8221;&#8221;][vc_column_text]Die SMATRA-Gruppe in China bietet eine breite Palette von Dienstleistungen mit Schwerpunkt auf dem Supply-Chain-Management an, um sicherzustellen, dass Ihr Unternehmen tats\u00e4chlich langfristige Gesch\u00e4ftsbeziehungen mit gegenseitigen Vorteilen f\u00fcr Sie und Ihren Gesch\u00e4ftspartner in China oder der asiatisch-pazifischen Region aufbauen kann. China, ber\u00fchmt f\u00fcr seine Einstufung als einer der innovativsten M\u00e4rkte der Welt und als gr\u00f6\u00dfte Produktionsbasis der Welt, ist f\u00fcr die meisten Marken&hellip; <a class=\"continue\" href=\"https:\/\/smatra-apac.com\/index.php\/china\/?lang=de\">Continue Reading<span> China<\/span><\/a><\/p>\n","protected":false},"author":2,"featured_media":1840,"parent":0,"menu_order":0,"comment_status":"closed","ping_status":"closed","template":"","meta":{"inline_featured_image":false,"footnotes":""},"class_list":["post-1838","page","type-page","status-publish","has-post-thumbnail","hentry"],"yoast_head":"<!-- This site is optimized with the Yoast SEO plugin v27.3 - https:\/\/yoast.com\/product\/yoast-seo-wordpress\/ -->\n<title>China - SMATRA APAC Group<\/title>\n<meta name=\"robots\" content=\"index, follow, max-snippet:-1, max-image-preview:large, max-video-preview:-1\" \/>\n<link rel=\"canonical\" href=\"https:\/\/smatra-apac.com\/index.php\/china\/\" \/>\n<meta property=\"og:locale\" content=\"en_US\" \/>\n<meta property=\"og:type\" content=\"article\" \/>\n<meta property=\"og:title\" content=\"China - SMATRA APAC Group\" \/>\n<meta property=\"og:description\" content=\"[vc_row nav_skin=&#8221;light&#8221; consent_include=&#8221;include&#8221;][vc_column width=&#8221;1\/2&#8243; css_animation=&#8221;&#8221;][vc_empty_space height=&#8221;80px&#8221;][vc_heading heading_text=&#8221;Lieferkettenmanagement in China&#8221; heading_wrapper=&#8221;h3&#8243; heading_color=&#8221;{&#8220;solid&#8220;:{&#8220;id&#8220;:&#8220;custom_color&#8220;,&#8220;color&#8220;:&#8220;rgba(0,32,96,1)&#8220;}}&#8221; heading_typography=&#8221;{&#8220;font_family&#8220;:&#8220;1596475607973655&#8220;,&#8220;variants&#8220;:&#8220;400&#8220;,&#8220;subsets&#8220;:&#8220;latin-ext&#8220;,&#8220;font_size&#8220;:&#8220;35px&#8220;,&#8220;line_height&#8220;:&#8220;1.2em&#8220;,&#8220;letter_spacing&#8220;:&#8220;-0.03em&#8220;}&#8221; css_animation=&#8221;&#8221;][vc_column_text]Die SMATRA-Gruppe in China bietet eine breite Palette von Dienstleistungen mit Schwerpunkt auf dem Supply-Chain-Management an, um sicherzustellen, dass Ihr Unternehmen tats\u00e4chlich langfristige Gesch\u00e4ftsbeziehungen mit gegenseitigen Vorteilen f\u00fcr Sie und Ihren Gesch\u00e4ftspartner in China oder der asiatisch-pazifischen Region aufbauen kann. China, ber\u00fchmt f\u00fcr seine Einstufung als einer der innovativsten M\u00e4rkte der Welt und als gr\u00f6\u00dfte Produktionsbasis der Welt, ist f\u00fcr die meisten Marken&hellip; Continue Reading China\" \/>\n<meta property=\"og:url\" content=\"https:\/\/smatra-apac.com\/index.php\/china\/?lang=de\" \/>\n<meta property=\"og:site_name\" content=\"SMATRA APAC Group\" \/>\n<meta property=\"article:modified_time\" content=\"2025-01-26T01:25:18+00:00\" \/>\n<meta property=\"og:image\" content=\"https:\/\/smatra-apac.com\/wp-content\/uploads\/2020\/07\/banner_small_china.jpg\" \/>\n\t<meta property=\"og:image:width\" content=\"1010\" \/>\n\t<meta property=\"og:image:height\" content=\"238\" \/>\n\t<meta property=\"og:image:type\" content=\"image\/jpeg\" \/>\n<meta name=\"twitter:card\" content=\"summary_large_image\" \/>\n<meta name=\"twitter:site\" content=\"@SMATRA_APAC\" \/>\n<meta name=\"twitter:label1\" content=\"Est. reading time\" \/>\n\t<meta name=\"twitter:data1\" content=\"3 minutes\" \/>\n<script type=\"application\/ld+json\" class=\"yoast-schema-graph\">{\"@context\":\"https:\\\/\\\/schema.org\",\"@graph\":[{\"@type\":\"WebPage\",\"@id\":\"https:\\\/\\\/smatra-apac.com\\\/index.php\\\/china\\\/?lang=de\",\"url\":\"https:\\\/\\\/smatra-apac.com\\\/index.php\\\/china\\\/?lang=de\",\"name\":\"China - SMATRA APAC Group\",\"isPartOf\":{\"@id\":\"https:\\\/\\\/smatra-apac.com\\\/#website\"},\"primaryImageOfPage\":{\"@id\":\"https:\\\/\\\/smatra-apac.com\\\/index.php\\\/china\\\/?lang=de#primaryimage\"},\"image\":{\"@id\":\"https:\\\/\\\/smatra-apac.com\\\/index.php\\\/china\\\/?lang=de#primaryimage\"},\"thumbnailUrl\":\"https:\\\/\\\/smatra-apac.com\\\/wp-content\\\/uploads\\\/2020\\\/07\\\/banner_small_china.jpg\",\"datePublished\":\"2020-07-31T08:41:53+00:00\",\"dateModified\":\"2025-01-26T01:25:18+00:00\",\"breadcrumb\":{\"@id\":\"https:\\\/\\\/smatra-apac.com\\\/index.php\\\/china\\\/?lang=de#breadcrumb\"},\"inLanguage\":\"en-US\",\"potentialAction\":[{\"@type\":\"ReadAction\",\"target\":[\"https:\\\/\\\/smatra-apac.com\\\/index.php\\\/china\\\/?lang=de\"]}]},{\"@type\":\"ImageObject\",\"inLanguage\":\"en-US\",\"@id\":\"https:\\\/\\\/smatra-apac.com\\\/index.php\\\/china\\\/?lang=de#primaryimage\",\"url\":\"https:\\\/\\\/smatra-apac.com\\\/wp-content\\\/uploads\\\/2020\\\/07\\\/banner_small_china.jpg\",\"contentUrl\":\"https:\\\/\\\/smatra-apac.com\\\/wp-content\\\/uploads\\\/2020\\\/07\\\/banner_small_china.jpg\",\"width\":1010,\"height\":238},{\"@type\":\"BreadcrumbList\",\"@id\":\"https:\\\/\\\/smatra-apac.com\\\/index.php\\\/china\\\/?lang=de#breadcrumb\",\"itemListElement\":[{\"@type\":\"ListItem\",\"position\":1,\"name\":\"Home\",\"item\":\"https:\\\/\\\/smatra-apac.com\\\/\"},{\"@type\":\"ListItem\",\"position\":2,\"name\":\"China\"}]},{\"@type\":\"WebSite\",\"@id\":\"https:\\\/\\\/smatra-apac.com\\\/#website\",\"url\":\"https:\\\/\\\/smatra-apac.com\\\/\",\"name\":\"SMATRA APAC Group\",\"description\":\"Your Strategic Link to Asia-Pacific\",\"publisher\":{\"@id\":\"https:\\\/\\\/smatra-apac.com\\\/#organization\"},\"potentialAction\":[{\"@type\":\"SearchAction\",\"target\":{\"@type\":\"EntryPoint\",\"urlTemplate\":\"https:\\\/\\\/smatra-apac.com\\\/?s={search_term_string}\"},\"query-input\":{\"@type\":\"PropertyValueSpecification\",\"valueRequired\":true,\"valueName\":\"search_term_string\"}}],\"inLanguage\":\"en-US\"},{\"@type\":\"Organization\",\"@id\":\"https:\\\/\\\/smatra-apac.com\\\/#organization\",\"name\":\"SMATRA APAC Group\",\"url\":\"https:\\\/\\\/smatra-apac.com\\\/\",\"logo\":{\"@type\":\"ImageObject\",\"inLanguage\":\"en-US\",\"@id\":\"https:\\\/\\\/smatra-apac.com\\\/#\\\/schema\\\/logo\\\/image\\\/\",\"url\":\"https:\\\/\\\/smatra-apac.com\\\/wp-content\\\/uploads\\\/2018\\\/03\\\/logo_footer_small_120.png\",\"contentUrl\":\"https:\\\/\\\/smatra-apac.com\\\/wp-content\\\/uploads\\\/2018\\\/03\\\/logo_footer_small_120.png\",\"width\":211,\"height\":188,\"caption\":\"SMATRA APAC Group\"},\"image\":{\"@id\":\"https:\\\/\\\/smatra-apac.com\\\/#\\\/schema\\\/logo\\\/image\\\/\"},\"sameAs\":[\"https:\\\/\\\/x.com\\\/SMATRA_APAC\"]}]}<\/script>\n<!-- \/ Yoast SEO plugin. -->","yoast_head_json":{"title":"China - SMATRA APAC Group","robots":{"index":"index","follow":"follow","max-snippet":"max-snippet:-1","max-image-preview":"max-image-preview:large","max-video-preview":"max-video-preview:-1"},"canonical":"https:\/\/smatra-apac.com\/index.php\/china\/","og_locale":"en_US","og_type":"article","og_title":"China - SMATRA APAC Group","og_description":"[vc_row nav_skin=&#8221;light&#8221; consent_include=&#8221;include&#8221;][vc_column width=&#8221;1\/2&#8243; css_animation=&#8221;&#8221;][vc_empty_space height=&#8221;80px&#8221;][vc_heading heading_text=&#8221;Lieferkettenmanagement in China&#8221; heading_wrapper=&#8221;h3&#8243; heading_color=&#8221;{&#8220;solid&#8220;:{&#8220;id&#8220;:&#8220;custom_color&#8220;,&#8220;color&#8220;:&#8220;rgba(0,32,96,1)&#8220;}}&#8221; heading_typography=&#8221;{&#8220;font_family&#8220;:&#8220;1596475607973655&#8220;,&#8220;variants&#8220;:&#8220;400&#8220;,&#8220;subsets&#8220;:&#8220;latin-ext&#8220;,&#8220;font_size&#8220;:&#8220;35px&#8220;,&#8220;line_height&#8220;:&#8220;1.2em&#8220;,&#8220;letter_spacing&#8220;:&#8220;-0.03em&#8220;}&#8221; css_animation=&#8221;&#8221;][vc_column_text]Die SMATRA-Gruppe in China bietet eine breite Palette von Dienstleistungen mit Schwerpunkt auf dem Supply-Chain-Management an, um sicherzustellen, dass Ihr Unternehmen tats\u00e4chlich langfristige Gesch\u00e4ftsbeziehungen mit gegenseitigen Vorteilen f\u00fcr Sie und Ihren Gesch\u00e4ftspartner in China oder der asiatisch-pazifischen Region aufbauen kann. China, ber\u00fchmt f\u00fcr seine Einstufung als einer der innovativsten M\u00e4rkte der Welt und als gr\u00f6\u00dfte Produktionsbasis der Welt, ist f\u00fcr die meisten Marken&hellip; Continue Reading China","og_url":"https:\/\/smatra-apac.com\/index.php\/china\/?lang=de","og_site_name":"SMATRA APAC Group","article_modified_time":"2025-01-26T01:25:18+00:00","og_image":[{"width":1010,"height":238,"url":"https:\/\/smatra-apac.com\/wp-content\/uploads\/2020\/07\/banner_small_china.jpg","type":"image\/jpeg"}],"twitter_card":"summary_large_image","twitter_site":"@SMATRA_APAC","twitter_misc":{"Est. reading time":"3 minutes"},"schema":{"@context":"https:\/\/schema.org","@graph":[{"@type":"WebPage","@id":"https:\/\/smatra-apac.com\/index.php\/china\/?lang=de","url":"https:\/\/smatra-apac.com\/index.php\/china\/?lang=de","name":"China - SMATRA APAC Group","isPartOf":{"@id":"https:\/\/smatra-apac.com\/#website"},"primaryImageOfPage":{"@id":"https:\/\/smatra-apac.com\/index.php\/china\/?lang=de#primaryimage"},"image":{"@id":"https:\/\/smatra-apac.com\/index.php\/china\/?lang=de#primaryimage"},"thumbnailUrl":"https:\/\/smatra-apac.com\/wp-content\/uploads\/2020\/07\/banner_small_china.jpg","datePublished":"2020-07-31T08:41:53+00:00","dateModified":"2025-01-26T01:25:18+00:00","breadcrumb":{"@id":"https:\/\/smatra-apac.com\/index.php\/china\/?lang=de#breadcrumb"},"inLanguage":"en-US","potentialAction":[{"@type":"ReadAction","target":["https:\/\/smatra-apac.com\/index.php\/china\/?lang=de"]}]},{"@type":"ImageObject","inLanguage":"en-US","@id":"https:\/\/smatra-apac.com\/index.php\/china\/?lang=de#primaryimage","url":"https:\/\/smatra-apac.com\/wp-content\/uploads\/2020\/07\/banner_small_china.jpg","contentUrl":"https:\/\/smatra-apac.com\/wp-content\/uploads\/2020\/07\/banner_small_china.jpg","width":1010,"height":238},{"@type":"BreadcrumbList","@id":"https:\/\/smatra-apac.com\/index.php\/china\/?lang=de#breadcrumb","itemListElement":[{"@type":"ListItem","position":1,"name":"Home","item":"https:\/\/smatra-apac.com\/"},{"@type":"ListItem","position":2,"name":"China"}]},{"@type":"WebSite","@id":"https:\/\/smatra-apac.com\/#website","url":"https:\/\/smatra-apac.com\/","name":"SMATRA APAC Group","description":"Your Strategic Link to Asia-Pacific","publisher":{"@id":"https:\/\/smatra-apac.com\/#organization"},"potentialAction":[{"@type":"SearchAction","target":{"@type":"EntryPoint","urlTemplate":"https:\/\/smatra-apac.com\/?s={search_term_string}"},"query-input":{"@type":"PropertyValueSpecification","valueRequired":true,"valueName":"search_term_string"}}],"inLanguage":"en-US"},{"@type":"Organization","@id":"https:\/\/smatra-apac.com\/#organization","name":"SMATRA APAC Group","url":"https:\/\/smatra-apac.com\/","logo":{"@type":"ImageObject","inLanguage":"en-US","@id":"https:\/\/smatra-apac.com\/#\/schema\/logo\/image\/","url":"https:\/\/smatra-apac.com\/wp-content\/uploads\/2018\/03\/logo_footer_small_120.png","contentUrl":"https:\/\/smatra-apac.com\/wp-content\/uploads\/2018\/03\/logo_footer_small_120.png","width":211,"height":188,"caption":"SMATRA APAC Group"},"image":{"@id":"https:\/\/smatra-apac.com\/#\/schema\/logo\/image\/"},"sameAs":["https:\/\/x.com\/SMATRA_APAC"]}]}},"jetpack_sharing_enabled":true,"_links":{"self":[{"href":"https:\/\/smatra-apac.com\/index.php\/wp-json\/wp\/v2\/pages\/1838","targetHints":{"allow":["GET"]}}],"collection":[{"href":"https:\/\/smatra-apac.com\/index.php\/wp-json\/wp\/v2\/pages"}],"about":[{"href":"https:\/\/smatra-apac.com\/index.php\/wp-json\/wp\/v2\/types\/page"}],"author":[{"embeddable":true,"href":"https:\/\/smatra-apac.com\/index.php\/wp-json\/wp\/v2\/users\/2"}],"replies":[{"embeddable":true,"href":"https:\/\/smatra-apac.com\/index.php\/wp-json\/wp\/v2\/comments?post=1838"}],"version-history":[{"count":12,"href":"https:\/\/smatra-apac.com\/index.php\/wp-json\/wp\/v2\/pages\/1838\/revisions"}],"predecessor-version":[{"id":2541,"href":"https:\/\/smatra-apac.com\/index.php\/wp-json\/wp\/v2\/pages\/1838\/revisions\/2541"}],"wp:featuredmedia":[{"embeddable":true,"href":"https:\/\/smatra-apac.com\/index.php\/wp-json\/wp\/v2\/media\/1840"}],"wp:attachment":[{"href":"https:\/\/smatra-apac.com\/index.php\/wp-json\/wp\/v2\/media?parent=1838"}],"curies":[{"name":"wp","href":"https:\/\/api.w.org\/{rel}","templated":true}]}}