{"id":1854,"date":"2020-08-03T03:03:38","date_gmt":"2020-08-03T03:03:38","guid":{"rendered":"https:\/\/smatra-apac.com\/index.php\/south-korea\/"},"modified":"2023-06-01T14:30:16","modified_gmt":"2023-06-01T14:30:16","slug":"south-korea","status":"publish","type":"page","link":"https:\/\/smatra-apac.com\/index.php\/south-korea\/?lang=de","title":{"rendered":"S\u00fcdkorea"},"content":{"rendered":"<div class=\"wpb-content-wrapper\"><p>[vc_row nav_skin=&#8221;light&#8221; consent_include=&#8221;include&#8221;][vc_column width=&#8221;1\/2&#8243; css_animation=&#8221;&#8221;][vc_empty_space height=&#8221;80px&#8221;][vc_text_element typography=&#8221;{&#8220;font_family&#8220;:&#8220;1596475616913142&#8220;,&#8220;variants&#8220;:&#8220;500&#8220;,&#8220;subsets&#8220;:&#8220;devanagari&#8220;,&#8220;font_size&#8220;:&#8220;13px&#8220;}&#8221; css_animation=&#8221;&#8221;]<\/p>\n<p style=\"text-align: left;\">EXPERTEN UNTERST\u00dcTZEN IHR UNTERNEHMEN<\/p>\n<p>[\/vc_text_element][vc_empty_space height=&#8221;10px&#8221;][vc_heading heading_text=&#8221;Handelsdienstleistungen &amp; Beratung<br \/>\nin S\u00fcdkorea&#8221; heading_wrapper=&#8221;h3&#8243; heading_color=&#8221;{&#8220;solid&#8220;:{&#8220;id&#8220;:&#8220;custom_color&#8220;,&#8220;color&#8220;:&#8220;rgba(0,32,96,1)&#8220;}}&#8221; heading_typography=&#8221;{&#8220;font_family&#8220;:&#8220;1596475607973655&#8220;,&#8220;variants&#8220;:&#8220;400&#8220;,&#8220;subsets&#8220;:&#8220;latin-ext&#8220;,&#8220;font_size&#8220;:&#8220;35px&#8220;,&#8220;line_height&#8220;:&#8220;1.2em&#8220;,&#8220;letter_spacing&#8220;:&#8220;-0.03em&#8220;}&#8221; css_animation=&#8221;&#8221;][vc_column_text]Die SMATRA Group bietet in S\u00fcdkorea eine breite Palette von Dienstleistungen an, um sicherzustellen, dass Ihr Unternehmen dauerhafte Gesch\u00e4ftsbeziehungen mit gegenseitigem Nutzen f\u00fcr Sie und Ihren koreanischen Gesch\u00e4ftspartner aufbauen kann.<\/p>\n<p>S\u00fcdkorea, das daf\u00fcr bekannt ist, als einer der innovativsten M\u00e4rkte der Welt eingestuft zu werden, ist f\u00fcr die meisten Marken ein Schl\u00fcsselmarkt f\u00fcr ihre Gesch\u00e4ftsentwicklung im asiatisch-pazifischen Raum.[\/vc_column_text][vc_empty_space height=&#8221;40px&#8221;][\/vc_column][vc_column width=&#8221;1\/2&#8243; css_animation=&#8221;&#8221;][vc_empty_space height=&#8221;40px&#8221;][vc_single_image image=&#8221;1857&#8243; img_size=&#8221;large&#8221;][\/vc_column][\/vc_row][vc_row custom_bg_type=&#8221;image&#8221; custom_bg_cover=&#8221;cover&#8221; custom_bg_repeat=&#8221;no-repeat&#8221; custom_bg_position=&#8221;Center center&#8221; nav_skin=&#8221;light&#8221; consent_include=&#8221;include&#8221; custom_bg_image=&#8221;710&#8243;][vc_column css_animation=&#8221;&#8221;][vc_empty_space height=&#8221;20px&#8221;][vc_text_element typography=&#8221;{&#8220;font_family&#8220;:&#8220;1596475616913142&#8220;,&#8220;variants&#8220;:&#8220;500&#8220;,&#8220;subsets&#8220;:&#8220;devanagari&#8220;,&#8220;font_size&#8220;:&#8220;13px&#8220;}&#8221; css_animation=&#8221;&#8221;]<\/p>\n<p style=\"text-align: left;\"><span style=\"color: #ffffff;\"> KOMPETENZ &amp; ERFAHRUNG<\/span><\/p>\n<p>[\/vc_text_element][vc_heading heading_text=&#8221;Fundierte Markterfahrung<br \/>\nmit f\u00fchrenden Marken&#8221; heading_wrapper=&#8221;h3&#8243; heading_color=&#8221;{&#8220;solid&#8220;:{&#8220;id&#8220;:&#8220;custom_color&#8220;,&#8220;color&#8220;:&#8220;rgba(255,255,255,1)&#8220;}}&#8221; heading_typography=&#8221;{&#8220;font_family&#8220;:&#8220;1596475607973655&#8220;,&#8220;variants&#8220;:&#8220;400&#8220;,&#8220;subsets&#8220;:&#8220;latin-ext&#8220;,&#8220;font_size&#8220;:&#8220;35px&#8220;,&#8220;line_height&#8220;:&#8220;1.2em&#8220;,&#8220;letter_spacing&#8220;:&#8220;-0.03em&#8220;}&#8221; css_animation=&#8221;&#8221;][\/vc_column][\/vc_row][vc_row nav_skin=&#8221;light&#8221; consent_include=&#8221;include&#8221;][vc_column css_animation=&#8221;&#8221;][vc_empty_space height=&#8221;40px&#8221;][\/vc_column][\/vc_row][vc_row nav_skin=&#8221;light&#8221; consent_include=&#8221;include&#8221;][vc_column width=&#8221;1\/3&#8243; css_animation=&#8221;&#8221;][vc_single_image image=&#8221;2032&#8243;][vc_empty_space height=&#8221;20px&#8221;][vc_heading heading_text=&#8221;Markteintrittsstrategie&#8221; heading_wrapper=&#8221;h1&#8243; heading_color=&#8221;{&#8220;solid&#8220;:{&#8220;id&#8220;:&#8220;custom_color&#8220;,&#8220;color&#8220;:&#8220;rgba(0,32,96,1)&#8220;}}&#8221; heading_typography=&#8221;{&#8220;font_family&#8220;:&#8220;1596475616913142&#8220;,&#8220;variants&#8220;:&#8220;500&#8220;,&#8220;subsets&#8220;:&#8220;latin-ext&#8220;,&#8220;font_size&#8220;:&#8220;16px&#8220;}&#8221; css_animation=&#8221;&#8221;][vc_text_element css_animation=&#8221;&#8221; color=&#8221;{&#8220;id&#8220;:&#8220;Overlay color&#8220;,&#8220;color&#8220;:&#8220;rgba(25, 32, 50, 0.7)&#8220;}&#8221;]<\/p>\n<p style=\"text-align: left;\">Die Markteintrittsstrategie ist die erste Phase von Unternehmensdienstleistungen in S\u00fcdkorea. Abh\u00e4ngig von der Komplexit\u00e4t Ihres Unternehmens geht es haupts\u00e4chlich um Marktforschung, rechtliche Due Diligence und m\u00f6gliche Produktauswahl. Dieser Go-To-Market-Plan ist f\u00fcr jeden neuen Markteintritt unerl\u00e4sslich und wird von Gesch\u00e4fts- und Rechtsexperten in S\u00fcdkorea analysiert.<\/p>\n<p>[\/vc_text_element][\/vc_column][vc_column width=&#8221;1\/3&#8243; css_animation=&#8221;&#8221;][vc_single_image image=&#8221;2034&#8243;][vc_empty_space height=&#8221;20px&#8221;][vc_heading heading_text=&#8221;Gesch\u00e4ftsentwicklung&#8221; heading_wrapper=&#8221;h1&#8243; heading_color=&#8221;{&#8220;solid&#8220;:{&#8220;id&#8220;:&#8220;custom_color&#8220;,&#8220;color&#8220;:&#8220;rgba(0,32,96,1)&#8220;}}&#8221; heading_typography=&#8221;{&#8220;font_family&#8220;:&#8220;1596475616913142&#8220;,&#8220;variants&#8220;:&#8220;500&#8220;,&#8220;subsets&#8220;:&#8220;latin-ext&#8220;,&#8220;font_size&#8220;:&#8220;16px&#8220;}&#8221; css_animation=&#8221;&#8221;][vc_text_element css_animation=&#8221;&#8221; color=&#8221;{&#8220;id&#8220;:&#8220;Overlay color&#8220;,&#8220;color&#8220;:&#8220;rgba(25, 32, 50, 0.7)&#8220;}&#8221;]<\/p>\n<p style=\"text-align: left;\">Sobald die Markteintrittsstrategie vereinbart ist, beginnen die Business Development Services. Eine physische und lokale Vertretung Ihres Unternehmens ist in dieser Phase unerl\u00e4sslich. Pipeline-Wachstum und der Aufbau markengerechter Vertriebskan\u00e4le sind f\u00fcr diese Phase von entscheidender Bedeutung. Die Kompetenz des Markenwachstums wird bereits seit mehr als einem Jahrzehnt f\u00fcr marktf\u00fchrende Marken unter Beweis gestellt.<\/p>\n<p>[\/vc_text_element][\/vc_column][vc_column width=&#8221;1\/3&#8243; css_animation=&#8221;&#8221;][vc_single_image image=&#8221;2036&#8243;][vc_empty_space height=&#8221;20px&#8221;][vc_heading heading_text=&#8221;Business Matching&#8221; heading_wrapper=&#8221;h1&#8243; heading_color=&#8221;{&#8220;solid&#8220;:{&#8220;id&#8220;:&#8220;custom_color&#8220;,&#8220;color&#8220;:&#8220;rgba(0,32,96,1)&#8220;}}&#8221; heading_typography=&#8221;{&#8220;font_family&#8220;:&#8220;1596475616913142&#8220;,&#8220;variants&#8220;:&#8220;500&#8220;,&#8220;subsets&#8220;:&#8220;latin-ext&#8220;,&#8220;font_size&#8220;:&#8220;16px&#8220;}&#8221; css_animation=&#8221;&#8221;][vc_text_element css_animation=&#8221;&#8221; color=&#8221;{&#8220;id&#8220;:&#8220;Overlay color&#8220;,&#8220;color&#8220;:&#8220;rgba(25, 32, 50, 0.7)&#8220;}&#8221;]Zus\u00e4tzlich zu den Business Development Services bietet die SMATRA Group Business Matching Services in S\u00fcdkorea an, bei denen wir unser umfangreiches Gesch\u00e4ftsnetzwerk in den verschiedenen Branchen nutzen, um die Markenbekanntheit der Kunden zu steigern und ihr Gesch\u00e4ftswachstum zu unterst\u00fctzen. Wir haben sowohl mit diplomatischen Kan\u00e4len als auch mit f\u00fchrenden Wirtschaftsf\u00fchrern des s\u00fcdkoreanischen Marktes zusammengearbeitet.[\/vc_text_element][\/vc_column][\/vc_row][vc_row nav_skin=&#8221;light&#8221; consent_include=&#8221;include&#8221; el_design=&#8221;{&#8220;desktop&#8220;:{&#8220;margin-top&#8220;:&#8220;-20&#8220;,&#8220;shift-vertical&#8220;:-20}}&#8221;][vc_column css_animation=&#8221;&#8221;][vc_text_element css_animation=&#8221;&#8221; color=&#8221;{&#8220;id&#8220;:&#8220;Overlay color&#8220;,&#8220;color&#8220;:&#8220;rgba(25, 32, 50, 0.7)&#8220;}&#8221;]<\/p>\n<div class=\"wpb_text_column wpb_content_element \">\n<div class=\"wpb_wrapper\">\n<p>Kontaktieren Sie uns f\u00fcr Ihre Gesch\u00e4ftsanfragen f\u00fcr den s\u00fcdkoreanischen Markt. Marktexperten mit Sitz in Seoul, S\u00fcdkorea, werden sich innerhalb von 24 Stunden mit Ihnen in Verbindung setzen. Wir freuen uns darauf, Ihre Fragen zu beantworten und Ihre Gesch\u00e4ftsexpansion auf dem s\u00fcdkoreanischen Markt zu unterst\u00fctzen.<\/p>\n<\/div>\n<\/div>\n<p>[\/vc_text_element][\/vc_column][\/vc_row][vc_row nav_skin=&#8221;light&#8221; consent_include=&#8221;include&#8221;][vc_column css_animation=&#8221;&#8221;][vc_empty_space][\/vc_column][\/vc_row]<\/p>\n<\/div>","protected":false},"excerpt":{"rendered":"<p>[vc_row nav_skin=&#8221;light&#8221; consent_include=&#8221;include&#8221;][vc_column width=&#8221;1\/2&#8243; css_animation=&#8221;&#8221;][vc_empty_space height=&#8221;80px&#8221;][vc_text_element typography=&#8221;{&#8220;font_family&#8220;:&#8220;1596475616913142&#8220;,&#8220;variants&#8220;:&#8220;500&#8220;,&#8220;subsets&#8220;:&#8220;devanagari&#8220;,&#8220;font_size&#8220;:&#8220;13px&#8220;}&#8221; css_animation=&#8221;&#8221;] EXPERTEN UNTERST\u00dcTZEN IHR UNTERNEHMEN [\/vc_text_element][vc_empty_space height=&#8221;10px&#8221;][vc_heading heading_text=&#8221;Handelsdienstleistungen &amp; Beratung in S\u00fcdkorea&#8221; heading_wrapper=&#8221;h3&#8243; heading_color=&#8221;{&#8220;solid&#8220;:{&#8220;id&#8220;:&#8220;custom_color&#8220;,&#8220;color&#8220;:&#8220;rgba(0,32,96,1)&#8220;}}&#8221; heading_typography=&#8221;{&#8220;font_family&#8220;:&#8220;1596475607973655&#8220;,&#8220;variants&#8220;:&#8220;400&#8220;,&#8220;subsets&#8220;:&#8220;latin-ext&#8220;,&#8220;font_size&#8220;:&#8220;35px&#8220;,&#8220;line_height&#8220;:&#8220;1.2em&#8220;,&#8220;letter_spacing&#8220;:&#8220;-0.03em&#8220;}&#8221; css_animation=&#8221;&#8221;][vc_column_text]Die SMATRA Group bietet in S\u00fcdkorea eine breite Palette von Dienstleistungen an, um sicherzustellen, dass Ihr Unternehmen dauerhafte Gesch\u00e4ftsbeziehungen mit gegenseitigem Nutzen f\u00fcr Sie und Ihren koreanischen Gesch\u00e4ftspartner aufbauen kann. S\u00fcdkorea, das daf\u00fcr bekannt ist, als einer der innovativsten M\u00e4rkte der Welt eingestuft zu werden, ist f\u00fcr die meisten Marken ein Schl\u00fcsselmarkt f\u00fcr&hellip; <a class=\"continue\" href=\"https:\/\/smatra-apac.com\/index.php\/south-korea\/?lang=de\">Continue Reading<span> S\u00fcdkorea<\/span><\/a><\/p>\n","protected":false},"author":2,"featured_media":1855,"parent":0,"menu_order":0,"comment_status":"closed","ping_status":"closed","template":"","meta":{"inline_featured_image":false,"footnotes":""},"class_list":["post-1854","page","type-page","status-publish","has-post-thumbnail","hentry"],"yoast_head":"<!-- This site is optimized with the Yoast SEO plugin v27.3 - https:\/\/yoast.com\/product\/yoast-seo-wordpress\/ -->\n<title>S\u00fcdkorea - SMATRA APAC Group<\/title>\n<meta name=\"robots\" content=\"index, follow, max-snippet:-1, max-image-preview:large, max-video-preview:-1\" \/>\n<link rel=\"canonical\" href=\"https:\/\/smatra-apac.com\/index.php\/south-korea\/\" \/>\n<meta property=\"og:locale\" content=\"en_US\" \/>\n<meta property=\"og:type\" content=\"article\" \/>\n<meta property=\"og:title\" content=\"S\u00fcdkorea - SMATRA APAC Group\" \/>\n<meta property=\"og:description\" content=\"[vc_row nav_skin=&#8221;light&#8221; consent_include=&#8221;include&#8221;][vc_column width=&#8221;1\/2&#8243; css_animation=&#8221;&#8221;][vc_empty_space height=&#8221;80px&#8221;][vc_text_element typography=&#8221;{&#8220;font_family&#8220;:&#8220;1596475616913142&#8220;,&#8220;variants&#8220;:&#8220;500&#8220;,&#8220;subsets&#8220;:&#8220;devanagari&#8220;,&#8220;font_size&#8220;:&#8220;13px&#8220;}&#8221; css_animation=&#8221;&#8221;] EXPERTEN UNTERST\u00dcTZEN IHR UNTERNEHMEN [\/vc_text_element][vc_empty_space height=&#8221;10px&#8221;][vc_heading heading_text=&#8221;Handelsdienstleistungen &amp; Beratung in S\u00fcdkorea&#8221; heading_wrapper=&#8221;h3&#8243; heading_color=&#8221;{&#8220;solid&#8220;:{&#8220;id&#8220;:&#8220;custom_color&#8220;,&#8220;color&#8220;:&#8220;rgba(0,32,96,1)&#8220;}}&#8221; heading_typography=&#8221;{&#8220;font_family&#8220;:&#8220;1596475607973655&#8220;,&#8220;variants&#8220;:&#8220;400&#8220;,&#8220;subsets&#8220;:&#8220;latin-ext&#8220;,&#8220;font_size&#8220;:&#8220;35px&#8220;,&#8220;line_height&#8220;:&#8220;1.2em&#8220;,&#8220;letter_spacing&#8220;:&#8220;-0.03em&#8220;}&#8221; css_animation=&#8221;&#8221;][vc_column_text]Die SMATRA Group bietet in S\u00fcdkorea eine breite Palette von Dienstleistungen an, um sicherzustellen, dass Ihr Unternehmen dauerhafte Gesch\u00e4ftsbeziehungen mit gegenseitigem Nutzen f\u00fcr Sie und Ihren koreanischen Gesch\u00e4ftspartner aufbauen kann. S\u00fcdkorea, das daf\u00fcr bekannt ist, als einer der innovativsten M\u00e4rkte der Welt eingestuft zu werden, ist f\u00fcr die meisten Marken ein Schl\u00fcsselmarkt f\u00fcr&hellip; Continue Reading S\u00fcdkorea\" \/>\n<meta property=\"og:url\" content=\"https:\/\/smatra-apac.com\/index.php\/south-korea\/?lang=de\" \/>\n<meta property=\"og:site_name\" content=\"SMATRA APAC Group\" \/>\n<meta property=\"article:modified_time\" content=\"2023-06-01T14:30:16+00:00\" \/>\n<meta property=\"og:image\" content=\"https:\/\/smatra-apac.com\/wp-content\/uploads\/2020\/08\/koran_pattern.jpeg\" \/>\n\t<meta property=\"og:image:width\" content=\"2000\" \/>\n\t<meta property=\"og:image:height\" content=\"1334\" \/>\n\t<meta property=\"og:image:type\" content=\"image\/jpeg\" \/>\n<meta name=\"twitter:card\" content=\"summary_large_image\" \/>\n<meta name=\"twitter:site\" content=\"@SMATRA_APAC\" \/>\n<meta name=\"twitter:label1\" content=\"Est. reading time\" \/>\n\t<meta name=\"twitter:data1\" content=\"4 minutes\" \/>\n<script type=\"application\/ld+json\" class=\"yoast-schema-graph\">{\"@context\":\"https:\\\/\\\/schema.org\",\"@graph\":[{\"@type\":\"WebPage\",\"@id\":\"https:\\\/\\\/smatra-apac.com\\\/index.php\\\/south-korea\\\/?lang=de\",\"url\":\"https:\\\/\\\/smatra-apac.com\\\/index.php\\\/south-korea\\\/?lang=de\",\"name\":\"S\u00fcdkorea - SMATRA APAC Group\",\"isPartOf\":{\"@id\":\"https:\\\/\\\/smatra-apac.com\\\/#website\"},\"primaryImageOfPage\":{\"@id\":\"https:\\\/\\\/smatra-apac.com\\\/index.php\\\/south-korea\\\/?lang=de#primaryimage\"},\"image\":{\"@id\":\"https:\\\/\\\/smatra-apac.com\\\/index.php\\\/south-korea\\\/?lang=de#primaryimage\"},\"thumbnailUrl\":\"https:\\\/\\\/smatra-apac.com\\\/wp-content\\\/uploads\\\/2020\\\/08\\\/koran_pattern.jpeg\",\"datePublished\":\"2020-08-03T03:03:38+00:00\",\"dateModified\":\"2023-06-01T14:30:16+00:00\",\"breadcrumb\":{\"@id\":\"https:\\\/\\\/smatra-apac.com\\\/index.php\\\/south-korea\\\/?lang=de#breadcrumb\"},\"inLanguage\":\"en-US\",\"potentialAction\":[{\"@type\":\"ReadAction\",\"target\":[\"https:\\\/\\\/smatra-apac.com\\\/index.php\\\/south-korea\\\/?lang=de\"]}]},{\"@type\":\"ImageObject\",\"inLanguage\":\"en-US\",\"@id\":\"https:\\\/\\\/smatra-apac.com\\\/index.php\\\/south-korea\\\/?lang=de#primaryimage\",\"url\":\"https:\\\/\\\/smatra-apac.com\\\/wp-content\\\/uploads\\\/2020\\\/08\\\/koran_pattern.jpeg\",\"contentUrl\":\"https:\\\/\\\/smatra-apac.com\\\/wp-content\\\/uploads\\\/2020\\\/08\\\/koran_pattern.jpeg\",\"width\":2000,\"height\":1334,\"caption\":\"Throughout Korea, as you visit various Royal Palaces and Buddhist temples, you might notice that the undersides of the roofs are painted in beautiful patterns and colors. This is Dancheong (\ub2e8\uccad) - a traditional decorative coloring for style based on five basic colors: blue (east), white (west), red (south), black (north), and yellow (center). I really like the repetitiveness and harmony of both the architectural style and dancheong. Taken at Jogye Temple in central Seoul.\"},{\"@type\":\"BreadcrumbList\",\"@id\":\"https:\\\/\\\/smatra-apac.com\\\/index.php\\\/south-korea\\\/?lang=de#breadcrumb\",\"itemListElement\":[{\"@type\":\"ListItem\",\"position\":1,\"name\":\"Home\",\"item\":\"https:\\\/\\\/smatra-apac.com\\\/\"},{\"@type\":\"ListItem\",\"position\":2,\"name\":\"S\u00fcdkorea\"}]},{\"@type\":\"WebSite\",\"@id\":\"https:\\\/\\\/smatra-apac.com\\\/#website\",\"url\":\"https:\\\/\\\/smatra-apac.com\\\/\",\"name\":\"SMATRA APAC Group\",\"description\":\"Your Strategic Link to Asia-Pacific\",\"publisher\":{\"@id\":\"https:\\\/\\\/smatra-apac.com\\\/#organization\"},\"potentialAction\":[{\"@type\":\"SearchAction\",\"target\":{\"@type\":\"EntryPoint\",\"urlTemplate\":\"https:\\\/\\\/smatra-apac.com\\\/?s={search_term_string}\"},\"query-input\":{\"@type\":\"PropertyValueSpecification\",\"valueRequired\":true,\"valueName\":\"search_term_string\"}}],\"inLanguage\":\"en-US\"},{\"@type\":\"Organization\",\"@id\":\"https:\\\/\\\/smatra-apac.com\\\/#organization\",\"name\":\"SMATRA APAC Group\",\"url\":\"https:\\\/\\\/smatra-apac.com\\\/\",\"logo\":{\"@type\":\"ImageObject\",\"inLanguage\":\"en-US\",\"@id\":\"https:\\\/\\\/smatra-apac.com\\\/#\\\/schema\\\/logo\\\/image\\\/\",\"url\":\"https:\\\/\\\/smatra-apac.com\\\/wp-content\\\/uploads\\\/2018\\\/03\\\/logo_footer_small_120.png\",\"contentUrl\":\"https:\\\/\\\/smatra-apac.com\\\/wp-content\\\/uploads\\\/2018\\\/03\\\/logo_footer_small_120.png\",\"width\":211,\"height\":188,\"caption\":\"SMATRA APAC Group\"},\"image\":{\"@id\":\"https:\\\/\\\/smatra-apac.com\\\/#\\\/schema\\\/logo\\\/image\\\/\"},\"sameAs\":[\"https:\\\/\\\/x.com\\\/SMATRA_APAC\"]}]}<\/script>\n<!-- \/ Yoast SEO plugin. -->","yoast_head_json":{"title":"S\u00fcdkorea - SMATRA APAC Group","robots":{"index":"index","follow":"follow","max-snippet":"max-snippet:-1","max-image-preview":"max-image-preview:large","max-video-preview":"max-video-preview:-1"},"canonical":"https:\/\/smatra-apac.com\/index.php\/south-korea\/","og_locale":"en_US","og_type":"article","og_title":"S\u00fcdkorea - SMATRA APAC Group","og_description":"[vc_row nav_skin=&#8221;light&#8221; consent_include=&#8221;include&#8221;][vc_column width=&#8221;1\/2&#8243; css_animation=&#8221;&#8221;][vc_empty_space height=&#8221;80px&#8221;][vc_text_element typography=&#8221;{&#8220;font_family&#8220;:&#8220;1596475616913142&#8220;,&#8220;variants&#8220;:&#8220;500&#8220;,&#8220;subsets&#8220;:&#8220;devanagari&#8220;,&#8220;font_size&#8220;:&#8220;13px&#8220;}&#8221; css_animation=&#8221;&#8221;] EXPERTEN UNTERST\u00dcTZEN IHR UNTERNEHMEN [\/vc_text_element][vc_empty_space height=&#8221;10px&#8221;][vc_heading heading_text=&#8221;Handelsdienstleistungen &amp; Beratung in S\u00fcdkorea&#8221; heading_wrapper=&#8221;h3&#8243; heading_color=&#8221;{&#8220;solid&#8220;:{&#8220;id&#8220;:&#8220;custom_color&#8220;,&#8220;color&#8220;:&#8220;rgba(0,32,96,1)&#8220;}}&#8221; heading_typography=&#8221;{&#8220;font_family&#8220;:&#8220;1596475607973655&#8220;,&#8220;variants&#8220;:&#8220;400&#8220;,&#8220;subsets&#8220;:&#8220;latin-ext&#8220;,&#8220;font_size&#8220;:&#8220;35px&#8220;,&#8220;line_height&#8220;:&#8220;1.2em&#8220;,&#8220;letter_spacing&#8220;:&#8220;-0.03em&#8220;}&#8221; css_animation=&#8221;&#8221;][vc_column_text]Die SMATRA Group bietet in S\u00fcdkorea eine breite Palette von Dienstleistungen an, um sicherzustellen, dass Ihr Unternehmen dauerhafte Gesch\u00e4ftsbeziehungen mit gegenseitigem Nutzen f\u00fcr Sie und Ihren koreanischen Gesch\u00e4ftspartner aufbauen kann. S\u00fcdkorea, das daf\u00fcr bekannt ist, als einer der innovativsten M\u00e4rkte der Welt eingestuft zu werden, ist f\u00fcr die meisten Marken ein Schl\u00fcsselmarkt f\u00fcr&hellip; Continue Reading S\u00fcdkorea","og_url":"https:\/\/smatra-apac.com\/index.php\/south-korea\/?lang=de","og_site_name":"SMATRA APAC Group","article_modified_time":"2023-06-01T14:30:16+00:00","og_image":[{"width":2000,"height":1334,"url":"https:\/\/smatra-apac.com\/wp-content\/uploads\/2020\/08\/koran_pattern.jpeg","type":"image\/jpeg"}],"twitter_card":"summary_large_image","twitter_site":"@SMATRA_APAC","twitter_misc":{"Est. reading time":"4 minutes"},"schema":{"@context":"https:\/\/schema.org","@graph":[{"@type":"WebPage","@id":"https:\/\/smatra-apac.com\/index.php\/south-korea\/?lang=de","url":"https:\/\/smatra-apac.com\/index.php\/south-korea\/?lang=de","name":"S\u00fcdkorea - SMATRA APAC Group","isPartOf":{"@id":"https:\/\/smatra-apac.com\/#website"},"primaryImageOfPage":{"@id":"https:\/\/smatra-apac.com\/index.php\/south-korea\/?lang=de#primaryimage"},"image":{"@id":"https:\/\/smatra-apac.com\/index.php\/south-korea\/?lang=de#primaryimage"},"thumbnailUrl":"https:\/\/smatra-apac.com\/wp-content\/uploads\/2020\/08\/koran_pattern.jpeg","datePublished":"2020-08-03T03:03:38+00:00","dateModified":"2023-06-01T14:30:16+00:00","breadcrumb":{"@id":"https:\/\/smatra-apac.com\/index.php\/south-korea\/?lang=de#breadcrumb"},"inLanguage":"en-US","potentialAction":[{"@type":"ReadAction","target":["https:\/\/smatra-apac.com\/index.php\/south-korea\/?lang=de"]}]},{"@type":"ImageObject","inLanguage":"en-US","@id":"https:\/\/smatra-apac.com\/index.php\/south-korea\/?lang=de#primaryimage","url":"https:\/\/smatra-apac.com\/wp-content\/uploads\/2020\/08\/koran_pattern.jpeg","contentUrl":"https:\/\/smatra-apac.com\/wp-content\/uploads\/2020\/08\/koran_pattern.jpeg","width":2000,"height":1334,"caption":"Throughout Korea, as you visit various Royal Palaces and Buddhist temples, you might notice that the undersides of the roofs are painted in beautiful patterns and colors. This is Dancheong (\ub2e8\uccad) - a traditional decorative coloring for style based on five basic colors: blue (east), white (west), red (south), black (north), and yellow (center). I really like the repetitiveness and harmony of both the architectural style and dancheong. Taken at Jogye Temple in central Seoul."},{"@type":"BreadcrumbList","@id":"https:\/\/smatra-apac.com\/index.php\/south-korea\/?lang=de#breadcrumb","itemListElement":[{"@type":"ListItem","position":1,"name":"Home","item":"https:\/\/smatra-apac.com\/"},{"@type":"ListItem","position":2,"name":"S\u00fcdkorea"}]},{"@type":"WebSite","@id":"https:\/\/smatra-apac.com\/#website","url":"https:\/\/smatra-apac.com\/","name":"SMATRA APAC Group","description":"Your Strategic Link to Asia-Pacific","publisher":{"@id":"https:\/\/smatra-apac.com\/#organization"},"potentialAction":[{"@type":"SearchAction","target":{"@type":"EntryPoint","urlTemplate":"https:\/\/smatra-apac.com\/?s={search_term_string}"},"query-input":{"@type":"PropertyValueSpecification","valueRequired":true,"valueName":"search_term_string"}}],"inLanguage":"en-US"},{"@type":"Organization","@id":"https:\/\/smatra-apac.com\/#organization","name":"SMATRA APAC Group","url":"https:\/\/smatra-apac.com\/","logo":{"@type":"ImageObject","inLanguage":"en-US","@id":"https:\/\/smatra-apac.com\/#\/schema\/logo\/image\/","url":"https:\/\/smatra-apac.com\/wp-content\/uploads\/2018\/03\/logo_footer_small_120.png","contentUrl":"https:\/\/smatra-apac.com\/wp-content\/uploads\/2018\/03\/logo_footer_small_120.png","width":211,"height":188,"caption":"SMATRA APAC Group"},"image":{"@id":"https:\/\/smatra-apac.com\/#\/schema\/logo\/image\/"},"sameAs":["https:\/\/x.com\/SMATRA_APAC"]}]}},"jetpack_sharing_enabled":true,"_links":{"self":[{"href":"https:\/\/smatra-apac.com\/index.php\/wp-json\/wp\/v2\/pages\/1854","targetHints":{"allow":["GET"]}}],"collection":[{"href":"https:\/\/smatra-apac.com\/index.php\/wp-json\/wp\/v2\/pages"}],"about":[{"href":"https:\/\/smatra-apac.com\/index.php\/wp-json\/wp\/v2\/types\/page"}],"author":[{"embeddable":true,"href":"https:\/\/smatra-apac.com\/index.php\/wp-json\/wp\/v2\/users\/2"}],"replies":[{"embeddable":true,"href":"https:\/\/smatra-apac.com\/index.php\/wp-json\/wp\/v2\/comments?post=1854"}],"version-history":[{"count":6,"href":"https:\/\/smatra-apac.com\/index.php\/wp-json\/wp\/v2\/pages\/1854\/revisions"}],"predecessor-version":[{"id":2047,"href":"https:\/\/smatra-apac.com\/index.php\/wp-json\/wp\/v2\/pages\/1854\/revisions\/2047"}],"wp:featuredmedia":[{"embeddable":true,"href":"https:\/\/smatra-apac.com\/index.php\/wp-json\/wp\/v2\/media\/1855"}],"wp:attachment":[{"href":"https:\/\/smatra-apac.com\/index.php\/wp-json\/wp\/v2\/media?parent=1854"}],"curies":[{"name":"wp","href":"https:\/\/api.w.org\/{rel}","templated":true}]}}