{"id":1959,"date":"2020-08-24T08:35:15","date_gmt":"2020-08-24T08:35:15","guid":{"rendered":"https:\/\/smatra-apac.com\/index.php\/apac-insights\/"},"modified":"2024-01-26T08:39:16","modified_gmt":"2024-01-26T08:39:16","slug":"apac-insights","status":"publish","type":"page","link":"https:\/\/smatra-apac.com\/index.php\/apac-insights\/?lang=de","title":{"rendered":"APAC News"},"content":{"rendered":"<div class=\"wpb-content-wrapper\"><p>[vc_row row_height_type=&#8221;fixed_height_screen&#8221; height=&#8221;100&#8243; min_height=&#8221;600&#8243; content_placement=&#8221;middle&#8221; custom_bg_type=&#8221;image&#8221; custom_bg_cover=&#8221;&#8221; custom_bg_repeat=&#8221;no-repeat&#8221; custom_bg_position=&#8221;Center center&#8221; custom_bg_effect=&#8221;wtbx_parallax_scale_bg&#8221; parallax_intensity=&#8221;2.5&#8243; scale_intensity=&#8221;1&#8243; textalign_small=&#8221;tablet_landscape&#8221; nav_skin=&#8221;light&#8221; disable_fixed_height=&#8221;tablet_portrait&#8221; consent_include=&#8221;include&#8221; equal_height=&#8221;true&#8221; el_class=&#8221;mc-modern&#8221; overlay_color=&#8221;{&#8220;dir&#8220;:&#8220;315deg&#8220;,&#8220;from&#8220;:{&#8220;id&#8220;:&#8220;custom_color&#8220;,&#8220;color&#8220;:&#8220;&#8220;},&#8220;to&#8220;:{&#8220;id&#8220;:&#8220;&#8220;,&#8220;color&#8220;:&#8220;&#8220;}}&#8221; el_design=&#8221;{&#8220;mobile_landscape&#8220;:{&#8220;padding-top&#8220;:&#8220;120&#8220;,&#8220;padding-bottom&#8220;:&#8220;90&#8220;},&#8220;tablet_portrait&#8220;:{&#8220;padding-bottom&#8220;:&#8220;180&#8220;},&#8220;desktop&#8220;:{&#8220;border-right&#8220;:0,&#8220;border-bottom&#8220;:10,&#8220;border-left&#8220;:0,&#8220;padding-top&#8220;:&#8220;160&#8220;,&#8220;padding-bottom&#8220;:&#8220;160&#8220;,&#8220;border-style&#8220;:&#8220;solid&#8220;}}&#8221; custom_bg_color=&#8221;{&#8220;dir&#8220;:&#8220;135deg&#8220;,&#8220;from&#8220;:{&#8220;id&#8220;:&#8220;custom_color&#8220;,&#8220;color&#8220;:&#8220;rgba(0,32,96,1)&#8220;},&#8220;to&#8220;:{&#8220;id&#8220;:&#8220;custom_color&#8220;,&#8220;color&#8220;:&#8220;rgba(0,0,0,1)&#8220;}}&#8221; custom_bg_image=&#8221;710&#8243; border_color=&#8221;{&#8220;id&#8220;:&#8220;custom_color&#8220;,&#8220;color&#8220;:&#8220;rgba(253,127,0,1)&#8220;}&#8221;][vc_column el_design=&#8221;{&#8220;desktop&#8220;:{&#8220;padding-top&#8220;:&#8220;15&#8220;,&#8220;padding-right&#8220;:&#8220;15&#8220;,&#8220;padding-bottom&#8220;:&#8220;15&#8220;,&#8220;padding-left&#8220;:&#8220;15&#8220;}}&#8221; textalign_small=&#8221;tablet_portrait&#8221; css_animation=&#8221;&#8221; offset=&#8221;vc_col-md-6&#8243;][vc_empty_space height=&#8221;25px&#8221;][vc_heading heading_text=&#8221;Einblicke in unsere Aktivit\u00e4ten in den<br \/>\nAsiatisch-Pazifischen M\u00e4rkten&#8221; heading_wrapper=&#8221;h1&#8243; heading_color=&#8221;{&#8220;solid&#8220;:{&#8220;id&#8220;:&#8220;custom_1141411115464664&#8220;,&#8220;color&#8220;:&#8220;#ffffff&#8220;}}&#8221; heading_typography=&#8221;{&#8220;font_family&#8220;:&#8220;1596475616913142&#8220;,&#8220;variants&#8220;:&#8220;600&#8220;,&#8220;subsets&#8220;:&#8220;latin-ext&#8220;,&#8220;font_size&#8220;:&#8220;40px&#8220;,&#8220;line_height&#8220;:&#8220;1.2em&#8220;,&#8220;letter_spacing&#8220;:&#8220;-0.03em&#8220;}&#8221; responsiveness=&#8221;yes&#8221; tablet_portrait=&#8221;90&#8243; mobile_landscape=&#8221;80&#8243; mobile_portrait=&#8221;70&#8243; css_animation=&#8221;&#8221;][vc_empty_space height=&#8221;10px&#8221;][vc_separator line_color=&#8221;{&#8220;id&#8220;:&#8220;custom_color&#8220;,&#8220;color&#8220;:&#8220;rgba(253,127,0,1)&#8220;}&#8221; width=&#8221;5%&#8221; height=&#8221;2px&#8221; css_animation=&#8221;&#8221;][vc_text_element typography=&#8221;{&#8220;font_family&#8220;:&#8220;1596475607973655&#8220;,&#8220;variants&#8220;:&#8220;300&#8220;,&#8220;subsets&#8220;:&#8220;latin-ext&#8220;,&#8220;font_size&#8220;:&#8220;16px&#8220;}&#8221; center=&#8221;tablet_landscape&#8221; css_animation=&#8221;&#8221; color=&#8221;{&#8220;id&#8220;:&#8220;custom_1141411115464664&#8220;,&#8220;color&#8220;:&#8220;#ffffff&#8220;}&#8221;]SMATRA APAC Group begann als Handelshaus und Beratungsunternehmen in Hongkong. Im Laufe der Jahre hat sich das Unternehmen zu einer APAC-Unternehmensgruppe mit derzeit drei Partnern in Hongkong, China und S\u00fcdkorea gewandelt. Die Allianz konzentriert sich auf die Bereitstellung herausragender Beratungs- und Handelsdienstleistungen f\u00fcr unsere Kunden in den asiatisch-pazifischen M\u00e4rkten.[\/vc_text_element][vc_empty_space][\/vc_column][vc_column el_design=&#8221;{&#8220;tablet_portrait&#8220;:{&#8220;padding-top&#8220;:&#8220;75&#8220;},&#8220;desktop&#8220;:{&#8220;padding-top&#8220;:&#8220;15&#8220;,&#8220;padding-right&#8220;:&#8220;15&#8220;,&#8220;padding-bottom&#8220;:&#8220;15&#8220;,&#8220;padding-left&#8220;:&#8220;15&#8220;}}&#8221; textalign=&#8221;align_right&#8221; textalign_small=&#8221;tablet_portrait&#8221; css_animation=&#8221;&#8221; offset=&#8221;vc_col-md-6&#8243;][vc_empty_space height=&#8221;25px&#8221;][vc_single_image image=&#8221;1960&#8243; img_size=&#8221;full&#8221; alignment=&#8221;center&#8221;][\/vc_column][\/vc_row][vc_row content_placement=&#8221;middle&#8221; textalign=&#8221;align_left&#8221; nav_skin=&#8221;light&#8221; consent_include=&#8221;include&#8221; equal_height=&#8221;true&#8221; el_design=&#8221;{&#8220;tablet_portrait&#8220;:{&#8220;padding-top&#8220;:&#8220;60&#8220;},&#8220;desktop&#8220;:{&#8220;padding-top&#8220;:&#8220;80&#8220;,&#8220;padding-bottom&#8220;:&#8220;30&#8220;}}&#8221; overlay_color=&#8221;{&#8220;solid&#8220;:{&#8220;id&#8220;:&#8220;&#8220;,&#8220;color&#8220;:&#8220;&#8220;}}&#8221;][vc_column css_animation=&#8221;&#8221;][vc_text_element typography=&#8221;{&#8220;font_family&#8220;:&#8220;1596475616913142&#8220;,&#8220;variants&#8220;:&#8220;600&#8220;,&#8220;subsets&#8220;:&#8220;latin-ext&#8220;,&#8220;font_size&#8220;:&#8220;13px&#8220;,&#8220;letter_spacing&#8220;:&#8220;1.2px&#8220;}&#8221; force_typography=&#8221;yes&#8221; force_color=&#8221;yes&#8221; center=&#8221;tablet_landscape&#8221; css_animation=&#8221;&#8221; color=&#8221;{&#8220;id&#8220;:&#8220;custom_color&#8220;,&#8220;color&#8220;:&#8220;rgba(25,116,210,1)&#8220;}&#8221;]<\/p>\n<h5 style=\"text-align: center;\"><strong>Updates und neue Entwicklungen<\/strong><\/h5>\n<p>[\/vc_text_element][vc_heading heading_text=&#8221;Expertisen &amp; Asiatisch-Pazifischen<br \/>\nM\u00e4rkte verbinden&#8221; heading_wrapper=&#8221;h3&#8243; alignment=&#8221;align_center&#8221; heading_color=&#8221;{&#8220;solid&#8220;:{&#8220;id&#8220;:&#8220;custom_color&#8220;,&#8220;color&#8220;:&#8220;rgba(0,0,0,1)&#8220;}}&#8221; heading_typography=&#8221;{&#8220;font_family&#8220;:&#8220;1596475607973655&#8220;,&#8220;variants&#8220;:&#8220;200&#8220;,&#8220;subsets&#8220;:&#8220;latin-ext&#8220;,&#8220;font_size&#8220;:&#8220;40px&#8220;,&#8220;line_height&#8220;:&#8220;1.2em&#8220;,&#8220;letter_spacing&#8220;:&#8220;-0.03em&#8220;}&#8221; center=&#8221;tablet_landscape&#8221; responsiveness=&#8221;yes&#8221; tablet_portrait=&#8221;90&#8243; mobile_landscape=&#8221;80&#8243; mobile_portrait=&#8221;70&#8243; css_animation=&#8221;&#8221;][vc_empty_space][vc_separator align=&#8221;none&#8221; line_color=&#8221;{&#8220;id&#8220;:&#8220;custom_color&#8220;,&#8220;color&#8220;:&#8220;rgba(253,127,0,1)&#8220;}&#8221; width=&#8221;5%&#8221; height=&#8221;2px&#8221; css_animation=&#8221;&#8221;][vc_text_element typography=&#8221;{&#8220;font_family&#8220;:&#8220;1596475607973655&#8220;,&#8220;variants&#8220;:&#8220;300&#8220;,&#8220;subsets&#8220;:&#8220;latin-ext&#8220;,&#8220;font_size&#8220;:&#8220;16px&#8220;}&#8221; center=&#8221;tablet_landscape&#8221; css_animation=&#8221;&#8221; color=&#8221;{&#8220;id&#8220;:&#8220;custom_color&#8220;,&#8220;color&#8220;:&#8220;rgba(107,109,111,1)&#8220;}&#8221;]<\/p>\n<p style=\"text-align: center;\">In China, Hongkong und S\u00fcdkorea sind Fachleute im Bereich Beratungsdienstleistungen f\u00fcr Handel und Unternehmen t\u00e4tig und arbeiten kontinuierlich f\u00fcr unsere Kunden in der Asien-Pazifik-Region.<\/p>\n<p>[\/vc_text_element][vc_empty_space][vc_basic_grid post_type=&#8221;post&#8221; max_items=&#8221;3&#8243; grid_id=&#8221;vc_gid:1706258224657-40f4ea3b-388e-8&#8243;][\/vc_column][\/vc_row]<\/p>\n<\/div>","protected":false},"excerpt":{"rendered":"<p>[vc_row row_height_type=&#8221;fixed_height_screen&#8221; height=&#8221;100&#8243; min_height=&#8221;600&#8243; content_placement=&#8221;middle&#8221; custom_bg_type=&#8221;image&#8221; custom_bg_cover=&#8221;&#8221; custom_bg_repeat=&#8221;no-repeat&#8221; custom_bg_position=&#8221;Center center&#8221; custom_bg_effect=&#8221;wtbx_parallax_scale_bg&#8221; parallax_intensity=&#8221;2.5&#8243; scale_intensity=&#8221;1&#8243; textalign_small=&#8221;tablet_landscape&#8221; nav_skin=&#8221;light&#8221; disable_fixed_height=&#8221;tablet_portrait&#8221; consent_include=&#8221;include&#8221; equal_height=&#8221;true&#8221; el_class=&#8221;mc-modern&#8221; overlay_color=&#8221;{&#8220;dir&#8220;:&#8220;315deg&#8220;,&#8220;from&#8220;:{&#8220;id&#8220;:&#8220;custom_color&#8220;,&#8220;color&#8220;:&#8220;&#8220;},&#8220;to&#8220;:{&#8220;id&#8220;:&#8220;&#8220;,&#8220;color&#8220;:&#8220;&#8220;}}&#8221; el_design=&#8221;{&#8220;mobile_landscape&#8220;:{&#8220;padding-top&#8220;:&#8220;120&#8220;,&#8220;padding-bottom&#8220;:&#8220;90&#8220;},&#8220;tablet_portrait&#8220;:{&#8220;padding-bottom&#8220;:&#8220;180&#8220;},&#8220;desktop&#8220;:{&#8220;border-right&#8220;:0,&#8220;border-bottom&#8220;:10,&#8220;border-left&#8220;:0,&#8220;padding-top&#8220;:&#8220;160&#8220;,&#8220;padding-bottom&#8220;:&#8220;160&#8220;,&#8220;border-style&#8220;:&#8220;solid&#8220;}}&#8221; custom_bg_color=&#8221;{&#8220;dir&#8220;:&#8220;135deg&#8220;,&#8220;from&#8220;:{&#8220;id&#8220;:&#8220;custom_color&#8220;,&#8220;color&#8220;:&#8220;rgba(0,32,96,1)&#8220;},&#8220;to&#8220;:{&#8220;id&#8220;:&#8220;custom_color&#8220;,&#8220;color&#8220;:&#8220;rgba(0,0,0,1)&#8220;}}&#8221; custom_bg_image=&#8221;710&#8243; border_color=&#8221;{&#8220;id&#8220;:&#8220;custom_color&#8220;,&#8220;color&#8220;:&#8220;rgba(253,127,0,1)&#8220;}&#8221;][vc_column el_design=&#8221;{&#8220;desktop&#8220;:{&#8220;padding-top&#8220;:&#8220;15&#8220;,&#8220;padding-right&#8220;:&#8220;15&#8220;,&#8220;padding-bottom&#8220;:&#8220;15&#8220;,&#8220;padding-left&#8220;:&#8220;15&#8220;}}&#8221; textalign_small=&#8221;tablet_portrait&#8221; css_animation=&#8221;&#8221; offset=&#8221;vc_col-md-6&#8243;][vc_empty_space height=&#8221;25px&#8221;][vc_heading heading_text=&#8221;Einblicke in unsere Aktivit\u00e4ten in den Asiatisch-Pazifischen M\u00e4rkten&#8221; heading_wrapper=&#8221;h1&#8243; heading_color=&#8221;{&#8220;solid&#8220;:{&#8220;id&#8220;:&#8220;custom_1141411115464664&#8220;,&#8220;color&#8220;:&#8220;#ffffff&#8220;}}&#8221; heading_typography=&#8221;{&#8220;font_family&#8220;:&#8220;1596475616913142&#8220;,&#8220;variants&#8220;:&#8220;600&#8220;,&#8220;subsets&#8220;:&#8220;latin-ext&#8220;,&#8220;font_size&#8220;:&#8220;40px&#8220;,&#8220;line_height&#8220;:&#8220;1.2em&#8220;,&#8220;letter_spacing&#8220;:&#8220;-0.03em&#8220;}&#8221; responsiveness=&#8221;yes&#8221; tablet_portrait=&#8221;90&#8243; mobile_landscape=&#8221;80&#8243; mobile_portrait=&#8221;70&#8243; css_animation=&#8221;&#8221;][vc_empty_space height=&#8221;10px&#8221;][vc_separator line_color=&#8221;{&#8220;id&#8220;:&#8220;custom_color&#8220;,&#8220;color&#8220;:&#8220;rgba(253,127,0,1)&#8220;}&#8221; width=&#8221;5%&#8221; height=&#8221;2px&#8221; css_animation=&#8221;&#8221;][vc_text_element typography=&#8221;{&#8220;font_family&#8220;:&#8220;1596475607973655&#8220;,&#8220;variants&#8220;:&#8220;300&#8220;,&#8220;subsets&#8220;:&#8220;latin-ext&#8220;,&#8220;font_size&#8220;:&#8220;16px&#8220;}&#8221; center=&#8221;tablet_landscape&#8221; css_animation=&#8221;&#8221; color=&#8221;{&#8220;id&#8220;:&#8220;custom_1141411115464664&#8220;,&#8220;color&#8220;:&#8220;#ffffff&#8220;}&#8221;]SMATRA APAC Group begann als Handelshaus und Beratungsunternehmen in Hongkong. Im Laufe der Jahre hat sich das Unternehmen zu einer APAC-Unternehmensgruppe mit&hellip; <a class=\"continue\" href=\"https:\/\/smatra-apac.com\/index.php\/apac-insights\/?lang=de\">Continue Reading<span> APAC News<\/span><\/a><\/p>\n","protected":false},"author":2,"featured_media":0,"parent":0,"menu_order":0,"comment_status":"closed","ping_status":"closed","template":"","meta":{"inline_featured_image":false,"footnotes":""},"class_list":["post-1959","page","type-page","status-publish","hentry"],"yoast_head":"<!-- This site is optimized with the Yoast SEO plugin v27.3 - https:\/\/yoast.com\/product\/yoast-seo-wordpress\/ -->\n<title>APAC News - SMATRA APAC Group<\/title>\n<meta name=\"robots\" content=\"index, follow, max-snippet:-1, max-image-preview:large, max-video-preview:-1\" \/>\n<link rel=\"canonical\" href=\"https:\/\/smatra-apac.com\/index.php\/apac-insights\/\" \/>\n<meta property=\"og:locale\" content=\"en_US\" \/>\n<meta property=\"og:type\" content=\"article\" \/>\n<meta property=\"og:title\" content=\"APAC News - SMATRA APAC Group\" \/>\n<meta property=\"og:description\" content=\"[vc_row row_height_type=&#8221;fixed_height_screen&#8221; height=&#8221;100&#8243; min_height=&#8221;600&#8243; content_placement=&#8221;middle&#8221; custom_bg_type=&#8221;image&#8221; custom_bg_cover=&#8221;&#8221; custom_bg_repeat=&#8221;no-repeat&#8221; custom_bg_position=&#8221;Center center&#8221; custom_bg_effect=&#8221;wtbx_parallax_scale_bg&#8221; parallax_intensity=&#8221;2.5&#8243; scale_intensity=&#8221;1&#8243; textalign_small=&#8221;tablet_landscape&#8221; nav_skin=&#8221;light&#8221; disable_fixed_height=&#8221;tablet_portrait&#8221; consent_include=&#8221;include&#8221; equal_height=&#8221;true&#8221; el_class=&#8221;mc-modern&#8221; overlay_color=&#8221;{&#8220;dir&#8220;:&#8220;315deg&#8220;,&#8220;from&#8220;:{&#8220;id&#8220;:&#8220;custom_color&#8220;,&#8220;color&#8220;:&#8220;&#8220;},&#8220;to&#8220;:{&#8220;id&#8220;:&#8220;&#8220;,&#8220;color&#8220;:&#8220;&#8220;}}&#8221; el_design=&#8221;{&#8220;mobile_landscape&#8220;:{&#8220;padding-top&#8220;:&#8220;120&#8220;,&#8220;padding-bottom&#8220;:&#8220;90&#8220;},&#8220;tablet_portrait&#8220;:{&#8220;padding-bottom&#8220;:&#8220;180&#8220;},&#8220;desktop&#8220;:{&#8220;border-right&#8220;:0,&#8220;border-bottom&#8220;:10,&#8220;border-left&#8220;:0,&#8220;padding-top&#8220;:&#8220;160&#8220;,&#8220;padding-bottom&#8220;:&#8220;160&#8220;,&#8220;border-style&#8220;:&#8220;solid&#8220;}}&#8221; custom_bg_color=&#8221;{&#8220;dir&#8220;:&#8220;135deg&#8220;,&#8220;from&#8220;:{&#8220;id&#8220;:&#8220;custom_color&#8220;,&#8220;color&#8220;:&#8220;rgba(0,32,96,1)&#8220;},&#8220;to&#8220;:{&#8220;id&#8220;:&#8220;custom_color&#8220;,&#8220;color&#8220;:&#8220;rgba(0,0,0,1)&#8220;}}&#8221; custom_bg_image=&#8221;710&#8243; border_color=&#8221;{&#8220;id&#8220;:&#8220;custom_color&#8220;,&#8220;color&#8220;:&#8220;rgba(253,127,0,1)&#8220;}&#8221;][vc_column el_design=&#8221;{&#8220;desktop&#8220;:{&#8220;padding-top&#8220;:&#8220;15&#8220;,&#8220;padding-right&#8220;:&#8220;15&#8220;,&#8220;padding-bottom&#8220;:&#8220;15&#8220;,&#8220;padding-left&#8220;:&#8220;15&#8220;}}&#8221; textalign_small=&#8221;tablet_portrait&#8221; css_animation=&#8221;&#8221; offset=&#8221;vc_col-md-6&#8243;][vc_empty_space height=&#8221;25px&#8221;][vc_heading heading_text=&#8221;Einblicke in unsere Aktivit\u00e4ten in den Asiatisch-Pazifischen M\u00e4rkten&#8221; heading_wrapper=&#8221;h1&#8243; heading_color=&#8221;{&#8220;solid&#8220;:{&#8220;id&#8220;:&#8220;custom_1141411115464664&#8220;,&#8220;color&#8220;:&#8220;#ffffff&#8220;}}&#8221; heading_typography=&#8221;{&#8220;font_family&#8220;:&#8220;1596475616913142&#8220;,&#8220;variants&#8220;:&#8220;600&#8220;,&#8220;subsets&#8220;:&#8220;latin-ext&#8220;,&#8220;font_size&#8220;:&#8220;40px&#8220;,&#8220;line_height&#8220;:&#8220;1.2em&#8220;,&#8220;letter_spacing&#8220;:&#8220;-0.03em&#8220;}&#8221; responsiveness=&#8221;yes&#8221; tablet_portrait=&#8221;90&#8243; mobile_landscape=&#8221;80&#8243; mobile_portrait=&#8221;70&#8243; css_animation=&#8221;&#8221;][vc_empty_space height=&#8221;10px&#8221;][vc_separator line_color=&#8221;{&#8220;id&#8220;:&#8220;custom_color&#8220;,&#8220;color&#8220;:&#8220;rgba(253,127,0,1)&#8220;}&#8221; width=&#8221;5%&#8221; height=&#8221;2px&#8221; css_animation=&#8221;&#8221;][vc_text_element typography=&#8221;{&#8220;font_family&#8220;:&#8220;1596475607973655&#8220;,&#8220;variants&#8220;:&#8220;300&#8220;,&#8220;subsets&#8220;:&#8220;latin-ext&#8220;,&#8220;font_size&#8220;:&#8220;16px&#8220;}&#8221; center=&#8221;tablet_landscape&#8221; css_animation=&#8221;&#8221; color=&#8221;{&#8220;id&#8220;:&#8220;custom_1141411115464664&#8220;,&#8220;color&#8220;:&#8220;#ffffff&#8220;}&#8221;]SMATRA APAC Group begann als Handelshaus und Beratungsunternehmen in Hongkong. Im Laufe der Jahre hat sich das Unternehmen zu einer APAC-Unternehmensgruppe mit&hellip; Continue Reading APAC News\" \/>\n<meta property=\"og:url\" content=\"https:\/\/smatra-apac.com\/index.php\/apac-insights\/?lang=de\" \/>\n<meta property=\"og:site_name\" content=\"SMATRA APAC Group\" \/>\n<meta property=\"article:modified_time\" content=\"2024-01-26T08:39:16+00:00\" \/>\n<meta name=\"twitter:card\" content=\"summary_large_image\" \/>\n<meta name=\"twitter:site\" content=\"@SMATRA_APAC\" \/>\n<meta name=\"twitter:label1\" content=\"Est. reading time\" \/>\n\t<meta name=\"twitter:data1\" content=\"3 minutes\" \/>\n<script type=\"application\/ld+json\" class=\"yoast-schema-graph\">{\"@context\":\"https:\\\/\\\/schema.org\",\"@graph\":[{\"@type\":\"WebPage\",\"@id\":\"https:\\\/\\\/smatra-apac.com\\\/index.php\\\/apac-insights\\\/?lang=de\",\"url\":\"https:\\\/\\\/smatra-apac.com\\\/index.php\\\/apac-insights\\\/?lang=de\",\"name\":\"APAC News - SMATRA APAC Group\",\"isPartOf\":{\"@id\":\"https:\\\/\\\/smatra-apac.com\\\/#website\"},\"datePublished\":\"2020-08-24T08:35:15+00:00\",\"dateModified\":\"2024-01-26T08:39:16+00:00\",\"breadcrumb\":{\"@id\":\"https:\\\/\\\/smatra-apac.com\\\/index.php\\\/apac-insights\\\/?lang=de#breadcrumb\"},\"inLanguage\":\"en-US\",\"potentialAction\":[{\"@type\":\"ReadAction\",\"target\":[\"https:\\\/\\\/smatra-apac.com\\\/index.php\\\/apac-insights\\\/?lang=de\"]}]},{\"@type\":\"BreadcrumbList\",\"@id\":\"https:\\\/\\\/smatra-apac.com\\\/index.php\\\/apac-insights\\\/?lang=de#breadcrumb\",\"itemListElement\":[{\"@type\":\"ListItem\",\"position\":1,\"name\":\"Home\",\"item\":\"https:\\\/\\\/smatra-apac.com\\\/\"},{\"@type\":\"ListItem\",\"position\":2,\"name\":\"APAC News\"}]},{\"@type\":\"WebSite\",\"@id\":\"https:\\\/\\\/smatra-apac.com\\\/#website\",\"url\":\"https:\\\/\\\/smatra-apac.com\\\/\",\"name\":\"SMATRA APAC Group\",\"description\":\"Your Strategic Link to Asia-Pacific\",\"publisher\":{\"@id\":\"https:\\\/\\\/smatra-apac.com\\\/#organization\"},\"potentialAction\":[{\"@type\":\"SearchAction\",\"target\":{\"@type\":\"EntryPoint\",\"urlTemplate\":\"https:\\\/\\\/smatra-apac.com\\\/?s={search_term_string}\"},\"query-input\":{\"@type\":\"PropertyValueSpecification\",\"valueRequired\":true,\"valueName\":\"search_term_string\"}}],\"inLanguage\":\"en-US\"},{\"@type\":\"Organization\",\"@id\":\"https:\\\/\\\/smatra-apac.com\\\/#organization\",\"name\":\"SMATRA APAC Group\",\"url\":\"https:\\\/\\\/smatra-apac.com\\\/\",\"logo\":{\"@type\":\"ImageObject\",\"inLanguage\":\"en-US\",\"@id\":\"https:\\\/\\\/smatra-apac.com\\\/#\\\/schema\\\/logo\\\/image\\\/\",\"url\":\"https:\\\/\\\/smatra-apac.com\\\/wp-content\\\/uploads\\\/2018\\\/03\\\/logo_footer_small_120.png\",\"contentUrl\":\"https:\\\/\\\/smatra-apac.com\\\/wp-content\\\/uploads\\\/2018\\\/03\\\/logo_footer_small_120.png\",\"width\":211,\"height\":188,\"caption\":\"SMATRA APAC Group\"},\"image\":{\"@id\":\"https:\\\/\\\/smatra-apac.com\\\/#\\\/schema\\\/logo\\\/image\\\/\"},\"sameAs\":[\"https:\\\/\\\/x.com\\\/SMATRA_APAC\"]}]}<\/script>\n<!-- \/ Yoast SEO plugin. -->","yoast_head_json":{"title":"APAC News - SMATRA APAC Group","robots":{"index":"index","follow":"follow","max-snippet":"max-snippet:-1","max-image-preview":"max-image-preview:large","max-video-preview":"max-video-preview:-1"},"canonical":"https:\/\/smatra-apac.com\/index.php\/apac-insights\/","og_locale":"en_US","og_type":"article","og_title":"APAC News - SMATRA APAC Group","og_description":"[vc_row row_height_type=&#8221;fixed_height_screen&#8221; height=&#8221;100&#8243; min_height=&#8221;600&#8243; content_placement=&#8221;middle&#8221; custom_bg_type=&#8221;image&#8221; custom_bg_cover=&#8221;&#8221; custom_bg_repeat=&#8221;no-repeat&#8221; custom_bg_position=&#8221;Center center&#8221; custom_bg_effect=&#8221;wtbx_parallax_scale_bg&#8221; parallax_intensity=&#8221;2.5&#8243; scale_intensity=&#8221;1&#8243; textalign_small=&#8221;tablet_landscape&#8221; nav_skin=&#8221;light&#8221; disable_fixed_height=&#8221;tablet_portrait&#8221; consent_include=&#8221;include&#8221; equal_height=&#8221;true&#8221; el_class=&#8221;mc-modern&#8221; overlay_color=&#8221;{&#8220;dir&#8220;:&#8220;315deg&#8220;,&#8220;from&#8220;:{&#8220;id&#8220;:&#8220;custom_color&#8220;,&#8220;color&#8220;:&#8220;&#8220;},&#8220;to&#8220;:{&#8220;id&#8220;:&#8220;&#8220;,&#8220;color&#8220;:&#8220;&#8220;}}&#8221; el_design=&#8221;{&#8220;mobile_landscape&#8220;:{&#8220;padding-top&#8220;:&#8220;120&#8220;,&#8220;padding-bottom&#8220;:&#8220;90&#8220;},&#8220;tablet_portrait&#8220;:{&#8220;padding-bottom&#8220;:&#8220;180&#8220;},&#8220;desktop&#8220;:{&#8220;border-right&#8220;:0,&#8220;border-bottom&#8220;:10,&#8220;border-left&#8220;:0,&#8220;padding-top&#8220;:&#8220;160&#8220;,&#8220;padding-bottom&#8220;:&#8220;160&#8220;,&#8220;border-style&#8220;:&#8220;solid&#8220;}}&#8221; custom_bg_color=&#8221;{&#8220;dir&#8220;:&#8220;135deg&#8220;,&#8220;from&#8220;:{&#8220;id&#8220;:&#8220;custom_color&#8220;,&#8220;color&#8220;:&#8220;rgba(0,32,96,1)&#8220;},&#8220;to&#8220;:{&#8220;id&#8220;:&#8220;custom_color&#8220;,&#8220;color&#8220;:&#8220;rgba(0,0,0,1)&#8220;}}&#8221; custom_bg_image=&#8221;710&#8243; border_color=&#8221;{&#8220;id&#8220;:&#8220;custom_color&#8220;,&#8220;color&#8220;:&#8220;rgba(253,127,0,1)&#8220;}&#8221;][vc_column el_design=&#8221;{&#8220;desktop&#8220;:{&#8220;padding-top&#8220;:&#8220;15&#8220;,&#8220;padding-right&#8220;:&#8220;15&#8220;,&#8220;padding-bottom&#8220;:&#8220;15&#8220;,&#8220;padding-left&#8220;:&#8220;15&#8220;}}&#8221; textalign_small=&#8221;tablet_portrait&#8221; css_animation=&#8221;&#8221; offset=&#8221;vc_col-md-6&#8243;][vc_empty_space height=&#8221;25px&#8221;][vc_heading heading_text=&#8221;Einblicke in unsere Aktivit\u00e4ten in den Asiatisch-Pazifischen M\u00e4rkten&#8221; heading_wrapper=&#8221;h1&#8243; heading_color=&#8221;{&#8220;solid&#8220;:{&#8220;id&#8220;:&#8220;custom_1141411115464664&#8220;,&#8220;color&#8220;:&#8220;#ffffff&#8220;}}&#8221; heading_typography=&#8221;{&#8220;font_family&#8220;:&#8220;1596475616913142&#8220;,&#8220;variants&#8220;:&#8220;600&#8220;,&#8220;subsets&#8220;:&#8220;latin-ext&#8220;,&#8220;font_size&#8220;:&#8220;40px&#8220;,&#8220;line_height&#8220;:&#8220;1.2em&#8220;,&#8220;letter_spacing&#8220;:&#8220;-0.03em&#8220;}&#8221; responsiveness=&#8221;yes&#8221; tablet_portrait=&#8221;90&#8243; mobile_landscape=&#8221;80&#8243; mobile_portrait=&#8221;70&#8243; css_animation=&#8221;&#8221;][vc_empty_space height=&#8221;10px&#8221;][vc_separator line_color=&#8221;{&#8220;id&#8220;:&#8220;custom_color&#8220;,&#8220;color&#8220;:&#8220;rgba(253,127,0,1)&#8220;}&#8221; width=&#8221;5%&#8221; height=&#8221;2px&#8221; css_animation=&#8221;&#8221;][vc_text_element typography=&#8221;{&#8220;font_family&#8220;:&#8220;1596475607973655&#8220;,&#8220;variants&#8220;:&#8220;300&#8220;,&#8220;subsets&#8220;:&#8220;latin-ext&#8220;,&#8220;font_size&#8220;:&#8220;16px&#8220;}&#8221; center=&#8221;tablet_landscape&#8221; css_animation=&#8221;&#8221; color=&#8221;{&#8220;id&#8220;:&#8220;custom_1141411115464664&#8220;,&#8220;color&#8220;:&#8220;#ffffff&#8220;}&#8221;]SMATRA APAC Group begann als Handelshaus und Beratungsunternehmen in Hongkong. Im Laufe der Jahre hat sich das Unternehmen zu einer APAC-Unternehmensgruppe mit&hellip; Continue Reading APAC News","og_url":"https:\/\/smatra-apac.com\/index.php\/apac-insights\/?lang=de","og_site_name":"SMATRA APAC Group","article_modified_time":"2024-01-26T08:39:16+00:00","twitter_card":"summary_large_image","twitter_site":"@SMATRA_APAC","twitter_misc":{"Est. reading time":"3 minutes"},"schema":{"@context":"https:\/\/schema.org","@graph":[{"@type":"WebPage","@id":"https:\/\/smatra-apac.com\/index.php\/apac-insights\/?lang=de","url":"https:\/\/smatra-apac.com\/index.php\/apac-insights\/?lang=de","name":"APAC News - SMATRA APAC Group","isPartOf":{"@id":"https:\/\/smatra-apac.com\/#website"},"datePublished":"2020-08-24T08:35:15+00:00","dateModified":"2024-01-26T08:39:16+00:00","breadcrumb":{"@id":"https:\/\/smatra-apac.com\/index.php\/apac-insights\/?lang=de#breadcrumb"},"inLanguage":"en-US","potentialAction":[{"@type":"ReadAction","target":["https:\/\/smatra-apac.com\/index.php\/apac-insights\/?lang=de"]}]},{"@type":"BreadcrumbList","@id":"https:\/\/smatra-apac.com\/index.php\/apac-insights\/?lang=de#breadcrumb","itemListElement":[{"@type":"ListItem","position":1,"name":"Home","item":"https:\/\/smatra-apac.com\/"},{"@type":"ListItem","position":2,"name":"APAC News"}]},{"@type":"WebSite","@id":"https:\/\/smatra-apac.com\/#website","url":"https:\/\/smatra-apac.com\/","name":"SMATRA APAC Group","description":"Your Strategic Link to Asia-Pacific","publisher":{"@id":"https:\/\/smatra-apac.com\/#organization"},"potentialAction":[{"@type":"SearchAction","target":{"@type":"EntryPoint","urlTemplate":"https:\/\/smatra-apac.com\/?s={search_term_string}"},"query-input":{"@type":"PropertyValueSpecification","valueRequired":true,"valueName":"search_term_string"}}],"inLanguage":"en-US"},{"@type":"Organization","@id":"https:\/\/smatra-apac.com\/#organization","name":"SMATRA APAC Group","url":"https:\/\/smatra-apac.com\/","logo":{"@type":"ImageObject","inLanguage":"en-US","@id":"https:\/\/smatra-apac.com\/#\/schema\/logo\/image\/","url":"https:\/\/smatra-apac.com\/wp-content\/uploads\/2018\/03\/logo_footer_small_120.png","contentUrl":"https:\/\/smatra-apac.com\/wp-content\/uploads\/2018\/03\/logo_footer_small_120.png","width":211,"height":188,"caption":"SMATRA APAC Group"},"image":{"@id":"https:\/\/smatra-apac.com\/#\/schema\/logo\/image\/"},"sameAs":["https:\/\/x.com\/SMATRA_APAC"]}]}},"jetpack_sharing_enabled":true,"_links":{"self":[{"href":"https:\/\/smatra-apac.com\/index.php\/wp-json\/wp\/v2\/pages\/1959","targetHints":{"allow":["GET"]}}],"collection":[{"href":"https:\/\/smatra-apac.com\/index.php\/wp-json\/wp\/v2\/pages"}],"about":[{"href":"https:\/\/smatra-apac.com\/index.php\/wp-json\/wp\/v2\/types\/page"}],"author":[{"embeddable":true,"href":"https:\/\/smatra-apac.com\/index.php\/wp-json\/wp\/v2\/users\/2"}],"replies":[{"embeddable":true,"href":"https:\/\/smatra-apac.com\/index.php\/wp-json\/wp\/v2\/comments?post=1959"}],"version-history":[{"count":7,"href":"https:\/\/smatra-apac.com\/index.php\/wp-json\/wp\/v2\/pages\/1959\/revisions"}],"predecessor-version":[{"id":2249,"href":"https:\/\/smatra-apac.com\/index.php\/wp-json\/wp\/v2\/pages\/1959\/revisions\/2249"}],"wp:attachment":[{"href":"https:\/\/smatra-apac.com\/index.php\/wp-json\/wp\/v2\/media?parent=1959"}],"curies":[{"name":"wp","href":"https:\/\/api.w.org\/{rel}","templated":true}]}}