{"id":1965,"date":"2020-08-14T15:55:32","date_gmt":"2020-08-14T15:55:32","guid":{"rendered":"https:\/\/smatra-apac.com\/index.php\/business-services\/"},"modified":"2023-05-24T14:26:41","modified_gmt":"2023-05-24T14:26:41","slug":"markteintrittsstrategie","status":"publish","type":"page","link":"https:\/\/smatra-apac.com\/index.php\/markteintrittsstrategie\/?lang=de","title":{"rendered":"Markteintrittsstrategie"},"content":{"rendered":"<div class=\"wpb-content-wrapper\"><p>[vc_row nav_skin=&#8221;light&#8221; consent_include=&#8221;include&#8221;][vc_column css_animation=&#8221;&#8221;][vc_empty_space height=&#8221;80px&#8221;][vc_text_element typography=&#8221;{&#8220;font_family&#8220;:&#8220;1596475616913142&#8220;,&#8220;variants&#8220;:&#8220;500&#8220;,&#8220;subsets&#8220;:&#8220;devanagari&#8220;,&#8220;font_size&#8220;:&#8220;13px&#8220;}&#8221; css_animation=&#8221;&#8221;]<\/p>\n<p style=\"text-align: left;\"><span style=\"color: #1974d2;\">BERATUNG F\u00dcR ASIEN-PAZIFISCHE M\u00c4RKTE\u00a0<\/span><\/p>\n<p>[\/vc_text_element][vc_empty_space height=&#8221;10px&#8221;][vc_heading heading_text=&#8221;Markteintritt gem\u00e4\u00df<br \/>\nGesch\u00e4ftszielen&#8221; heading_wrapper=&#8221;h3&#8243; heading_color=&#8221;{&#8220;solid&#8220;:{&#8220;id&#8220;:&#8220;custom_color&#8220;,&#8220;color&#8220;:&#8220;rgba(0,32,96,1)&#8220;}}&#8221; heading_typography=&#8221;{&#8220;font_family&#8220;:&#8220;1596475607973655&#8220;,&#8220;variants&#8220;:&#8220;400&#8220;,&#8220;subsets&#8220;:&#8220;latin-ext&#8220;,&#8220;font_size&#8220;:&#8220;35px&#8220;,&#8220;line_height&#8220;:&#8220;1.2em&#8220;,&#8220;letter_spacing&#8220;:&#8220;-0.03em&#8220;}&#8221; css_animation=&#8221;&#8221;][vc_column_text]Jedes Unternehmen steht vor einer Situation, in der es sich ver\u00e4ndern, ein neues Gesch\u00e4ftssegment oder einen ausl\u00e4ndischen Markt erschlie\u00dfen muss. Normalerweise sind Manager mit den t\u00e4glichen Abl\u00e4ufen der Unternehmensf\u00fchrung besch\u00e4ftigt. Es bleibt nur wenig Zeit, um Probleme zu untersuchen, Gesch\u00e4ftsoptionen f\u00fcr die Zukunft zu formulieren und den Ausgang bestimmter Szenarien vorherzusagen, da dies zeitaufw\u00e4ndige Aktivit\u00e4ten sind.<\/p>\n<p>Bei der SMATRA Group glauben wir nicht an standardisierte Pauschalangebote, die wesentliche Elemente der Markteinf\u00fchrung eines Unternehmens in den asiatisch-pazifischen Raum auslassen w\u00fcrden. Wir verstehen, dass jedes Unternehmen unterschiedliche Bed\u00fcrfnisse hat und daher nur ma\u00dfgeschneiderte L\u00f6sungen zum Erfolg in neuen M\u00e4rkten oder Gesch\u00e4ftssegmenten f\u00fchren k\u00f6nnen.<\/p>\n<p>Daher bietet ein Team aus professionellen Unternehmensberatern mit lokaler und internationaler Erfahrung effiziente Unterst\u00fctzung f\u00fcr Kunden, die Beratung zur Markteintrittsstrategie ben\u00f6tigen. Um die besten Ergebnisse zu erzielen, ist die enge Zusammenarbeit mit dem Management des Kunden immer der Schl\u00fcssel zum Erfolg.<\/p>\n<ul>\n<li>Strategieanalyse einschlie\u00dflich interner F\u00e4higkeiten und externer Umgebung<br \/>\nStrategieformulierung<\/li>\n<li>Ausrichtung von Gesch\u00e4ftsstrategien an organisatorischen F\u00e4higkeiten und Prozessen<\/li>\n<li>Wachstumsstrategie unter den unterschiedlichen Marktbedingungen<\/li>\n<li>Strategische Planung und Erstellung einer Umsetzungs-Roadmap<\/li>\n<li>Messung des Prozesses und fortlaufende Unterst\u00fctzung zur Sicherstellung des Erfolgs<\/li>\n<\/ul>\n<p>[\/vc_column_text][vc_empty_space height=&#8221;40px&#8221;][\/vc_column][\/vc_row]<\/p>\n<\/div>","protected":false},"excerpt":{"rendered":"<p>[vc_row nav_skin=&#8221;light&#8221; consent_include=&#8221;include&#8221;][vc_column css_animation=&#8221;&#8221;][vc_empty_space height=&#8221;80px&#8221;][vc_text_element typography=&#8221;{&#8220;font_family&#8220;:&#8220;1596475616913142&#8220;,&#8220;variants&#8220;:&#8220;500&#8220;,&#8220;subsets&#8220;:&#8220;devanagari&#8220;,&#8220;font_size&#8220;:&#8220;13px&#8220;}&#8221; css_animation=&#8221;&#8221;] BERATUNG F\u00dcR ASIEN-PAZIFISCHE M\u00c4RKTE\u00a0 [\/vc_text_element][vc_empty_space height=&#8221;10px&#8221;][vc_heading heading_text=&#8221;Markteintritt gem\u00e4\u00df Gesch\u00e4ftszielen&#8221; heading_wrapper=&#8221;h3&#8243; heading_color=&#8221;{&#8220;solid&#8220;:{&#8220;id&#8220;:&#8220;custom_color&#8220;,&#8220;color&#8220;:&#8220;rgba(0,32,96,1)&#8220;}}&#8221; heading_typography=&#8221;{&#8220;font_family&#8220;:&#8220;1596475607973655&#8220;,&#8220;variants&#8220;:&#8220;400&#8220;,&#8220;subsets&#8220;:&#8220;latin-ext&#8220;,&#8220;font_size&#8220;:&#8220;35px&#8220;,&#8220;line_height&#8220;:&#8220;1.2em&#8220;,&#8220;letter_spacing&#8220;:&#8220;-0.03em&#8220;}&#8221; css_animation=&#8221;&#8221;][vc_column_text]Jedes Unternehmen steht vor einer Situation, in der es sich ver\u00e4ndern, ein neues Gesch\u00e4ftssegment oder einen ausl\u00e4ndischen Markt erschlie\u00dfen muss. Normalerweise sind Manager mit den t\u00e4glichen Abl\u00e4ufen der Unternehmensf\u00fchrung besch\u00e4ftigt. Es bleibt nur wenig Zeit, um Probleme zu untersuchen, Gesch\u00e4ftsoptionen f\u00fcr die Zukunft zu formulieren und den Ausgang bestimmter Szenarien vorherzusagen, da dies zeitaufw\u00e4ndige Aktivit\u00e4ten sind.&hellip; <a class=\"continue\" href=\"https:\/\/smatra-apac.com\/index.php\/markteintrittsstrategie\/?lang=de\">Continue Reading<span> Markteintrittsstrategie<\/span><\/a><\/p>\n","protected":false},"author":2,"featured_media":1842,"parent":0,"menu_order":0,"comment_status":"closed","ping_status":"closed","template":"","meta":{"inline_featured_image":false,"footnotes":""},"class_list":["post-1965","page","type-page","status-publish","has-post-thumbnail","hentry"],"yoast_head":"<!-- This site is optimized with the Yoast SEO plugin v27.3 - https:\/\/yoast.com\/product\/yoast-seo-wordpress\/ -->\n<title>Markteintrittsstrategie - SMATRA APAC Group<\/title>\n<meta name=\"robots\" content=\"index, follow, max-snippet:-1, max-image-preview:large, max-video-preview:-1\" \/>\n<link rel=\"canonical\" href=\"https:\/\/smatra-apac.com\/index.php\/markteintrittsstrategie\/\" \/>\n<meta property=\"og:locale\" content=\"en_US\" \/>\n<meta property=\"og:type\" content=\"article\" \/>\n<meta property=\"og:title\" content=\"Markteintrittsstrategie - SMATRA APAC Group\" \/>\n<meta property=\"og:description\" content=\"[vc_row nav_skin=&#8221;light&#8221; consent_include=&#8221;include&#8221;][vc_column css_animation=&#8221;&#8221;][vc_empty_space height=&#8221;80px&#8221;][vc_text_element typography=&#8221;{&#8220;font_family&#8220;:&#8220;1596475616913142&#8220;,&#8220;variants&#8220;:&#8220;500&#8220;,&#8220;subsets&#8220;:&#8220;devanagari&#8220;,&#8220;font_size&#8220;:&#8220;13px&#8220;}&#8221; css_animation=&#8221;&#8221;] BERATUNG F\u00dcR ASIEN-PAZIFISCHE M\u00c4RKTE\u00a0 [\/vc_text_element][vc_empty_space height=&#8221;10px&#8221;][vc_heading heading_text=&#8221;Markteintritt gem\u00e4\u00df Gesch\u00e4ftszielen&#8221; heading_wrapper=&#8221;h3&#8243; heading_color=&#8221;{&#8220;solid&#8220;:{&#8220;id&#8220;:&#8220;custom_color&#8220;,&#8220;color&#8220;:&#8220;rgba(0,32,96,1)&#8220;}}&#8221; heading_typography=&#8221;{&#8220;font_family&#8220;:&#8220;1596475607973655&#8220;,&#8220;variants&#8220;:&#8220;400&#8220;,&#8220;subsets&#8220;:&#8220;latin-ext&#8220;,&#8220;font_size&#8220;:&#8220;35px&#8220;,&#8220;line_height&#8220;:&#8220;1.2em&#8220;,&#8220;letter_spacing&#8220;:&#8220;-0.03em&#8220;}&#8221; css_animation=&#8221;&#8221;][vc_column_text]Jedes Unternehmen steht vor einer Situation, in der es sich ver\u00e4ndern, ein neues Gesch\u00e4ftssegment oder einen ausl\u00e4ndischen Markt erschlie\u00dfen muss. Normalerweise sind Manager mit den t\u00e4glichen Abl\u00e4ufen der Unternehmensf\u00fchrung besch\u00e4ftigt. Es bleibt nur wenig Zeit, um Probleme zu untersuchen, Gesch\u00e4ftsoptionen f\u00fcr die Zukunft zu formulieren und den Ausgang bestimmter Szenarien vorherzusagen, da dies zeitaufw\u00e4ndige Aktivit\u00e4ten sind.&hellip; Continue Reading Markteintrittsstrategie\" \/>\n<meta property=\"og:url\" content=\"https:\/\/smatra-apac.com\/index.php\/markteintrittsstrategie\/?lang=de\" \/>\n<meta property=\"og:site_name\" content=\"SMATRA APAC Group\" \/>\n<meta property=\"article:modified_time\" content=\"2023-05-24T14:26:41+00:00\" \/>\n<meta property=\"og:image\" content=\"https:\/\/smatra-apac.com\/wp-content\/uploads\/2020\/07\/banner.png\" \/>\n\t<meta property=\"og:image:width\" content=\"2004\" \/>\n\t<meta property=\"og:image:height\" content=\"1125\" \/>\n\t<meta property=\"og:image:type\" content=\"image\/png\" \/>\n<meta name=\"twitter:card\" content=\"summary_large_image\" \/>\n<meta name=\"twitter:site\" content=\"@SMATRA_APAC\" \/>\n<meta name=\"twitter:label1\" content=\"Est. reading time\" \/>\n\t<meta name=\"twitter:data1\" content=\"2 minutes\" \/>\n<script type=\"application\/ld+json\" class=\"yoast-schema-graph\">{\"@context\":\"https:\\\/\\\/schema.org\",\"@graph\":[{\"@type\":\"WebPage\",\"@id\":\"https:\\\/\\\/smatra-apac.com\\\/index.php\\\/markteintrittsstrategie\\\/?lang=de\",\"url\":\"https:\\\/\\\/smatra-apac.com\\\/index.php\\\/markteintrittsstrategie\\\/?lang=de\",\"name\":\"Markteintrittsstrategie - SMATRA APAC Group\",\"isPartOf\":{\"@id\":\"https:\\\/\\\/smatra-apac.com\\\/#website\"},\"primaryImageOfPage\":{\"@id\":\"https:\\\/\\\/smatra-apac.com\\\/index.php\\\/markteintrittsstrategie\\\/?lang=de#primaryimage\"},\"image\":{\"@id\":\"https:\\\/\\\/smatra-apac.com\\\/index.php\\\/markteintrittsstrategie\\\/?lang=de#primaryimage\"},\"thumbnailUrl\":\"https:\\\/\\\/smatra-apac.com\\\/wp-content\\\/uploads\\\/2020\\\/07\\\/banner.png\",\"datePublished\":\"2020-08-14T15:55:32+00:00\",\"dateModified\":\"2023-05-24T14:26:41+00:00\",\"breadcrumb\":{\"@id\":\"https:\\\/\\\/smatra-apac.com\\\/index.php\\\/markteintrittsstrategie\\\/?lang=de#breadcrumb\"},\"inLanguage\":\"en-US\",\"potentialAction\":[{\"@type\":\"ReadAction\",\"target\":[\"https:\\\/\\\/smatra-apac.com\\\/index.php\\\/markteintrittsstrategie\\\/?lang=de\"]}]},{\"@type\":\"ImageObject\",\"inLanguage\":\"en-US\",\"@id\":\"https:\\\/\\\/smatra-apac.com\\\/index.php\\\/markteintrittsstrategie\\\/?lang=de#primaryimage\",\"url\":\"https:\\\/\\\/smatra-apac.com\\\/wp-content\\\/uploads\\\/2020\\\/07\\\/banner.png\",\"contentUrl\":\"https:\\\/\\\/smatra-apac.com\\\/wp-content\\\/uploads\\\/2020\\\/07\\\/banner.png\",\"width\":2004,\"height\":1125,\"caption\":\"ocean depths\"},{\"@type\":\"BreadcrumbList\",\"@id\":\"https:\\\/\\\/smatra-apac.com\\\/index.php\\\/markteintrittsstrategie\\\/?lang=de#breadcrumb\",\"itemListElement\":[{\"@type\":\"ListItem\",\"position\":1,\"name\":\"Home\",\"item\":\"https:\\\/\\\/smatra-apac.com\\\/\"},{\"@type\":\"ListItem\",\"position\":2,\"name\":\"Markteintrittsstrategie\"}]},{\"@type\":\"WebSite\",\"@id\":\"https:\\\/\\\/smatra-apac.com\\\/#website\",\"url\":\"https:\\\/\\\/smatra-apac.com\\\/\",\"name\":\"SMATRA APAC Group\",\"description\":\"Your Strategic Link to Asia-Pacific\",\"publisher\":{\"@id\":\"https:\\\/\\\/smatra-apac.com\\\/#organization\"},\"potentialAction\":[{\"@type\":\"SearchAction\",\"target\":{\"@type\":\"EntryPoint\",\"urlTemplate\":\"https:\\\/\\\/smatra-apac.com\\\/?s={search_term_string}\"},\"query-input\":{\"@type\":\"PropertyValueSpecification\",\"valueRequired\":true,\"valueName\":\"search_term_string\"}}],\"inLanguage\":\"en-US\"},{\"@type\":\"Organization\",\"@id\":\"https:\\\/\\\/smatra-apac.com\\\/#organization\",\"name\":\"SMATRA APAC Group\",\"url\":\"https:\\\/\\\/smatra-apac.com\\\/\",\"logo\":{\"@type\":\"ImageObject\",\"inLanguage\":\"en-US\",\"@id\":\"https:\\\/\\\/smatra-apac.com\\\/#\\\/schema\\\/logo\\\/image\\\/\",\"url\":\"https:\\\/\\\/smatra-apac.com\\\/wp-content\\\/uploads\\\/2018\\\/03\\\/logo_footer_small_120.png\",\"contentUrl\":\"https:\\\/\\\/smatra-apac.com\\\/wp-content\\\/uploads\\\/2018\\\/03\\\/logo_footer_small_120.png\",\"width\":211,\"height\":188,\"caption\":\"SMATRA APAC Group\"},\"image\":{\"@id\":\"https:\\\/\\\/smatra-apac.com\\\/#\\\/schema\\\/logo\\\/image\\\/\"},\"sameAs\":[\"https:\\\/\\\/x.com\\\/SMATRA_APAC\"]}]}<\/script>\n<!-- \/ Yoast SEO plugin. -->","yoast_head_json":{"title":"Markteintrittsstrategie - SMATRA APAC Group","robots":{"index":"index","follow":"follow","max-snippet":"max-snippet:-1","max-image-preview":"max-image-preview:large","max-video-preview":"max-video-preview:-1"},"canonical":"https:\/\/smatra-apac.com\/index.php\/markteintrittsstrategie\/","og_locale":"en_US","og_type":"article","og_title":"Markteintrittsstrategie - SMATRA APAC Group","og_description":"[vc_row nav_skin=&#8221;light&#8221; consent_include=&#8221;include&#8221;][vc_column css_animation=&#8221;&#8221;][vc_empty_space height=&#8221;80px&#8221;][vc_text_element typography=&#8221;{&#8220;font_family&#8220;:&#8220;1596475616913142&#8220;,&#8220;variants&#8220;:&#8220;500&#8220;,&#8220;subsets&#8220;:&#8220;devanagari&#8220;,&#8220;font_size&#8220;:&#8220;13px&#8220;}&#8221; css_animation=&#8221;&#8221;] BERATUNG F\u00dcR ASIEN-PAZIFISCHE M\u00c4RKTE\u00a0 [\/vc_text_element][vc_empty_space height=&#8221;10px&#8221;][vc_heading heading_text=&#8221;Markteintritt gem\u00e4\u00df Gesch\u00e4ftszielen&#8221; heading_wrapper=&#8221;h3&#8243; heading_color=&#8221;{&#8220;solid&#8220;:{&#8220;id&#8220;:&#8220;custom_color&#8220;,&#8220;color&#8220;:&#8220;rgba(0,32,96,1)&#8220;}}&#8221; heading_typography=&#8221;{&#8220;font_family&#8220;:&#8220;1596475607973655&#8220;,&#8220;variants&#8220;:&#8220;400&#8220;,&#8220;subsets&#8220;:&#8220;latin-ext&#8220;,&#8220;font_size&#8220;:&#8220;35px&#8220;,&#8220;line_height&#8220;:&#8220;1.2em&#8220;,&#8220;letter_spacing&#8220;:&#8220;-0.03em&#8220;}&#8221; css_animation=&#8221;&#8221;][vc_column_text]Jedes Unternehmen steht vor einer Situation, in der es sich ver\u00e4ndern, ein neues Gesch\u00e4ftssegment oder einen ausl\u00e4ndischen Markt erschlie\u00dfen muss. Normalerweise sind Manager mit den t\u00e4glichen Abl\u00e4ufen der Unternehmensf\u00fchrung besch\u00e4ftigt. Es bleibt nur wenig Zeit, um Probleme zu untersuchen, Gesch\u00e4ftsoptionen f\u00fcr die Zukunft zu formulieren und den Ausgang bestimmter Szenarien vorherzusagen, da dies zeitaufw\u00e4ndige Aktivit\u00e4ten sind.&hellip; Continue Reading Markteintrittsstrategie","og_url":"https:\/\/smatra-apac.com\/index.php\/markteintrittsstrategie\/?lang=de","og_site_name":"SMATRA APAC Group","article_modified_time":"2023-05-24T14:26:41+00:00","og_image":[{"width":2004,"height":1125,"url":"https:\/\/smatra-apac.com\/wp-content\/uploads\/2020\/07\/banner.png","type":"image\/png"}],"twitter_card":"summary_large_image","twitter_site":"@SMATRA_APAC","twitter_misc":{"Est. reading time":"2 minutes"},"schema":{"@context":"https:\/\/schema.org","@graph":[{"@type":"WebPage","@id":"https:\/\/smatra-apac.com\/index.php\/markteintrittsstrategie\/?lang=de","url":"https:\/\/smatra-apac.com\/index.php\/markteintrittsstrategie\/?lang=de","name":"Markteintrittsstrategie - SMATRA APAC Group","isPartOf":{"@id":"https:\/\/smatra-apac.com\/#website"},"primaryImageOfPage":{"@id":"https:\/\/smatra-apac.com\/index.php\/markteintrittsstrategie\/?lang=de#primaryimage"},"image":{"@id":"https:\/\/smatra-apac.com\/index.php\/markteintrittsstrategie\/?lang=de#primaryimage"},"thumbnailUrl":"https:\/\/smatra-apac.com\/wp-content\/uploads\/2020\/07\/banner.png","datePublished":"2020-08-14T15:55:32+00:00","dateModified":"2023-05-24T14:26:41+00:00","breadcrumb":{"@id":"https:\/\/smatra-apac.com\/index.php\/markteintrittsstrategie\/?lang=de#breadcrumb"},"inLanguage":"en-US","potentialAction":[{"@type":"ReadAction","target":["https:\/\/smatra-apac.com\/index.php\/markteintrittsstrategie\/?lang=de"]}]},{"@type":"ImageObject","inLanguage":"en-US","@id":"https:\/\/smatra-apac.com\/index.php\/markteintrittsstrategie\/?lang=de#primaryimage","url":"https:\/\/smatra-apac.com\/wp-content\/uploads\/2020\/07\/banner.png","contentUrl":"https:\/\/smatra-apac.com\/wp-content\/uploads\/2020\/07\/banner.png","width":2004,"height":1125,"caption":"ocean depths"},{"@type":"BreadcrumbList","@id":"https:\/\/smatra-apac.com\/index.php\/markteintrittsstrategie\/?lang=de#breadcrumb","itemListElement":[{"@type":"ListItem","position":1,"name":"Home","item":"https:\/\/smatra-apac.com\/"},{"@type":"ListItem","position":2,"name":"Markteintrittsstrategie"}]},{"@type":"WebSite","@id":"https:\/\/smatra-apac.com\/#website","url":"https:\/\/smatra-apac.com\/","name":"SMATRA APAC Group","description":"Your Strategic Link to Asia-Pacific","publisher":{"@id":"https:\/\/smatra-apac.com\/#organization"},"potentialAction":[{"@type":"SearchAction","target":{"@type":"EntryPoint","urlTemplate":"https:\/\/smatra-apac.com\/?s={search_term_string}"},"query-input":{"@type":"PropertyValueSpecification","valueRequired":true,"valueName":"search_term_string"}}],"inLanguage":"en-US"},{"@type":"Organization","@id":"https:\/\/smatra-apac.com\/#organization","name":"SMATRA APAC Group","url":"https:\/\/smatra-apac.com\/","logo":{"@type":"ImageObject","inLanguage":"en-US","@id":"https:\/\/smatra-apac.com\/#\/schema\/logo\/image\/","url":"https:\/\/smatra-apac.com\/wp-content\/uploads\/2018\/03\/logo_footer_small_120.png","contentUrl":"https:\/\/smatra-apac.com\/wp-content\/uploads\/2018\/03\/logo_footer_small_120.png","width":211,"height":188,"caption":"SMATRA APAC Group"},"image":{"@id":"https:\/\/smatra-apac.com\/#\/schema\/logo\/image\/"},"sameAs":["https:\/\/x.com\/SMATRA_APAC"]}]}},"jetpack_sharing_enabled":true,"_links":{"self":[{"href":"https:\/\/smatra-apac.com\/index.php\/wp-json\/wp\/v2\/pages\/1965","targetHints":{"allow":["GET"]}}],"collection":[{"href":"https:\/\/smatra-apac.com\/index.php\/wp-json\/wp\/v2\/pages"}],"about":[{"href":"https:\/\/smatra-apac.com\/index.php\/wp-json\/wp\/v2\/types\/page"}],"author":[{"embeddable":true,"href":"https:\/\/smatra-apac.com\/index.php\/wp-json\/wp\/v2\/users\/2"}],"replies":[{"embeddable":true,"href":"https:\/\/smatra-apac.com\/index.php\/wp-json\/wp\/v2\/comments?post=1965"}],"version-history":[{"count":3,"href":"https:\/\/smatra-apac.com\/index.php\/wp-json\/wp\/v2\/pages\/1965\/revisions"}],"predecessor-version":[{"id":1970,"href":"https:\/\/smatra-apac.com\/index.php\/wp-json\/wp\/v2\/pages\/1965\/revisions\/1970"}],"wp:featuredmedia":[{"embeddable":true,"href":"https:\/\/smatra-apac.com\/index.php\/wp-json\/wp\/v2\/media\/1842"}],"wp:attachment":[{"href":"https:\/\/smatra-apac.com\/index.php\/wp-json\/wp\/v2\/media?parent=1965"}],"curies":[{"name":"wp","href":"https:\/\/api.w.org\/{rel}","templated":true}]}}