{"id":1972,"date":"2020-08-16T08:43:59","date_gmt":"2020-08-16T08:43:59","guid":{"rendered":"https:\/\/smatra-apac.com\/index.php\/business-development\/"},"modified":"2023-05-24T14:34:13","modified_gmt":"2023-05-24T14:34:13","slug":"business-development","status":"publish","type":"page","link":"https:\/\/smatra-apac.com\/index.php\/business-development\/?lang=de","title":{"rendered":"Gesch\u00e4ftsentwicklung"},"content":{"rendered":"<div class=\"wpb-content-wrapper\"><p>[vc_row nav_skin=&#8221;light&#8221; consent_include=&#8221;include&#8221;][vc_column css_animation=&#8221;&#8221;][vc_empty_space height=&#8221;80px&#8221;][vc_text_element typography=&#8221;{&#8220;font_family&#8220;:&#8220;1596475616913142&#8220;,&#8220;variants&#8220;:&#8220;500&#8220;,&#8220;subsets&#8220;:&#8220;devanagari&#8220;,&#8220;font_size&#8220;:&#8220;13px&#8220;}&#8221; css_animation=&#8221;&#8221;]<\/p>\n<p style=\"text-align: left;\"><span style=\"color: #1974d2;\">GESCH\u00c4FTSENTWICKLUNG F\u00dcR ASIEN-PAZIFISCHE M\u00c4RKTE\u00a0<\/span><\/p>\n<p>[\/vc_text_element][vc_empty_space height=&#8221;10px&#8221;][vc_heading heading_text=&#8221;St\u00e4rken Sie Ihre Marke mit<br \/>\nlokalen Experten &amp; einem starken Netzwerk&#8221; heading_wrapper=&#8221;h3&#8243; heading_color=&#8221;{&#8220;solid&#8220;:{&#8220;id&#8220;:&#8220;custom_color&#8220;,&#8220;color&#8220;:&#8220;rgba(0,32,96,1)&#8220;}}&#8221; heading_typography=&#8221;{&#8220;font_family&#8220;:&#8220;1596475607973655&#8220;,&#8220;variants&#8220;:&#8220;400&#8220;,&#8220;subsets&#8220;:&#8220;latin-ext&#8220;,&#8220;font_size&#8220;:&#8220;35px&#8220;,&#8220;line_height&#8220;:&#8220;1.2em&#8220;,&#8220;letter_spacing&#8220;:&#8220;-0.03em&#8220;}&#8221; css_animation=&#8221;&#8221;][vc_column_text]Gesch\u00e4ftsentwicklung ist eines unserer Kernprodukte f\u00fcr ausl\u00e4ndische Kunden mit Vertriebsrepr\u00e4sentanzen in China, Hongkong und S\u00fcdkorea, um den asiatisch-pazifischen Raum abzudecken. Unsere Berater k\u00f6nnen als Ihr eigenes Vertriebsteam agieren, inklusive E-Mail-Adressen und Visitenkarten.<\/p>\n<p>Mit diesem Modell bauen wir f\u00fcr Sie eine Pipeline und einen Vertriebskanal auf. Die pers\u00f6nliche Vertretung Ihrer Marke ist ein wichtiger Schritt, um eine umfassende Markenpr\u00e4senz und Vertriebskan\u00e4le in der asiatisch-pazifischen Region aufzubauen. Es senkt Ihre Kosten und ist effizienter im Vergleich zur eigenst\u00e4ndigen Einrichtung vor Ort oder zur Unterst\u00fctzung der Region aus der Ferne.<\/p>\n<p>Die Gesch\u00e4ftsentwicklung beinhaltet typischerweise einen Schritt zur\u00fcckzutreten und nach n\u00fctzlichen Verbindungen und M\u00f6glichkeiten zu suchen:<\/p>\n<ul>\n<li>Aufbau eines branchen\u00fcbergreifenden Netzwerks<\/li>\n<li>Benchmarking und Messung<\/li>\n<li>Innovation anwenden<\/li>\n<li>Suche nach M\u00f6glichkeiten zur Wertsch\u00f6pfung<\/li>\n<li>Mit der Regierung in Kontakt treten<\/li>\n<li>Value Engineering \u2013 Kosten senken und gleichzeitig den Service aufrechterhalten<\/li>\n<li>Erstellen oder verbessern Sie die Vertriebsstrategie<\/li>\n<\/ul>\n<p>[\/vc_column_text][vc_empty_space height=&#8221;40px&#8221;][\/vc_column][\/vc_row]<\/p>\n<\/div>","protected":false},"excerpt":{"rendered":"<p>[vc_row nav_skin=&#8221;light&#8221; consent_include=&#8221;include&#8221;][vc_column css_animation=&#8221;&#8221;][vc_empty_space height=&#8221;80px&#8221;][vc_text_element typography=&#8221;{&#8220;font_family&#8220;:&#8220;1596475616913142&#8220;,&#8220;variants&#8220;:&#8220;500&#8220;,&#8220;subsets&#8220;:&#8220;devanagari&#8220;,&#8220;font_size&#8220;:&#8220;13px&#8220;}&#8221; css_animation=&#8221;&#8221;] GESCH\u00c4FTSENTWICKLUNG F\u00dcR ASIEN-PAZIFISCHE M\u00c4RKTE\u00a0 [\/vc_text_element][vc_empty_space height=&#8221;10px&#8221;][vc_heading heading_text=&#8221;St\u00e4rken Sie Ihre Marke mit lokalen Experten &amp; einem starken Netzwerk&#8221; heading_wrapper=&#8221;h3&#8243; heading_color=&#8221;{&#8220;solid&#8220;:{&#8220;id&#8220;:&#8220;custom_color&#8220;,&#8220;color&#8220;:&#8220;rgba(0,32,96,1)&#8220;}}&#8221; heading_typography=&#8221;{&#8220;font_family&#8220;:&#8220;1596475607973655&#8220;,&#8220;variants&#8220;:&#8220;400&#8220;,&#8220;subsets&#8220;:&#8220;latin-ext&#8220;,&#8220;font_size&#8220;:&#8220;35px&#8220;,&#8220;line_height&#8220;:&#8220;1.2em&#8220;,&#8220;letter_spacing&#8220;:&#8220;-0.03em&#8220;}&#8221; css_animation=&#8221;&#8221;][vc_column_text]Gesch\u00e4ftsentwicklung ist eines unserer Kernprodukte f\u00fcr ausl\u00e4ndische Kunden mit Vertriebsrepr\u00e4sentanzen in China, Hongkong und S\u00fcdkorea, um den asiatisch-pazifischen Raum abzudecken. Unsere Berater k\u00f6nnen als Ihr eigenes Vertriebsteam agieren, inklusive E-Mail-Adressen und Visitenkarten. Mit diesem Modell bauen wir f\u00fcr Sie eine Pipeline und einen Vertriebskanal auf. Die pers\u00f6nliche Vertretung&hellip; <a class=\"continue\" href=\"https:\/\/smatra-apac.com\/index.php\/business-development\/?lang=de\">Continue Reading<span> Gesch\u00e4ftsentwicklung<\/span><\/a><\/p>\n","protected":false},"author":2,"featured_media":1522,"parent":0,"menu_order":0,"comment_status":"closed","ping_status":"closed","template":"","meta":{"inline_featured_image":false,"footnotes":""},"class_list":["post-1972","page","type-page","status-publish","has-post-thumbnail","hentry"],"yoast_head":"<!-- This site is optimized with the Yoast SEO plugin v27.3 - https:\/\/yoast.com\/product\/yoast-seo-wordpress\/ -->\n<title>Gesch\u00e4ftsentwicklung - SMATRA APAC Group<\/title>\n<meta name=\"robots\" content=\"index, follow, max-snippet:-1, max-image-preview:large, max-video-preview:-1\" \/>\n<link rel=\"canonical\" href=\"https:\/\/smatra-apac.com\/index.php\/business-development\/\" \/>\n<meta property=\"og:locale\" content=\"en_US\" \/>\n<meta property=\"og:type\" content=\"article\" \/>\n<meta property=\"og:title\" content=\"Gesch\u00e4ftsentwicklung - SMATRA APAC Group\" \/>\n<meta property=\"og:description\" content=\"[vc_row nav_skin=&#8221;light&#8221; consent_include=&#8221;include&#8221;][vc_column css_animation=&#8221;&#8221;][vc_empty_space height=&#8221;80px&#8221;][vc_text_element typography=&#8221;{&#8220;font_family&#8220;:&#8220;1596475616913142&#8220;,&#8220;variants&#8220;:&#8220;500&#8220;,&#8220;subsets&#8220;:&#8220;devanagari&#8220;,&#8220;font_size&#8220;:&#8220;13px&#8220;}&#8221; css_animation=&#8221;&#8221;] GESCH\u00c4FTSENTWICKLUNG F\u00dcR ASIEN-PAZIFISCHE M\u00c4RKTE\u00a0 [\/vc_text_element][vc_empty_space height=&#8221;10px&#8221;][vc_heading heading_text=&#8221;St\u00e4rken Sie Ihre Marke mit lokalen Experten &amp; einem starken Netzwerk&#8221; heading_wrapper=&#8221;h3&#8243; heading_color=&#8221;{&#8220;solid&#8220;:{&#8220;id&#8220;:&#8220;custom_color&#8220;,&#8220;color&#8220;:&#8220;rgba(0,32,96,1)&#8220;}}&#8221; heading_typography=&#8221;{&#8220;font_family&#8220;:&#8220;1596475607973655&#8220;,&#8220;variants&#8220;:&#8220;400&#8220;,&#8220;subsets&#8220;:&#8220;latin-ext&#8220;,&#8220;font_size&#8220;:&#8220;35px&#8220;,&#8220;line_height&#8220;:&#8220;1.2em&#8220;,&#8220;letter_spacing&#8220;:&#8220;-0.03em&#8220;}&#8221; css_animation=&#8221;&#8221;][vc_column_text]Gesch\u00e4ftsentwicklung ist eines unserer Kernprodukte f\u00fcr ausl\u00e4ndische Kunden mit Vertriebsrepr\u00e4sentanzen in China, Hongkong und S\u00fcdkorea, um den asiatisch-pazifischen Raum abzudecken. Unsere Berater k\u00f6nnen als Ihr eigenes Vertriebsteam agieren, inklusive E-Mail-Adressen und Visitenkarten. Mit diesem Modell bauen wir f\u00fcr Sie eine Pipeline und einen Vertriebskanal auf. Die pers\u00f6nliche Vertretung&hellip; Continue Reading Gesch\u00e4ftsentwicklung\" \/>\n<meta property=\"og:url\" content=\"https:\/\/smatra-apac.com\/index.php\/business-development\/?lang=de\" \/>\n<meta property=\"og:site_name\" content=\"SMATRA APAC Group\" \/>\n<meta property=\"article:modified_time\" content=\"2023-05-24T14:34:13+00:00\" \/>\n<meta property=\"og:image\" content=\"https:\/\/smatra-apac.com\/wp-content\/uploads\/2020\/07\/sailing-scaled.jpg\" \/>\n\t<meta property=\"og:image:width\" content=\"2560\" \/>\n\t<meta property=\"og:image:height\" content=\"1707\" \/>\n\t<meta property=\"og:image:type\" content=\"image\/jpeg\" \/>\n<meta name=\"twitter:card\" content=\"summary_large_image\" \/>\n<meta name=\"twitter:site\" content=\"@SMATRA_APAC\" \/>\n<meta name=\"twitter:label1\" content=\"Est. reading time\" \/>\n\t<meta name=\"twitter:data1\" content=\"1 minute\" \/>\n<script type=\"application\/ld+json\" class=\"yoast-schema-graph\">{\"@context\":\"https:\\\/\\\/schema.org\",\"@graph\":[{\"@type\":\"WebPage\",\"@id\":\"https:\\\/\\\/smatra-apac.com\\\/index.php\\\/business-development\\\/?lang=de\",\"url\":\"https:\\\/\\\/smatra-apac.com\\\/index.php\\\/business-development\\\/?lang=de\",\"name\":\"Gesch\u00e4ftsentwicklung - SMATRA APAC Group\",\"isPartOf\":{\"@id\":\"https:\\\/\\\/smatra-apac.com\\\/#website\"},\"primaryImageOfPage\":{\"@id\":\"https:\\\/\\\/smatra-apac.com\\\/index.php\\\/business-development\\\/?lang=de#primaryimage\"},\"image\":{\"@id\":\"https:\\\/\\\/smatra-apac.com\\\/index.php\\\/business-development\\\/?lang=de#primaryimage\"},\"thumbnailUrl\":\"https:\\\/\\\/smatra-apac.com\\\/wp-content\\\/uploads\\\/2020\\\/07\\\/sailing-scaled.jpg\",\"datePublished\":\"2020-08-16T08:43:59+00:00\",\"dateModified\":\"2023-05-24T14:34:13+00:00\",\"breadcrumb\":{\"@id\":\"https:\\\/\\\/smatra-apac.com\\\/index.php\\\/business-development\\\/?lang=de#breadcrumb\"},\"inLanguage\":\"en-US\",\"potentialAction\":[{\"@type\":\"ReadAction\",\"target\":[\"https:\\\/\\\/smatra-apac.com\\\/index.php\\\/business-development\\\/?lang=de\"]}]},{\"@type\":\"ImageObject\",\"inLanguage\":\"en-US\",\"@id\":\"https:\\\/\\\/smatra-apac.com\\\/index.php\\\/business-development\\\/?lang=de#primaryimage\",\"url\":\"https:\\\/\\\/smatra-apac.com\\\/wp-content\\\/uploads\\\/2020\\\/07\\\/sailing-scaled.jpg\",\"contentUrl\":\"https:\\\/\\\/smatra-apac.com\\\/wp-content\\\/uploads\\\/2020\\\/07\\\/sailing-scaled.jpg\",\"width\":2560,\"height\":1707,\"caption\":\"Luxury sailboat sailing in the open blue sea\"},{\"@type\":\"BreadcrumbList\",\"@id\":\"https:\\\/\\\/smatra-apac.com\\\/index.php\\\/business-development\\\/?lang=de#breadcrumb\",\"itemListElement\":[{\"@type\":\"ListItem\",\"position\":1,\"name\":\"Home\",\"item\":\"https:\\\/\\\/smatra-apac.com\\\/\"},{\"@type\":\"ListItem\",\"position\":2,\"name\":\"Gesch\u00e4ftsentwicklung\"}]},{\"@type\":\"WebSite\",\"@id\":\"https:\\\/\\\/smatra-apac.com\\\/#website\",\"url\":\"https:\\\/\\\/smatra-apac.com\\\/\",\"name\":\"SMATRA APAC Group\",\"description\":\"Your Strategic Link to Asia-Pacific\",\"publisher\":{\"@id\":\"https:\\\/\\\/smatra-apac.com\\\/#organization\"},\"potentialAction\":[{\"@type\":\"SearchAction\",\"target\":{\"@type\":\"EntryPoint\",\"urlTemplate\":\"https:\\\/\\\/smatra-apac.com\\\/?s={search_term_string}\"},\"query-input\":{\"@type\":\"PropertyValueSpecification\",\"valueRequired\":true,\"valueName\":\"search_term_string\"}}],\"inLanguage\":\"en-US\"},{\"@type\":\"Organization\",\"@id\":\"https:\\\/\\\/smatra-apac.com\\\/#organization\",\"name\":\"SMATRA APAC Group\",\"url\":\"https:\\\/\\\/smatra-apac.com\\\/\",\"logo\":{\"@type\":\"ImageObject\",\"inLanguage\":\"en-US\",\"@id\":\"https:\\\/\\\/smatra-apac.com\\\/#\\\/schema\\\/logo\\\/image\\\/\",\"url\":\"https:\\\/\\\/smatra-apac.com\\\/wp-content\\\/uploads\\\/2018\\\/03\\\/logo_footer_small_120.png\",\"contentUrl\":\"https:\\\/\\\/smatra-apac.com\\\/wp-content\\\/uploads\\\/2018\\\/03\\\/logo_footer_small_120.png\",\"width\":211,\"height\":188,\"caption\":\"SMATRA APAC Group\"},\"image\":{\"@id\":\"https:\\\/\\\/smatra-apac.com\\\/#\\\/schema\\\/logo\\\/image\\\/\"},\"sameAs\":[\"https:\\\/\\\/x.com\\\/SMATRA_APAC\"]}]}<\/script>\n<!-- \/ Yoast SEO plugin. -->","yoast_head_json":{"title":"Gesch\u00e4ftsentwicklung - SMATRA APAC Group","robots":{"index":"index","follow":"follow","max-snippet":"max-snippet:-1","max-image-preview":"max-image-preview:large","max-video-preview":"max-video-preview:-1"},"canonical":"https:\/\/smatra-apac.com\/index.php\/business-development\/","og_locale":"en_US","og_type":"article","og_title":"Gesch\u00e4ftsentwicklung - SMATRA APAC Group","og_description":"[vc_row nav_skin=&#8221;light&#8221; consent_include=&#8221;include&#8221;][vc_column css_animation=&#8221;&#8221;][vc_empty_space height=&#8221;80px&#8221;][vc_text_element typography=&#8221;{&#8220;font_family&#8220;:&#8220;1596475616913142&#8220;,&#8220;variants&#8220;:&#8220;500&#8220;,&#8220;subsets&#8220;:&#8220;devanagari&#8220;,&#8220;font_size&#8220;:&#8220;13px&#8220;}&#8221; css_animation=&#8221;&#8221;] GESCH\u00c4FTSENTWICKLUNG F\u00dcR ASIEN-PAZIFISCHE M\u00c4RKTE\u00a0 [\/vc_text_element][vc_empty_space height=&#8221;10px&#8221;][vc_heading heading_text=&#8221;St\u00e4rken Sie Ihre Marke mit lokalen Experten &amp; einem starken Netzwerk&#8221; heading_wrapper=&#8221;h3&#8243; heading_color=&#8221;{&#8220;solid&#8220;:{&#8220;id&#8220;:&#8220;custom_color&#8220;,&#8220;color&#8220;:&#8220;rgba(0,32,96,1)&#8220;}}&#8221; heading_typography=&#8221;{&#8220;font_family&#8220;:&#8220;1596475607973655&#8220;,&#8220;variants&#8220;:&#8220;400&#8220;,&#8220;subsets&#8220;:&#8220;latin-ext&#8220;,&#8220;font_size&#8220;:&#8220;35px&#8220;,&#8220;line_height&#8220;:&#8220;1.2em&#8220;,&#8220;letter_spacing&#8220;:&#8220;-0.03em&#8220;}&#8221; css_animation=&#8221;&#8221;][vc_column_text]Gesch\u00e4ftsentwicklung ist eines unserer Kernprodukte f\u00fcr ausl\u00e4ndische Kunden mit Vertriebsrepr\u00e4sentanzen in China, Hongkong und S\u00fcdkorea, um den asiatisch-pazifischen Raum abzudecken. Unsere Berater k\u00f6nnen als Ihr eigenes Vertriebsteam agieren, inklusive E-Mail-Adressen und Visitenkarten. Mit diesem Modell bauen wir f\u00fcr Sie eine Pipeline und einen Vertriebskanal auf. Die pers\u00f6nliche Vertretung&hellip; Continue Reading Gesch\u00e4ftsentwicklung","og_url":"https:\/\/smatra-apac.com\/index.php\/business-development\/?lang=de","og_site_name":"SMATRA APAC Group","article_modified_time":"2023-05-24T14:34:13+00:00","og_image":[{"width":2560,"height":1707,"url":"https:\/\/smatra-apac.com\/wp-content\/uploads\/2020\/07\/sailing-scaled.jpg","type":"image\/jpeg"}],"twitter_card":"summary_large_image","twitter_site":"@SMATRA_APAC","twitter_misc":{"Est. reading time":"1 minute"},"schema":{"@context":"https:\/\/schema.org","@graph":[{"@type":"WebPage","@id":"https:\/\/smatra-apac.com\/index.php\/business-development\/?lang=de","url":"https:\/\/smatra-apac.com\/index.php\/business-development\/?lang=de","name":"Gesch\u00e4ftsentwicklung - SMATRA APAC Group","isPartOf":{"@id":"https:\/\/smatra-apac.com\/#website"},"primaryImageOfPage":{"@id":"https:\/\/smatra-apac.com\/index.php\/business-development\/?lang=de#primaryimage"},"image":{"@id":"https:\/\/smatra-apac.com\/index.php\/business-development\/?lang=de#primaryimage"},"thumbnailUrl":"https:\/\/smatra-apac.com\/wp-content\/uploads\/2020\/07\/sailing-scaled.jpg","datePublished":"2020-08-16T08:43:59+00:00","dateModified":"2023-05-24T14:34:13+00:00","breadcrumb":{"@id":"https:\/\/smatra-apac.com\/index.php\/business-development\/?lang=de#breadcrumb"},"inLanguage":"en-US","potentialAction":[{"@type":"ReadAction","target":["https:\/\/smatra-apac.com\/index.php\/business-development\/?lang=de"]}]},{"@type":"ImageObject","inLanguage":"en-US","@id":"https:\/\/smatra-apac.com\/index.php\/business-development\/?lang=de#primaryimage","url":"https:\/\/smatra-apac.com\/wp-content\/uploads\/2020\/07\/sailing-scaled.jpg","contentUrl":"https:\/\/smatra-apac.com\/wp-content\/uploads\/2020\/07\/sailing-scaled.jpg","width":2560,"height":1707,"caption":"Luxury sailboat sailing in the open blue sea"},{"@type":"BreadcrumbList","@id":"https:\/\/smatra-apac.com\/index.php\/business-development\/?lang=de#breadcrumb","itemListElement":[{"@type":"ListItem","position":1,"name":"Home","item":"https:\/\/smatra-apac.com\/"},{"@type":"ListItem","position":2,"name":"Gesch\u00e4ftsentwicklung"}]},{"@type":"WebSite","@id":"https:\/\/smatra-apac.com\/#website","url":"https:\/\/smatra-apac.com\/","name":"SMATRA APAC Group","description":"Your Strategic Link to Asia-Pacific","publisher":{"@id":"https:\/\/smatra-apac.com\/#organization"},"potentialAction":[{"@type":"SearchAction","target":{"@type":"EntryPoint","urlTemplate":"https:\/\/smatra-apac.com\/?s={search_term_string}"},"query-input":{"@type":"PropertyValueSpecification","valueRequired":true,"valueName":"search_term_string"}}],"inLanguage":"en-US"},{"@type":"Organization","@id":"https:\/\/smatra-apac.com\/#organization","name":"SMATRA APAC Group","url":"https:\/\/smatra-apac.com\/","logo":{"@type":"ImageObject","inLanguage":"en-US","@id":"https:\/\/smatra-apac.com\/#\/schema\/logo\/image\/","url":"https:\/\/smatra-apac.com\/wp-content\/uploads\/2018\/03\/logo_footer_small_120.png","contentUrl":"https:\/\/smatra-apac.com\/wp-content\/uploads\/2018\/03\/logo_footer_small_120.png","width":211,"height":188,"caption":"SMATRA APAC Group"},"image":{"@id":"https:\/\/smatra-apac.com\/#\/schema\/logo\/image\/"},"sameAs":["https:\/\/x.com\/SMATRA_APAC"]}]}},"jetpack_sharing_enabled":true,"_links":{"self":[{"href":"https:\/\/smatra-apac.com\/index.php\/wp-json\/wp\/v2\/pages\/1972","targetHints":{"allow":["GET"]}}],"collection":[{"href":"https:\/\/smatra-apac.com\/index.php\/wp-json\/wp\/v2\/pages"}],"about":[{"href":"https:\/\/smatra-apac.com\/index.php\/wp-json\/wp\/v2\/types\/page"}],"author":[{"embeddable":true,"href":"https:\/\/smatra-apac.com\/index.php\/wp-json\/wp\/v2\/users\/2"}],"replies":[{"embeddable":true,"href":"https:\/\/smatra-apac.com\/index.php\/wp-json\/wp\/v2\/comments?post=1972"}],"version-history":[{"count":2,"href":"https:\/\/smatra-apac.com\/index.php\/wp-json\/wp\/v2\/pages\/1972\/revisions"}],"predecessor-version":[{"id":1974,"href":"https:\/\/smatra-apac.com\/index.php\/wp-json\/wp\/v2\/pages\/1972\/revisions\/1974"}],"wp:featuredmedia":[{"embeddable":true,"href":"https:\/\/smatra-apac.com\/index.php\/wp-json\/wp\/v2\/media\/1522"}],"wp:attachment":[{"href":"https:\/\/smatra-apac.com\/index.php\/wp-json\/wp\/v2\/media?parent=1972"}],"curies":[{"name":"wp","href":"https:\/\/api.w.org\/{rel}","templated":true}]}}