{"id":2014,"date":"2020-07-07T07:23:29","date_gmt":"2020-07-07T07:23:29","guid":{"rendered":"https:\/\/smatra-apac.com\/index.php\/green-supply-chain-consulting\/"},"modified":"2025-02-01T12:57:36","modified_gmt":"2025-02-01T12:57:36","slug":"green-supply-chain-consulting","status":"publish","type":"page","link":"https:\/\/smatra-apac.com\/index.php\/green-supply-chain-consulting\/?lang=de","title":{"rendered":"Nachhaltige Lieferketten"},"content":{"rendered":"<div class=\"wpb-content-wrapper\"><p>[vc_row nav_skin=&#8221;light&#8221; consent_include=&#8221;include&#8221;][vc_column css_animation=&#8221;&#8221;][vc_empty_space height=&#8221;80px&#8221;][vc_text_element typography=&#8221;{&#8220;font_family&#8220;:&#8220;1596475616913142&#8220;,&#8220;variants&#8220;:&#8220;500&#8220;,&#8220;subsets&#8220;:&#8220;devanagari&#8220;,&#8220;font_size&#8220;:&#8220;13px&#8220;}&#8221; css_animation=&#8221;&#8221;]<\/p>\n<p style=\"text-align: left;\"><span style=\"color: #1974d2;\">NACHHALTIGE UND VERANTWORTUNGSBEWUSSTE LIEFERKETTENL\u00d6SUNGEN F\u00dcR IHR UNTERNEHMEN<\/span><\/p>\n<p>[\/vc_text_element][vc_empty_space height=&#8221;10px&#8221;][vc_heading heading_text=&#8221;Nachhaltige Lieferketten:<br \/>\nExpertise &amp; Datenbasierte Innovationen&#8221; heading_wrapper=&#8221;h3&#8243; heading_color=&#8221;{&#8220;solid&#8220;:{&#8220;id&#8220;:&#8220;custom_color&#8220;,&#8220;color&#8220;:&#8220;rgba(0,32,96,1)&#8220;}}&#8221; heading_typography=&#8221;{&#8220;font_family&#8220;:&#8220;1596475607973655&#8220;,&#8220;variants&#8220;:&#8220;400&#8220;,&#8220;subsets&#8220;:&#8220;latin-ext&#8220;,&#8220;font_size&#8220;:&#8220;35px&#8220;,&#8220;line_height&#8220;:&#8220;1.2em&#8220;,&#8220;letter_spacing&#8220;:&#8220;-0.03em&#8220;}&#8221; css_animation=&#8221;&#8221;][vc_column_text css=&#8221;&#8221;]In unserer Beratung verstehen wir die sich schnell ver\u00e4ndernde Gesch\u00e4ftswelt und ihre Komplexit\u00e4ten, die intelligente und flexible L\u00f6sungen erfordern. Unsere Kunden sehen echte Ergebnisse durch die Zusammenarbeit mit uns. Durch die Kombination von Branchenwissen, operativen F\u00e4higkeiten und Technologie sowie unseren einzigartigen Ressourcen schaffen wir ma\u00dfgeschneiderte L\u00f6sungen f\u00fcr die spezifischen Herausforderungen jedes Kunden.<\/p>\n<p>Unsere Dienstleistungen umfassen:<\/p>\n<ul>\n<li><strong>Nachhaltigkeitsbewertungen<\/strong>: Bewertung der Lieferkettenoperationen zur Identifizierung von Umweltauswirkungen und Verbesserungspotenzialen.<\/li>\n<li><strong>Umweltfreundliche Beschaffungsstrategien<\/strong>: Entwicklung von Strategien f\u00fcr nachhaltige Beschaffung und Einkauf unter Verwendung umweltfreundlicher Materialien und Lieferanten.<\/li>\n<li><strong>Optimierung der Lieferkette<\/strong>: Rationalisierung der Abl\u00e4ufe zur Reduzierung von Abfall, Steigerung der Effizienz und Minimierung der Umweltauswirkungen bei gleichzeitiger Kostenoptimierung.<\/li>\n<\/ul>\n<p>Unser adaptiver Ansatz hat dauerhafte Partnerschaften mit vielen globalen Unternehmen aufgebaut. Mit B\u00fcros in Deutschland, Hongkong, China und S\u00fcdkorea bedienen wir effektiv Kunden in Europa und der Asien-Pazifik-Region. Durch die enge Zusammenarbeit mit ihnen erzielen wir echte und nachhaltige Erfolge.[\/vc_column_text][vc_empty_space height=&#8221;40px&#8221;][vc_button_glowing title=&#8221;TrackChain Tool&#8221; text_typography=&#8221;{&#8220;font_family&#8220;:&#8220;1596475607973655&#8220;,&#8220;variants&#8220;:&#8220;700&#8220;,&#8220;subsets&#8220;:&#8220;latin-ext&#8220;,&#8220;font_size&#8220;:&#8220;16px&#8220;}&#8221; size=&#8221;5&#8243; display=&#8221;&#8221; css_animation=&#8221;&#8221; link=&#8221;url:https%3A%2F%2Fsmatra-apac.com%2Findex.php%2Fdigital_product_pass%2F%3Flang%3Dde|title:Digital%20Supply%20Chain|target:_blank&#8221; margin=&#8221;{&#8220;right&#8220;:30,&#8220;bottom&#8220;:15,&#8220;property&#8220;:&#8220;margin&#8220;}&#8221; text_color=&#8221;{&#8220;id&#8220;:&#8220;custom_color&#8220;,&#8220;color&#8220;:&#8220;rgba(255,255,255,1)&#8220;}&#8221; bg_color=&#8221;{&#8220;solid&#8220;:{&#8220;id&#8220;:&#8220;custom_color&#8220;,&#8220;color&#8220;:&#8220;rgba(6,55,58,1)&#8220;}}&#8221; border_radius=&#8221;{&#8220;top-left&#8220;:40,&#8220;top-right&#8220;:40,&#8220;bottom-right&#8220;:40,&#8220;bottom-left&#8220;:40,&#8220;property&#8220;:&#8220;border&#8220;,&#8220;suffix&#8220;:&#8220;radius&#8220;}&#8221; text_color_h=&#8221;{&#8220;id&#8220;:&#8220;custom_color&#8220;,&#8220;color&#8220;:&#8220;rgba(255,255,255,1)&#8220;}&#8221; bg_color_h=&#8221;{&#8220;solid&#8220;:{&#8220;id&#8220;:&#8220;custom_color&#8220;,&#8220;color&#8220;:&#8220;rgba(6,55,58,1)&#8220;}}&#8221; icon=&#8221;{&#8220;font&#8220;:&#8220;scape-business&#8220;,&#8220;icon&#8220;:&#8220;scape-business-QR-Code&#8220;}&#8221;][\/vc_column][\/vc_row][vc_row custom_bg_type=&#8221;image&#8221; custom_bg_cover=&#8221;cover&#8221; custom_bg_repeat=&#8221;no-repeat&#8221; custom_bg_position=&#8221;Center center&#8221; nav_skin=&#8221;light&#8221; consent_include=&#8221;include&#8221; custom_bg_image=&#8221;648&#8243;][vc_column width=&#8221;1\/2&#8243; css_animation=&#8221;&#8221;][vc_empty_space height=&#8221;20px&#8221;][vc_text_element typography=&#8221;{&#8220;font_family&#8220;:&#8220;1596475616913142&#8220;,&#8220;variants&#8220;:&#8220;500&#8220;,&#8220;subsets&#8220;:&#8220;devanagari&#8220;,&#8220;font_size&#8220;:&#8220;13px&#8220;}&#8221; css_animation=&#8221;&#8221;]<\/p>\n<p style=\"text-align: left;\"><span style=\"color: #ffffff;\"> KOMPETENZ &amp; ERFAHRUNG<\/span><\/p>\n<p>[\/vc_text_element][vc_heading heading_text=&#8221;Unterst\u00fctzung von Marktf\u00fchrern<br \/>\nbei der F\u00f6rderung nachhaltiger Gesch\u00e4ftspraktiken&#8221; heading_wrapper=&#8221;h3&#8243; heading_color=&#8221;{&#8220;solid&#8220;:{&#8220;id&#8220;:&#8220;custom_color&#8220;,&#8220;color&#8220;:&#8220;rgba(255,255,255,1)&#8220;}}&#8221; heading_typography=&#8221;{&#8220;font_family&#8220;:&#8220;1596475607973655&#8220;,&#8220;variants&#8220;:&#8220;400&#8220;,&#8220;subsets&#8220;:&#8220;latin-ext&#8220;,&#8220;font_size&#8220;:&#8220;35px&#8220;,&#8220;line_height&#8220;:&#8220;1.2em&#8220;,&#8220;letter_spacing&#8220;:&#8220;-0.03em&#8220;}&#8221; css_animation=&#8221;&#8221;][vc_text_element css_animation=&#8221;&#8221; color=&#8221;{&#8220;id&#8220;:&#8220;custom_color&#8220;,&#8220;color&#8220;:&#8220;rgba(255,255,255,1)&#8220;}&#8221;]Seit Jahren beraten wir branchenf\u00fchrende Unternehmen aus verschiedenen Branchen und unterst\u00fctzen sie bei der Umstellung ihrer Beschaffungspraktiken auf umweltfreundlichere und kosteng\u00fcnstigere Prozesse. Unsere Handlungskompetenz und unser Engagement f\u00fcr Nachhaltigkeit.<\/p>\n<ul>\n<li>Bereitstellung nachhaltiger Beschaffungsl\u00f6sungen f\u00fcr das Treuegesch\u00e4ft in Europa f\u00fcr Spielzeug, K\u00fcchenger\u00e4te und Outdoor-Produkte.<\/li>\n<li>F\u00f6rderung umweltfreundlicher Produkt- und Verpackungsinnovationen in der Elektronikindustrie.<\/li>\n<li>Entwicklung und Integration von Blockchain-L\u00f6sungen in die Due Diligence einer nachhaltigen Lieferkette.<\/li>\n<\/ul>\n<p>[\/vc_text_element][\/vc_column][vc_column width=&#8221;1\/2&#8243; css_animation=&#8221;&#8221;][vc_empty_space height=&#8221;80px&#8221;][vc_image_element image=&#8221;2651&#8243; size_relative=&#8221;30%&#8221; alignment=&#8221;center&#8221; preloader=&#8221;&#8221; css_animation=&#8221;&#8221;][\/vc_column][\/vc_row]<\/p>\n<\/div>","protected":false},"excerpt":{"rendered":"<p>[vc_row nav_skin=&#8221;light&#8221; consent_include=&#8221;include&#8221;][vc_column css_animation=&#8221;&#8221;][vc_empty_space height=&#8221;80px&#8221;][vc_text_element typography=&#8221;{&#8220;font_family&#8220;:&#8220;1596475616913142&#8220;,&#8220;variants&#8220;:&#8220;500&#8220;,&#8220;subsets&#8220;:&#8220;devanagari&#8220;,&#8220;font_size&#8220;:&#8220;13px&#8220;}&#8221; css_animation=&#8221;&#8221;] NACHHALTIGE UND VERANTWORTUNGSBEWUSSTE LIEFERKETTENL\u00d6SUNGEN F\u00dcR IHR UNTERNEHMEN [\/vc_text_element][vc_empty_space height=&#8221;10px&#8221;][vc_heading heading_text=&#8221;Nachhaltige Lieferketten: Expertise &amp; Datenbasierte Innovationen&#8221; heading_wrapper=&#8221;h3&#8243; heading_color=&#8221;{&#8220;solid&#8220;:{&#8220;id&#8220;:&#8220;custom_color&#8220;,&#8220;color&#8220;:&#8220;rgba(0,32,96,1)&#8220;}}&#8221; heading_typography=&#8221;{&#8220;font_family&#8220;:&#8220;1596475607973655&#8220;,&#8220;variants&#8220;:&#8220;400&#8220;,&#8220;subsets&#8220;:&#8220;latin-ext&#8220;,&#8220;font_size&#8220;:&#8220;35px&#8220;,&#8220;line_height&#8220;:&#8220;1.2em&#8220;,&#8220;letter_spacing&#8220;:&#8220;-0.03em&#8220;}&#8221; css_animation=&#8221;&#8221;][vc_column_text css=&#8221;&#8221;]In unserer Beratung verstehen wir die sich schnell ver\u00e4ndernde Gesch\u00e4ftswelt und ihre Komplexit\u00e4ten, die intelligente und flexible L\u00f6sungen erfordern. Unsere Kunden sehen echte Ergebnisse durch die Zusammenarbeit mit uns. Durch die Kombination von Branchenwissen, operativen F\u00e4higkeiten und Technologie sowie unseren einzigartigen Ressourcen schaffen wir ma\u00dfgeschneiderte L\u00f6sungen f\u00fcr die spezifischen&hellip; <a class=\"continue\" href=\"https:\/\/smatra-apac.com\/index.php\/green-supply-chain-consulting\/?lang=de\">Continue Reading<span> Nachhaltige Lieferketten<\/span><\/a><\/p>\n","protected":false},"author":2,"featured_media":2414,"parent":0,"menu_order":0,"comment_status":"closed","ping_status":"closed","template":"","meta":{"inline_featured_image":false,"footnotes":""},"class_list":["post-2014","page","type-page","status-publish","has-post-thumbnail","hentry"],"yoast_head":"<!-- This site is optimized with the Yoast SEO plugin v27.3 - https:\/\/yoast.com\/product\/yoast-seo-wordpress\/ -->\n<title>Nachhaltige Lieferketten - SMATRA APAC Group<\/title>\n<meta name=\"robots\" content=\"index, follow, max-snippet:-1, max-image-preview:large, max-video-preview:-1\" \/>\n<link rel=\"canonical\" href=\"https:\/\/smatra-apac.com\/index.php\/green-supply-chain-consulting\/\" \/>\n<meta property=\"og:locale\" content=\"en_US\" \/>\n<meta property=\"og:type\" content=\"article\" \/>\n<meta property=\"og:title\" content=\"Nachhaltige Lieferketten - SMATRA APAC Group\" \/>\n<meta property=\"og:description\" content=\"[vc_row nav_skin=&#8221;light&#8221; consent_include=&#8221;include&#8221;][vc_column css_animation=&#8221;&#8221;][vc_empty_space height=&#8221;80px&#8221;][vc_text_element typography=&#8221;{&#8220;font_family&#8220;:&#8220;1596475616913142&#8220;,&#8220;variants&#8220;:&#8220;500&#8220;,&#8220;subsets&#8220;:&#8220;devanagari&#8220;,&#8220;font_size&#8220;:&#8220;13px&#8220;}&#8221; css_animation=&#8221;&#8221;] NACHHALTIGE UND VERANTWORTUNGSBEWUSSTE LIEFERKETTENL\u00d6SUNGEN F\u00dcR IHR UNTERNEHMEN [\/vc_text_element][vc_empty_space height=&#8221;10px&#8221;][vc_heading heading_text=&#8221;Nachhaltige Lieferketten: Expertise &amp; Datenbasierte Innovationen&#8221; heading_wrapper=&#8221;h3&#8243; heading_color=&#8221;{&#8220;solid&#8220;:{&#8220;id&#8220;:&#8220;custom_color&#8220;,&#8220;color&#8220;:&#8220;rgba(0,32,96,1)&#8220;}}&#8221; heading_typography=&#8221;{&#8220;font_family&#8220;:&#8220;1596475607973655&#8220;,&#8220;variants&#8220;:&#8220;400&#8220;,&#8220;subsets&#8220;:&#8220;latin-ext&#8220;,&#8220;font_size&#8220;:&#8220;35px&#8220;,&#8220;line_height&#8220;:&#8220;1.2em&#8220;,&#8220;letter_spacing&#8220;:&#8220;-0.03em&#8220;}&#8221; css_animation=&#8221;&#8221;][vc_column_text css=&#8221;&#8221;]In unserer Beratung verstehen wir die sich schnell ver\u00e4ndernde Gesch\u00e4ftswelt und ihre Komplexit\u00e4ten, die intelligente und flexible L\u00f6sungen erfordern. Unsere Kunden sehen echte Ergebnisse durch die Zusammenarbeit mit uns. Durch die Kombination von Branchenwissen, operativen F\u00e4higkeiten und Technologie sowie unseren einzigartigen Ressourcen schaffen wir ma\u00dfgeschneiderte L\u00f6sungen f\u00fcr die spezifischen&hellip; Continue Reading Nachhaltige Lieferketten\" \/>\n<meta property=\"og:url\" content=\"https:\/\/smatra-apac.com\/index.php\/green-supply-chain-consulting\/?lang=de\" \/>\n<meta property=\"og:site_name\" content=\"SMATRA APAC Group\" \/>\n<meta property=\"article:modified_time\" content=\"2025-02-01T12:57:36+00:00\" \/>\n<meta property=\"og:image\" content=\"https:\/\/smatra-apac.com\/wp-content\/uploads\/2020\/11\/forest-asia-scaled.jpg\" \/>\n\t<meta property=\"og:image:width\" content=\"2560\" \/>\n\t<meta property=\"og:image:height\" content=\"1702\" \/>\n\t<meta property=\"og:image:type\" content=\"image\/jpeg\" \/>\n<meta name=\"twitter:card\" content=\"summary_large_image\" \/>\n<meta name=\"twitter:site\" content=\"@SMATRA_APAC\" \/>\n<meta name=\"twitter:label1\" content=\"Est. reading time\" \/>\n\t<meta name=\"twitter:data1\" content=\"2 minutes\" \/>\n<script type=\"application\/ld+json\" class=\"yoast-schema-graph\">{\"@context\":\"https:\\\/\\\/schema.org\",\"@graph\":[{\"@type\":\"WebPage\",\"@id\":\"https:\\\/\\\/smatra-apac.com\\\/index.php\\\/green-supply-chain-consulting\\\/?lang=de\",\"url\":\"https:\\\/\\\/smatra-apac.com\\\/index.php\\\/green-supply-chain-consulting\\\/?lang=de\",\"name\":\"Nachhaltige Lieferketten - SMATRA APAC Group\",\"isPartOf\":{\"@id\":\"https:\\\/\\\/smatra-apac.com\\\/#website\"},\"primaryImageOfPage\":{\"@id\":\"https:\\\/\\\/smatra-apac.com\\\/index.php\\\/green-supply-chain-consulting\\\/?lang=de#primaryimage\"},\"image\":{\"@id\":\"https:\\\/\\\/smatra-apac.com\\\/index.php\\\/green-supply-chain-consulting\\\/?lang=de#primaryimage\"},\"thumbnailUrl\":\"https:\\\/\\\/smatra-apac.com\\\/wp-content\\\/uploads\\\/2020\\\/11\\\/forest-asia-scaled.jpg\",\"datePublished\":\"2020-07-07T07:23:29+00:00\",\"dateModified\":\"2025-02-01T12:57:36+00:00\",\"breadcrumb\":{\"@id\":\"https:\\\/\\\/smatra-apac.com\\\/index.php\\\/green-supply-chain-consulting\\\/?lang=de#breadcrumb\"},\"inLanguage\":\"en-US\",\"potentialAction\":[{\"@type\":\"ReadAction\",\"target\":[\"https:\\\/\\\/smatra-apac.com\\\/index.php\\\/green-supply-chain-consulting\\\/?lang=de\"]}]},{\"@type\":\"ImageObject\",\"inLanguage\":\"en-US\",\"@id\":\"https:\\\/\\\/smatra-apac.com\\\/index.php\\\/green-supply-chain-consulting\\\/?lang=de#primaryimage\",\"url\":\"https:\\\/\\\/smatra-apac.com\\\/wp-content\\\/uploads\\\/2020\\\/11\\\/forest-asia-scaled.jpg\",\"contentUrl\":\"https:\\\/\\\/smatra-apac.com\\\/wp-content\\\/uploads\\\/2020\\\/11\\\/forest-asia-scaled.jpg\",\"width\":2560,\"height\":1702,\"caption\":\"Sustainability\"},{\"@type\":\"BreadcrumbList\",\"@id\":\"https:\\\/\\\/smatra-apac.com\\\/index.php\\\/green-supply-chain-consulting\\\/?lang=de#breadcrumb\",\"itemListElement\":[{\"@type\":\"ListItem\",\"position\":1,\"name\":\"Home\",\"item\":\"https:\\\/\\\/smatra-apac.com\\\/\"},{\"@type\":\"ListItem\",\"position\":2,\"name\":\"Nachhaltige Lieferketten\"}]},{\"@type\":\"WebSite\",\"@id\":\"https:\\\/\\\/smatra-apac.com\\\/#website\",\"url\":\"https:\\\/\\\/smatra-apac.com\\\/\",\"name\":\"SMATRA APAC Group\",\"description\":\"Your Strategic Link to Asia-Pacific\",\"publisher\":{\"@id\":\"https:\\\/\\\/smatra-apac.com\\\/#organization\"},\"potentialAction\":[{\"@type\":\"SearchAction\",\"target\":{\"@type\":\"EntryPoint\",\"urlTemplate\":\"https:\\\/\\\/smatra-apac.com\\\/?s={search_term_string}\"},\"query-input\":{\"@type\":\"PropertyValueSpecification\",\"valueRequired\":true,\"valueName\":\"search_term_string\"}}],\"inLanguage\":\"en-US\"},{\"@type\":\"Organization\",\"@id\":\"https:\\\/\\\/smatra-apac.com\\\/#organization\",\"name\":\"SMATRA APAC Group\",\"url\":\"https:\\\/\\\/smatra-apac.com\\\/\",\"logo\":{\"@type\":\"ImageObject\",\"inLanguage\":\"en-US\",\"@id\":\"https:\\\/\\\/smatra-apac.com\\\/#\\\/schema\\\/logo\\\/image\\\/\",\"url\":\"https:\\\/\\\/smatra-apac.com\\\/wp-content\\\/uploads\\\/2018\\\/03\\\/logo_footer_small_120.png\",\"contentUrl\":\"https:\\\/\\\/smatra-apac.com\\\/wp-content\\\/uploads\\\/2018\\\/03\\\/logo_footer_small_120.png\",\"width\":211,\"height\":188,\"caption\":\"SMATRA APAC Group\"},\"image\":{\"@id\":\"https:\\\/\\\/smatra-apac.com\\\/#\\\/schema\\\/logo\\\/image\\\/\"},\"sameAs\":[\"https:\\\/\\\/x.com\\\/SMATRA_APAC\"]}]}<\/script>\n<!-- \/ Yoast SEO plugin. -->","yoast_head_json":{"title":"Nachhaltige Lieferketten - SMATRA APAC Group","robots":{"index":"index","follow":"follow","max-snippet":"max-snippet:-1","max-image-preview":"max-image-preview:large","max-video-preview":"max-video-preview:-1"},"canonical":"https:\/\/smatra-apac.com\/index.php\/green-supply-chain-consulting\/","og_locale":"en_US","og_type":"article","og_title":"Nachhaltige Lieferketten - SMATRA APAC Group","og_description":"[vc_row nav_skin=&#8221;light&#8221; consent_include=&#8221;include&#8221;][vc_column css_animation=&#8221;&#8221;][vc_empty_space height=&#8221;80px&#8221;][vc_text_element typography=&#8221;{&#8220;font_family&#8220;:&#8220;1596475616913142&#8220;,&#8220;variants&#8220;:&#8220;500&#8220;,&#8220;subsets&#8220;:&#8220;devanagari&#8220;,&#8220;font_size&#8220;:&#8220;13px&#8220;}&#8221; css_animation=&#8221;&#8221;] NACHHALTIGE UND VERANTWORTUNGSBEWUSSTE LIEFERKETTENL\u00d6SUNGEN F\u00dcR IHR UNTERNEHMEN [\/vc_text_element][vc_empty_space height=&#8221;10px&#8221;][vc_heading heading_text=&#8221;Nachhaltige Lieferketten: Expertise &amp; Datenbasierte Innovationen&#8221; heading_wrapper=&#8221;h3&#8243; heading_color=&#8221;{&#8220;solid&#8220;:{&#8220;id&#8220;:&#8220;custom_color&#8220;,&#8220;color&#8220;:&#8220;rgba(0,32,96,1)&#8220;}}&#8221; heading_typography=&#8221;{&#8220;font_family&#8220;:&#8220;1596475607973655&#8220;,&#8220;variants&#8220;:&#8220;400&#8220;,&#8220;subsets&#8220;:&#8220;latin-ext&#8220;,&#8220;font_size&#8220;:&#8220;35px&#8220;,&#8220;line_height&#8220;:&#8220;1.2em&#8220;,&#8220;letter_spacing&#8220;:&#8220;-0.03em&#8220;}&#8221; css_animation=&#8221;&#8221;][vc_column_text css=&#8221;&#8221;]In unserer Beratung verstehen wir die sich schnell ver\u00e4ndernde Gesch\u00e4ftswelt und ihre Komplexit\u00e4ten, die intelligente und flexible L\u00f6sungen erfordern. Unsere Kunden sehen echte Ergebnisse durch die Zusammenarbeit mit uns. Durch die Kombination von Branchenwissen, operativen F\u00e4higkeiten und Technologie sowie unseren einzigartigen Ressourcen schaffen wir ma\u00dfgeschneiderte L\u00f6sungen f\u00fcr die spezifischen&hellip; Continue Reading Nachhaltige Lieferketten","og_url":"https:\/\/smatra-apac.com\/index.php\/green-supply-chain-consulting\/?lang=de","og_site_name":"SMATRA APAC Group","article_modified_time":"2025-02-01T12:57:36+00:00","og_image":[{"width":2560,"height":1702,"url":"https:\/\/smatra-apac.com\/wp-content\/uploads\/2020\/11\/forest-asia-scaled.jpg","type":"image\/jpeg"}],"twitter_card":"summary_large_image","twitter_site":"@SMATRA_APAC","twitter_misc":{"Est. reading time":"2 minutes"},"schema":{"@context":"https:\/\/schema.org","@graph":[{"@type":"WebPage","@id":"https:\/\/smatra-apac.com\/index.php\/green-supply-chain-consulting\/?lang=de","url":"https:\/\/smatra-apac.com\/index.php\/green-supply-chain-consulting\/?lang=de","name":"Nachhaltige Lieferketten - SMATRA APAC Group","isPartOf":{"@id":"https:\/\/smatra-apac.com\/#website"},"primaryImageOfPage":{"@id":"https:\/\/smatra-apac.com\/index.php\/green-supply-chain-consulting\/?lang=de#primaryimage"},"image":{"@id":"https:\/\/smatra-apac.com\/index.php\/green-supply-chain-consulting\/?lang=de#primaryimage"},"thumbnailUrl":"https:\/\/smatra-apac.com\/wp-content\/uploads\/2020\/11\/forest-asia-scaled.jpg","datePublished":"2020-07-07T07:23:29+00:00","dateModified":"2025-02-01T12:57:36+00:00","breadcrumb":{"@id":"https:\/\/smatra-apac.com\/index.php\/green-supply-chain-consulting\/?lang=de#breadcrumb"},"inLanguage":"en-US","potentialAction":[{"@type":"ReadAction","target":["https:\/\/smatra-apac.com\/index.php\/green-supply-chain-consulting\/?lang=de"]}]},{"@type":"ImageObject","inLanguage":"en-US","@id":"https:\/\/smatra-apac.com\/index.php\/green-supply-chain-consulting\/?lang=de#primaryimage","url":"https:\/\/smatra-apac.com\/wp-content\/uploads\/2020\/11\/forest-asia-scaled.jpg","contentUrl":"https:\/\/smatra-apac.com\/wp-content\/uploads\/2020\/11\/forest-asia-scaled.jpg","width":2560,"height":1702,"caption":"Sustainability"},{"@type":"BreadcrumbList","@id":"https:\/\/smatra-apac.com\/index.php\/green-supply-chain-consulting\/?lang=de#breadcrumb","itemListElement":[{"@type":"ListItem","position":1,"name":"Home","item":"https:\/\/smatra-apac.com\/"},{"@type":"ListItem","position":2,"name":"Nachhaltige Lieferketten"}]},{"@type":"WebSite","@id":"https:\/\/smatra-apac.com\/#website","url":"https:\/\/smatra-apac.com\/","name":"SMATRA APAC Group","description":"Your Strategic Link to Asia-Pacific","publisher":{"@id":"https:\/\/smatra-apac.com\/#organization"},"potentialAction":[{"@type":"SearchAction","target":{"@type":"EntryPoint","urlTemplate":"https:\/\/smatra-apac.com\/?s={search_term_string}"},"query-input":{"@type":"PropertyValueSpecification","valueRequired":true,"valueName":"search_term_string"}}],"inLanguage":"en-US"},{"@type":"Organization","@id":"https:\/\/smatra-apac.com\/#organization","name":"SMATRA APAC Group","url":"https:\/\/smatra-apac.com\/","logo":{"@type":"ImageObject","inLanguage":"en-US","@id":"https:\/\/smatra-apac.com\/#\/schema\/logo\/image\/","url":"https:\/\/smatra-apac.com\/wp-content\/uploads\/2018\/03\/logo_footer_small_120.png","contentUrl":"https:\/\/smatra-apac.com\/wp-content\/uploads\/2018\/03\/logo_footer_small_120.png","width":211,"height":188,"caption":"SMATRA APAC Group"},"image":{"@id":"https:\/\/smatra-apac.com\/#\/schema\/logo\/image\/"},"sameAs":["https:\/\/x.com\/SMATRA_APAC"]}]}},"jetpack_sharing_enabled":true,"_links":{"self":[{"href":"https:\/\/smatra-apac.com\/index.php\/wp-json\/wp\/v2\/pages\/2014","targetHints":{"allow":["GET"]}}],"collection":[{"href":"https:\/\/smatra-apac.com\/index.php\/wp-json\/wp\/v2\/pages"}],"about":[{"href":"https:\/\/smatra-apac.com\/index.php\/wp-json\/wp\/v2\/types\/page"}],"author":[{"embeddable":true,"href":"https:\/\/smatra-apac.com\/index.php\/wp-json\/wp\/v2\/users\/2"}],"replies":[{"embeddable":true,"href":"https:\/\/smatra-apac.com\/index.php\/wp-json\/wp\/v2\/comments?post=2014"}],"version-history":[{"count":8,"href":"https:\/\/smatra-apac.com\/index.php\/wp-json\/wp\/v2\/pages\/2014\/revisions"}],"predecessor-version":[{"id":2657,"href":"https:\/\/smatra-apac.com\/index.php\/wp-json\/wp\/v2\/pages\/2014\/revisions\/2657"}],"wp:featuredmedia":[{"embeddable":true,"href":"https:\/\/smatra-apac.com\/index.php\/wp-json\/wp\/v2\/media\/2414"}],"wp:attachment":[{"href":"https:\/\/smatra-apac.com\/index.php\/wp-json\/wp\/v2\/media?parent=2014"}],"curies":[{"name":"wp","href":"https:\/\/api.w.org\/{rel}","templated":true}]}}