{"id":2075,"date":"2020-11-05T08:01:20","date_gmt":"2020-11-05T08:01:20","guid":{"rendered":"https:\/\/smatra-apac.com\/index.php\/private-label-development-draft\/"},"modified":"2023-06-04T05:16:46","modified_gmt":"2023-06-04T05:16:46","slug":"private-label-development-draft","status":"publish","type":"page","link":"https:\/\/smatra-apac.com\/index.php\/private-label-development-draft\/?lang=de","title":{"rendered":"Eigenmarken Aufbau"},"content":{"rendered":"<div class=\"wpb-content-wrapper\"><p>[vc_row nav_skin=&#8221;light&#8221; consent_include=&#8221;include&#8221;][vc_column css_animation=&#8221;&#8221;][vc_empty_space height=&#8221;80px&#8221;][vc_text_element typography=&#8221;{&#8220;font_family&#8220;:&#8220;1596475616913142&#8220;,&#8220;variants&#8220;:&#8220;500&#8220;,&#8220;subsets&#8220;:&#8220;devanagari&#8220;,&#8220;font_size&#8220;:&#8220;13px&#8220;}&#8221; css_animation=&#8221;&#8221;]<\/p>\n<p style=\"text-align: left;\"><span style=\"color: #1974d2;\">BAUEN SIE IHRE MARKE AUF<\/span><\/p>\n<p>[\/vc_text_element][vc_empty_space height=&#8221;10px&#8221;][vc_heading heading_text=&#8221;Private-Label-Entwicklung<br \/>\nbasierend auf Daten &#8221; heading_wrapper=&#8221;h3&#8243; heading_color=&#8221;{&#8220;solid&#8220;:{&#8220;id&#8220;:&#8220;custom_color&#8220;,&#8220;color&#8220;:&#8220;rgba(0,32,96,1)&#8220;}}&#8221; heading_typography=&#8221;{&#8220;font_family&#8220;:&#8220;1596475607973655&#8220;,&#8220;variants&#8220;:&#8220;400&#8220;,&#8220;subsets&#8220;:&#8220;latin-ext&#8220;,&#8220;font_size&#8220;:&#8220;35px&#8220;,&#8220;line_height&#8220;:&#8220;1.2em&#8220;,&#8220;letter_spacing&#8220;:&#8220;-0.03em&#8220;}&#8221; css_animation=&#8221;&#8221;][vc_column_text]Die Entwicklung von Handelsmarken begleitet uns seit den Anf\u00e4ngen unseres Gesch\u00e4fts. Aufbau kompletter Produktlinien f\u00fcr Online- und Offline-H\u00e4ndler und Entwicklung preisgekr\u00f6nter Produkte. Alle Private-Label-Konzepte werden von Grund auf und in enger Zusammenarbeit mit unseren Kunden entwickelt.<\/p>\n<p>Wir sorgen auch daf\u00fcr, dass aus der Eigenmarke ein wirklich zeitgem\u00e4\u00dfes Konzeptsortiment wird. Neben der Entwicklung des Private-Label-Sortiments unterst\u00fctzen wir Ihr Private-Label auch mit:<\/p>\n<ul>\n<li>Umfassendes Datenbank- und Lieferkettenmanagementsystem<\/li>\n<li>Effiziente Daten- und Marketingunterst\u00fctzung f\u00fcr die Gesch\u00e4ftsentwicklung im Online-Einzelhandel<\/li>\n<li>Die M\u00f6glichkeit, rund um die Uhr Bestellungen aufzugeben<\/li>\n<\/ul>\n<p>Umfassende Fallstudien k\u00f6nnen bereitgestellt werden, um die Effizienz und den Erfolg des Private-Label-Entwicklungsservices der SMATRA APAC Group zu veranschaulichen.[\/vc_column_text][vc_empty_space height=&#8221;40px&#8221;][\/vc_column][\/vc_row][vc_row custom_bg_type=&#8221;image&#8221; custom_bg_cover=&#8221;cover&#8221; custom_bg_repeat=&#8221;no-repeat&#8221; custom_bg_position=&#8221;Center center&#8221; nav_skin=&#8221;light&#8221; consent_include=&#8221;include&#8221; custom_bg_image=&#8221;1194&#8243;][vc_column el_design=&#8221;{&#8220;desktop&#8220;:{&#8220;padding-top&#8220;:&#8220;15&#8220;,&#8220;padding-right&#8220;:&#8220;15&#8220;,&#8220;padding-bottom&#8220;:&#8220;15&#8220;,&#8220;padding-left&#8220;:&#8220;15&#8220;}}&#8221; textalign=&#8221;align_center&#8221; css_animation=&#8221;&#8221;][vc_empty_space height=&#8221;40px&#8221;][vc_text_element typography=&#8221;{&#8220;font_family&#8220;:&#8220;1596475616913142&#8220;,&#8220;variants&#8220;:&#8220;500&#8220;,&#8220;subsets&#8220;:&#8220;devanagari&#8220;,&#8220;font_size&#8220;:&#8220;13px&#8220;}&#8221; css_animation=&#8221;&#8221;]<\/p>\n<p style=\"text-align: center;\"><span style=\"color: #ffffff;\">Eigenmarke &amp; Nachhaltigkeit<\/span><\/p>\n<p>[\/vc_text_element][vc_heading heading_text=&#8221;Unterst\u00fctzung von Einzelh\u00e4ndlern in<br \/>\nAufbau nachhaltiger Produktlinien&#8221; heading_wrapper=&#8221;h3&#8243; heading_color=&#8221;{&#8220;solid&#8220;:{&#8220;id&#8220;:&#8220;custom_color&#8220;,&#8220;color&#8220;:&#8220;rgba(255,255,255,1)&#8220;}}&#8221; heading_typography=&#8221;{&#8220;font_family&#8220;:&#8220;1596475607973655&#8220;,&#8220;variants&#8220;:&#8220;400&#8220;,&#8220;subsets&#8220;:&#8220;latin-ext&#8220;,&#8220;font_size&#8220;:&#8220;35px&#8220;,&#8220;line_height&#8220;:&#8220;1.2em&#8220;,&#8220;letter_spacing&#8220;:&#8220;-0.03em&#8220;}&#8221; css_animation=&#8221;&#8221;][vc_text_element css_animation=&#8221;&#8221; color=&#8221;{&#8220;id&#8220;:&#8220;custom_color&#8220;,&#8220;color&#8220;:&#8220;rgba(255,255,255,1)&#8220;}&#8221;]Der Aufbau von Eigenmarken ist ein Prozess, bei dem Daten am wichtigsten sind. Basierend auf Big Data ist es uns gelungen, in Zusammenarbeit mit Designern und Gesch\u00e4ftsinhabern preisgekr\u00f6nte Produktlinien aufzubauen. Bei allen Produkten ist Nachhaltigkeit wichtiger denn je und genau das kann SMATRA APAC f\u00fcr Ihr Unternehmen bieten.[\/vc_text_element][vc_empty_space height=&#8221;40px&#8221;][\/vc_column][\/vc_row][vc_row nav_skin=&#8221;light&#8221; consent_include=&#8221;include&#8221;][vc_column css_animation=&#8221;&#8221;][vc_column_text]<\/p>\n<p>[\/vc_column_text][\/vc_column][\/vc_row][vc_row row_width=&#8221;wtbx_stretch_row_content&#8221; gap=&#8221;20&#8243; columns_placement=&#8221;&#8221; nav_skin=&#8221;light&#8221; consent_include=&#8221;include&#8221; equal_height=&#8221;true&#8221; custom_bg_color=&#8221;{&#8220;solid&#8220;:{&#8220;id&#8220;:&#8220;custom_color&#8220;,&#8220;color&#8220;:&#8220;&#8220;}}&#8221;][vc_column el_design=&#8221;{&#8220;desktop&#8220;:{&#8220;padding-top&#8220;:&#8220;0&#8220;,&#8220;padding-right&#8220;:&#8220;0&#8220;,&#8220;padding-bottom&#8220;:&#8220;0&#8220;,&#8220;padding-left&#8220;:&#8220;0&#8220;}}&#8221; custom_bg_type=&#8221;image&#8221; css_animation=&#8221;&#8221;][vc_row_inner consent_include=&#8221;include&#8221;][vc_column_inner el_design=&#8221;{&#8220;desktop&#8220;:{&#8220;padding-top&#8220;:&#8220;15&#8220;,&#8220;padding-right&#8220;:&#8220;15&#8220;,&#8220;padding-bottom&#8220;:&#8220;15&#8220;,&#8220;padding-left&#8220;:&#8220;15&#8220;}}&#8221; width=&#8221;1\/3&#8243; css_animation=&#8221;&#8221;][vc_single_image image=&#8221;2076&#8243; img_size=&#8221;full&#8221;][vc_empty_space height=&#8221;10px&#8221;][vc_heading heading_text=&#8221;Kochgeschirr&#8221; heading_wrapper=&#8221;h5&#8243; heading_color=&#8221;{&#8220;solid&#8220;:{&#8220;id&#8220;:&#8220;custom_color&#8220;,&#8220;color&#8220;:&#8220;rgba(0,32,96,1)&#8220;}}&#8221; heading_typography=&#8221;{&#8220;font_family&#8220;:&#8220;1596475616913142&#8220;,&#8220;variants&#8220;:&#8220;500&#8220;,&#8220;subsets&#8220;:&#8220;latin-ext&#8220;,&#8220;font_size&#8220;:&#8220;15px&#8220;}&#8221; css_animation=&#8221;&#8221;][vc_text_element css_animation=&#8221;&#8221;]Wir haben nicht nur Erfahrung mit K\u00fcchenartikeln, wir sind auch Experten darin mit mehr als 15 Jahren Erfahrung im Aufbau designpreisgekr\u00f6nter Produktlinien, Einzelhandelsmarken, globaler Marken und Unternehmen in Europa sowie im asiatisch-pazifischen Raum.[\/vc_text_element][\/vc_column_inner][vc_column_inner el_design=&#8221;{&#8220;desktop&#8220;:{&#8220;padding-top&#8220;:&#8220;15&#8220;,&#8220;padding-right&#8220;:&#8220;15&#8220;,&#8220;padding-bottom&#8220;:&#8220;15&#8220;,&#8220;padding-left&#8220;:&#8220;15&#8220;}}&#8221; textalign=&#8221;align_center&#8221; width=&#8221;1\/3&#8243; css_animation=&#8221;&#8221;][vc_single_image image=&#8221;2079&#8243; img_size=&#8221;full&#8221;][vc_empty_space height=&#8221;10px&#8221;][vc_heading heading_text=&#8221;Elektrische Haushaltswaren&#8221; heading_wrapper=&#8221;h5&#8243; alignment=&#8221;align_left&#8221; heading_color=&#8221;{&#8220;solid&#8220;:{&#8220;id&#8220;:&#8220;custom_color&#8220;,&#8220;color&#8220;:&#8220;rgba(0,32,96,1)&#8220;}}&#8221; heading_typography=&#8221;{&#8220;font_family&#8220;:&#8220;1596475616913142&#8220;,&#8220;variants&#8220;:&#8220;500&#8220;,&#8220;subsets&#8220;:&#8220;latin-ext&#8220;,&#8220;font_size&#8220;:&#8220;15px&#8220;}&#8221; css_animation=&#8221;&#8221;][vc_text_element css_animation=&#8221;&#8221;]<\/p>\n<p style=\"text-align: left;\">Electronische Produkte werden seit mehreren Jahren bei SMATRA APAC umgesetzt und wir konzentrieren uns dabei auf Produkte f\u00fcr den Haushalt. Betreuung von Kunden aus dem europ\u00e4ischen Markt, aber auch f\u00fcr den Markt im asiatisch-pazifischen Raum in Zusammenarbeit mit internationalen Designern.<\/p>\n<p>[\/vc_text_element][\/vc_column_inner][vc_column_inner width=&#8221;1\/3&#8243; css_animation=&#8221;&#8221;][vc_single_image image=&#8221;2080&#8243; img_size=&#8221;full&#8221;][vc_empty_space height=&#8221;10px&#8221;][vc_heading heading_text=&#8221;Haushaltswaren&#8221; heading_wrapper=&#8221;h5&#8243; heading_color=&#8221;{&#8220;solid&#8220;:{&#8220;id&#8220;:&#8220;custom_color&#8220;,&#8220;color&#8220;:&#8220;rgba(0,32,96,1)&#8220;}}&#8221; heading_typography=&#8221;{&#8220;font_family&#8220;:&#8220;1596475616913142&#8220;,&#8220;variants&#8220;:&#8220;500&#8220;,&#8220;subsets&#8220;:&#8220;latin-ext&#8220;,&#8220;font_size&#8220;:&#8220;15px&#8220;}&#8221; css_animation=&#8221;&#8221;][vc_text_element css_animation=&#8221;&#8221;]Gestaltung von Produktlinien im Bereich Haushaltswaren f\u00fcr europ\u00e4ische Einzelh\u00e4ndler sowie f\u00fcr Unternehmen mit Fokus auf M\u00f6bel- und B\u00fcroprodukte mit hohem Designanspruch.[\/vc_text_element][\/vc_column_inner][\/vc_row_inner][\/vc_column][\/vc_row]<\/p>\n<\/div>","protected":false},"excerpt":{"rendered":"<p>[vc_row nav_skin=&#8221;light&#8221; consent_include=&#8221;include&#8221;][vc_column css_animation=&#8221;&#8221;][vc_empty_space height=&#8221;80px&#8221;][vc_text_element typography=&#8221;{&#8220;font_family&#8220;:&#8220;1596475616913142&#8220;,&#8220;variants&#8220;:&#8220;500&#8220;,&#8220;subsets&#8220;:&#8220;devanagari&#8220;,&#8220;font_size&#8220;:&#8220;13px&#8220;}&#8221; css_animation=&#8221;&#8221;] BAUEN SIE IHRE MARKE AUF [\/vc_text_element][vc_empty_space height=&#8221;10px&#8221;][vc_heading heading_text=&#8221;Private-Label-Entwicklung basierend auf Daten &#8221; heading_wrapper=&#8221;h3&#8243; heading_color=&#8221;{&#8220;solid&#8220;:{&#8220;id&#8220;:&#8220;custom_color&#8220;,&#8220;color&#8220;:&#8220;rgba(0,32,96,1)&#8220;}}&#8221; heading_typography=&#8221;{&#8220;font_family&#8220;:&#8220;1596475607973655&#8220;,&#8220;variants&#8220;:&#8220;400&#8220;,&#8220;subsets&#8220;:&#8220;latin-ext&#8220;,&#8220;font_size&#8220;:&#8220;35px&#8220;,&#8220;line_height&#8220;:&#8220;1.2em&#8220;,&#8220;letter_spacing&#8220;:&#8220;-0.03em&#8220;}&#8221; css_animation=&#8221;&#8221;][vc_column_text]Die Entwicklung von Handelsmarken begleitet uns seit den Anf\u00e4ngen unseres Gesch\u00e4fts. Aufbau kompletter Produktlinien f\u00fcr Online- und Offline-H\u00e4ndler und Entwicklung preisgekr\u00f6nter Produkte. Alle Private-Label-Konzepte werden von Grund auf und in enger Zusammenarbeit mit unseren Kunden entwickelt. Wir sorgen auch daf\u00fcr, dass aus der Eigenmarke ein wirklich zeitgem\u00e4\u00dfes Konzeptsortiment wird. Neben der Entwicklung des&hellip; <a class=\"continue\" href=\"https:\/\/smatra-apac.com\/index.php\/private-label-development-draft\/?lang=de\">Continue Reading<span> Eigenmarken Aufbau<\/span><\/a><\/p>\n","protected":false},"author":2,"featured_media":2077,"parent":0,"menu_order":0,"comment_status":"closed","ping_status":"closed","template":"","meta":{"inline_featured_image":false,"footnotes":""},"class_list":["post-2075","page","type-page","status-publish","has-post-thumbnail","hentry"],"yoast_head":"<!-- This site is optimized with the Yoast SEO plugin v27.3 - https:\/\/yoast.com\/product\/yoast-seo-wordpress\/ -->\n<title>Eigenmarken Aufbau - SMATRA APAC Group<\/title>\n<meta name=\"robots\" content=\"index, follow, max-snippet:-1, max-image-preview:large, max-video-preview:-1\" \/>\n<link rel=\"canonical\" href=\"https:\/\/smatra-apac.com\/index.php\/private-label-development-draft\/\" \/>\n<meta property=\"og:locale\" content=\"en_US\" \/>\n<meta property=\"og:type\" content=\"article\" \/>\n<meta property=\"og:title\" content=\"Eigenmarken Aufbau - SMATRA APAC Group\" \/>\n<meta property=\"og:description\" content=\"[vc_row nav_skin=&#8221;light&#8221; consent_include=&#8221;include&#8221;][vc_column css_animation=&#8221;&#8221;][vc_empty_space height=&#8221;80px&#8221;][vc_text_element typography=&#8221;{&#8220;font_family&#8220;:&#8220;1596475616913142&#8220;,&#8220;variants&#8220;:&#8220;500&#8220;,&#8220;subsets&#8220;:&#8220;devanagari&#8220;,&#8220;font_size&#8220;:&#8220;13px&#8220;}&#8221; css_animation=&#8221;&#8221;] BAUEN SIE IHRE MARKE AUF [\/vc_text_element][vc_empty_space height=&#8221;10px&#8221;][vc_heading heading_text=&#8221;Private-Label-Entwicklung basierend auf Daten &#8221; heading_wrapper=&#8221;h3&#8243; heading_color=&#8221;{&#8220;solid&#8220;:{&#8220;id&#8220;:&#8220;custom_color&#8220;,&#8220;color&#8220;:&#8220;rgba(0,32,96,1)&#8220;}}&#8221; heading_typography=&#8221;{&#8220;font_family&#8220;:&#8220;1596475607973655&#8220;,&#8220;variants&#8220;:&#8220;400&#8220;,&#8220;subsets&#8220;:&#8220;latin-ext&#8220;,&#8220;font_size&#8220;:&#8220;35px&#8220;,&#8220;line_height&#8220;:&#8220;1.2em&#8220;,&#8220;letter_spacing&#8220;:&#8220;-0.03em&#8220;}&#8221; css_animation=&#8221;&#8221;][vc_column_text]Die Entwicklung von Handelsmarken begleitet uns seit den Anf\u00e4ngen unseres Gesch\u00e4fts. Aufbau kompletter Produktlinien f\u00fcr Online- und Offline-H\u00e4ndler und Entwicklung preisgekr\u00f6nter Produkte. Alle Private-Label-Konzepte werden von Grund auf und in enger Zusammenarbeit mit unseren Kunden entwickelt. Wir sorgen auch daf\u00fcr, dass aus der Eigenmarke ein wirklich zeitgem\u00e4\u00dfes Konzeptsortiment wird. Neben der Entwicklung des&hellip; Continue Reading Eigenmarken Aufbau\" \/>\n<meta property=\"og:url\" content=\"https:\/\/smatra-apac.com\/index.php\/private-label-development-draft\/?lang=de\" \/>\n<meta property=\"og:site_name\" content=\"SMATRA APAC Group\" \/>\n<meta property=\"article:modified_time\" content=\"2023-06-04T05:16:46+00:00\" \/>\n<meta property=\"og:image\" content=\"https:\/\/smatra-apac.com\/wp-content\/uploads\/2020\/11\/banner_private_label_small.png\" \/>\n\t<meta property=\"og:image:width\" content=\"1200\" \/>\n\t<meta property=\"og:image:height\" content=\"800\" \/>\n\t<meta property=\"og:image:type\" content=\"image\/png\" \/>\n<meta name=\"twitter:card\" content=\"summary_large_image\" \/>\n<meta name=\"twitter:site\" content=\"@SMATRA_APAC\" \/>\n<meta name=\"twitter:label1\" content=\"Est. reading time\" \/>\n\t<meta name=\"twitter:data1\" content=\"4 minutes\" \/>\n<script type=\"application\/ld+json\" class=\"yoast-schema-graph\">{\"@context\":\"https:\\\/\\\/schema.org\",\"@graph\":[{\"@type\":\"WebPage\",\"@id\":\"https:\\\/\\\/smatra-apac.com\\\/index.php\\\/private-label-development-draft\\\/?lang=de\",\"url\":\"https:\\\/\\\/smatra-apac.com\\\/index.php\\\/private-label-development-draft\\\/?lang=de\",\"name\":\"Eigenmarken Aufbau - SMATRA APAC Group\",\"isPartOf\":{\"@id\":\"https:\\\/\\\/smatra-apac.com\\\/#website\"},\"primaryImageOfPage\":{\"@id\":\"https:\\\/\\\/smatra-apac.com\\\/index.php\\\/private-label-development-draft\\\/?lang=de#primaryimage\"},\"image\":{\"@id\":\"https:\\\/\\\/smatra-apac.com\\\/index.php\\\/private-label-development-draft\\\/?lang=de#primaryimage\"},\"thumbnailUrl\":\"https:\\\/\\\/smatra-apac.com\\\/wp-content\\\/uploads\\\/2020\\\/11\\\/banner_private_label_small.png\",\"datePublished\":\"2020-11-05T08:01:20+00:00\",\"dateModified\":\"2023-06-04T05:16:46+00:00\",\"breadcrumb\":{\"@id\":\"https:\\\/\\\/smatra-apac.com\\\/index.php\\\/private-label-development-draft\\\/?lang=de#breadcrumb\"},\"inLanguage\":\"en-US\",\"potentialAction\":[{\"@type\":\"ReadAction\",\"target\":[\"https:\\\/\\\/smatra-apac.com\\\/index.php\\\/private-label-development-draft\\\/?lang=de\"]}]},{\"@type\":\"ImageObject\",\"inLanguage\":\"en-US\",\"@id\":\"https:\\\/\\\/smatra-apac.com\\\/index.php\\\/private-label-development-draft\\\/?lang=de#primaryimage\",\"url\":\"https:\\\/\\\/smatra-apac.com\\\/wp-content\\\/uploads\\\/2020\\\/11\\\/banner_private_label_small.png\",\"contentUrl\":\"https:\\\/\\\/smatra-apac.com\\\/wp-content\\\/uploads\\\/2020\\\/11\\\/banner_private_label_small.png\",\"width\":1200,\"height\":800,\"caption\":\"packaging overview\"},{\"@type\":\"BreadcrumbList\",\"@id\":\"https:\\\/\\\/smatra-apac.com\\\/index.php\\\/private-label-development-draft\\\/?lang=de#breadcrumb\",\"itemListElement\":[{\"@type\":\"ListItem\",\"position\":1,\"name\":\"Home\",\"item\":\"https:\\\/\\\/smatra-apac.com\\\/\"},{\"@type\":\"ListItem\",\"position\":2,\"name\":\"Eigenmarken Aufbau\"}]},{\"@type\":\"WebSite\",\"@id\":\"https:\\\/\\\/smatra-apac.com\\\/#website\",\"url\":\"https:\\\/\\\/smatra-apac.com\\\/\",\"name\":\"SMATRA APAC Group\",\"description\":\"Your Strategic Link to Asia-Pacific\",\"publisher\":{\"@id\":\"https:\\\/\\\/smatra-apac.com\\\/#organization\"},\"potentialAction\":[{\"@type\":\"SearchAction\",\"target\":{\"@type\":\"EntryPoint\",\"urlTemplate\":\"https:\\\/\\\/smatra-apac.com\\\/?s={search_term_string}\"},\"query-input\":{\"@type\":\"PropertyValueSpecification\",\"valueRequired\":true,\"valueName\":\"search_term_string\"}}],\"inLanguage\":\"en-US\"},{\"@type\":\"Organization\",\"@id\":\"https:\\\/\\\/smatra-apac.com\\\/#organization\",\"name\":\"SMATRA APAC Group\",\"url\":\"https:\\\/\\\/smatra-apac.com\\\/\",\"logo\":{\"@type\":\"ImageObject\",\"inLanguage\":\"en-US\",\"@id\":\"https:\\\/\\\/smatra-apac.com\\\/#\\\/schema\\\/logo\\\/image\\\/\",\"url\":\"https:\\\/\\\/smatra-apac.com\\\/wp-content\\\/uploads\\\/2018\\\/03\\\/logo_footer_small_120.png\",\"contentUrl\":\"https:\\\/\\\/smatra-apac.com\\\/wp-content\\\/uploads\\\/2018\\\/03\\\/logo_footer_small_120.png\",\"width\":211,\"height\":188,\"caption\":\"SMATRA APAC Group\"},\"image\":{\"@id\":\"https:\\\/\\\/smatra-apac.com\\\/#\\\/schema\\\/logo\\\/image\\\/\"},\"sameAs\":[\"https:\\\/\\\/x.com\\\/SMATRA_APAC\"]}]}<\/script>\n<!-- \/ Yoast SEO plugin. -->","yoast_head_json":{"title":"Eigenmarken Aufbau - SMATRA APAC Group","robots":{"index":"index","follow":"follow","max-snippet":"max-snippet:-1","max-image-preview":"max-image-preview:large","max-video-preview":"max-video-preview:-1"},"canonical":"https:\/\/smatra-apac.com\/index.php\/private-label-development-draft\/","og_locale":"en_US","og_type":"article","og_title":"Eigenmarken Aufbau - SMATRA APAC Group","og_description":"[vc_row nav_skin=&#8221;light&#8221; consent_include=&#8221;include&#8221;][vc_column css_animation=&#8221;&#8221;][vc_empty_space height=&#8221;80px&#8221;][vc_text_element typography=&#8221;{&#8220;font_family&#8220;:&#8220;1596475616913142&#8220;,&#8220;variants&#8220;:&#8220;500&#8220;,&#8220;subsets&#8220;:&#8220;devanagari&#8220;,&#8220;font_size&#8220;:&#8220;13px&#8220;}&#8221; css_animation=&#8221;&#8221;] BAUEN SIE IHRE MARKE AUF [\/vc_text_element][vc_empty_space height=&#8221;10px&#8221;][vc_heading heading_text=&#8221;Private-Label-Entwicklung basierend auf Daten &#8221; heading_wrapper=&#8221;h3&#8243; heading_color=&#8221;{&#8220;solid&#8220;:{&#8220;id&#8220;:&#8220;custom_color&#8220;,&#8220;color&#8220;:&#8220;rgba(0,32,96,1)&#8220;}}&#8221; heading_typography=&#8221;{&#8220;font_family&#8220;:&#8220;1596475607973655&#8220;,&#8220;variants&#8220;:&#8220;400&#8220;,&#8220;subsets&#8220;:&#8220;latin-ext&#8220;,&#8220;font_size&#8220;:&#8220;35px&#8220;,&#8220;line_height&#8220;:&#8220;1.2em&#8220;,&#8220;letter_spacing&#8220;:&#8220;-0.03em&#8220;}&#8221; css_animation=&#8221;&#8221;][vc_column_text]Die Entwicklung von Handelsmarken begleitet uns seit den Anf\u00e4ngen unseres Gesch\u00e4fts. Aufbau kompletter Produktlinien f\u00fcr Online- und Offline-H\u00e4ndler und Entwicklung preisgekr\u00f6nter Produkte. Alle Private-Label-Konzepte werden von Grund auf und in enger Zusammenarbeit mit unseren Kunden entwickelt. Wir sorgen auch daf\u00fcr, dass aus der Eigenmarke ein wirklich zeitgem\u00e4\u00dfes Konzeptsortiment wird. Neben der Entwicklung des&hellip; Continue Reading Eigenmarken Aufbau","og_url":"https:\/\/smatra-apac.com\/index.php\/private-label-development-draft\/?lang=de","og_site_name":"SMATRA APAC Group","article_modified_time":"2023-06-04T05:16:46+00:00","og_image":[{"width":1200,"height":800,"url":"https:\/\/smatra-apac.com\/wp-content\/uploads\/2020\/11\/banner_private_label_small.png","type":"image\/png"}],"twitter_card":"summary_large_image","twitter_site":"@SMATRA_APAC","twitter_misc":{"Est. reading time":"4 minutes"},"schema":{"@context":"https:\/\/schema.org","@graph":[{"@type":"WebPage","@id":"https:\/\/smatra-apac.com\/index.php\/private-label-development-draft\/?lang=de","url":"https:\/\/smatra-apac.com\/index.php\/private-label-development-draft\/?lang=de","name":"Eigenmarken Aufbau - SMATRA APAC Group","isPartOf":{"@id":"https:\/\/smatra-apac.com\/#website"},"primaryImageOfPage":{"@id":"https:\/\/smatra-apac.com\/index.php\/private-label-development-draft\/?lang=de#primaryimage"},"image":{"@id":"https:\/\/smatra-apac.com\/index.php\/private-label-development-draft\/?lang=de#primaryimage"},"thumbnailUrl":"https:\/\/smatra-apac.com\/wp-content\/uploads\/2020\/11\/banner_private_label_small.png","datePublished":"2020-11-05T08:01:20+00:00","dateModified":"2023-06-04T05:16:46+00:00","breadcrumb":{"@id":"https:\/\/smatra-apac.com\/index.php\/private-label-development-draft\/?lang=de#breadcrumb"},"inLanguage":"en-US","potentialAction":[{"@type":"ReadAction","target":["https:\/\/smatra-apac.com\/index.php\/private-label-development-draft\/?lang=de"]}]},{"@type":"ImageObject","inLanguage":"en-US","@id":"https:\/\/smatra-apac.com\/index.php\/private-label-development-draft\/?lang=de#primaryimage","url":"https:\/\/smatra-apac.com\/wp-content\/uploads\/2020\/11\/banner_private_label_small.png","contentUrl":"https:\/\/smatra-apac.com\/wp-content\/uploads\/2020\/11\/banner_private_label_small.png","width":1200,"height":800,"caption":"packaging overview"},{"@type":"BreadcrumbList","@id":"https:\/\/smatra-apac.com\/index.php\/private-label-development-draft\/?lang=de#breadcrumb","itemListElement":[{"@type":"ListItem","position":1,"name":"Home","item":"https:\/\/smatra-apac.com\/"},{"@type":"ListItem","position":2,"name":"Eigenmarken Aufbau"}]},{"@type":"WebSite","@id":"https:\/\/smatra-apac.com\/#website","url":"https:\/\/smatra-apac.com\/","name":"SMATRA APAC Group","description":"Your Strategic Link to Asia-Pacific","publisher":{"@id":"https:\/\/smatra-apac.com\/#organization"},"potentialAction":[{"@type":"SearchAction","target":{"@type":"EntryPoint","urlTemplate":"https:\/\/smatra-apac.com\/?s={search_term_string}"},"query-input":{"@type":"PropertyValueSpecification","valueRequired":true,"valueName":"search_term_string"}}],"inLanguage":"en-US"},{"@type":"Organization","@id":"https:\/\/smatra-apac.com\/#organization","name":"SMATRA APAC Group","url":"https:\/\/smatra-apac.com\/","logo":{"@type":"ImageObject","inLanguage":"en-US","@id":"https:\/\/smatra-apac.com\/#\/schema\/logo\/image\/","url":"https:\/\/smatra-apac.com\/wp-content\/uploads\/2018\/03\/logo_footer_small_120.png","contentUrl":"https:\/\/smatra-apac.com\/wp-content\/uploads\/2018\/03\/logo_footer_small_120.png","width":211,"height":188,"caption":"SMATRA APAC Group"},"image":{"@id":"https:\/\/smatra-apac.com\/#\/schema\/logo\/image\/"},"sameAs":["https:\/\/x.com\/SMATRA_APAC"]}]}},"jetpack_sharing_enabled":true,"_links":{"self":[{"href":"https:\/\/smatra-apac.com\/index.php\/wp-json\/wp\/v2\/pages\/2075","targetHints":{"allow":["GET"]}}],"collection":[{"href":"https:\/\/smatra-apac.com\/index.php\/wp-json\/wp\/v2\/pages"}],"about":[{"href":"https:\/\/smatra-apac.com\/index.php\/wp-json\/wp\/v2\/types\/page"}],"author":[{"embeddable":true,"href":"https:\/\/smatra-apac.com\/index.php\/wp-json\/wp\/v2\/users\/2"}],"replies":[{"embeddable":true,"href":"https:\/\/smatra-apac.com\/index.php\/wp-json\/wp\/v2\/comments?post=2075"}],"version-history":[{"count":4,"href":"https:\/\/smatra-apac.com\/index.php\/wp-json\/wp\/v2\/pages\/2075\/revisions"}],"predecessor-version":[{"id":2083,"href":"https:\/\/smatra-apac.com\/index.php\/wp-json\/wp\/v2\/pages\/2075\/revisions\/2083"}],"wp:featuredmedia":[{"embeddable":true,"href":"https:\/\/smatra-apac.com\/index.php\/wp-json\/wp\/v2\/media\/2077"}],"wp:attachment":[{"href":"https:\/\/smatra-apac.com\/index.php\/wp-json\/wp\/v2\/media?parent=2075"}],"curies":[{"name":"wp","href":"https:\/\/api.w.org\/{rel}","templated":true}]}}