{"id":2092,"date":"2020-09-03T17:21:19","date_gmt":"2020-09-03T17:21:19","guid":{"rendered":"https:\/\/smatra-apac.com\/index.php\/distribution-management\/"},"modified":"2023-06-04T09:18:14","modified_gmt":"2023-06-04T09:18:14","slug":"distribution-management","status":"publish","type":"page","link":"https:\/\/smatra-apac.com\/index.php\/distribution-management\/?lang=de","title":{"rendered":"Aufbau von Exportm\u00e4rkten"},"content":{"rendered":"<div class=\"wpb-content-wrapper\"><p>[vc_row nav_skin=&#8221;light&#8221; consent_include=&#8221;include&#8221;][vc_column css_animation=&#8221;&#8221;][vc_empty_space height=&#8221;80px&#8221;][vc_text_element typography=&#8221;{&#8220;font_family&#8220;:&#8220;1596475616913142&#8220;,&#8220;variants&#8220;:&#8220;500&#8220;,&#8220;subsets&#8220;:&#8220;devanagari&#8220;,&#8220;font_size&#8220;:&#8220;13px&#8220;}&#8221; css_animation=&#8221;&#8221;]<\/p>\n<p style=\"text-align: left;\"><span style=\"color: #1974d2;\">PRODUKTE EFFIZIENT IN NEUEN M\u00c4RKTEN AUFBAUEN<\/span><\/p>\n<p>[\/vc_text_element][vc_empty_space height=&#8221;10px&#8221;][vc_heading heading_text=&#8221;Vertriebsmanagement in<br \/>\nM\u00e4rkte im asiatisch-pazifischen M\u00e4rkten&#8221; heading_wrapper=&#8221;h3&#8243; heading_color=&#8221;{&#8220;solid&#8220;:{&#8220;id&#8220;:&#8220;custom_color&#8220;,&#8220;color&#8220;:&#8220;rgba(0,32,96,1)&#8220;}}&#8221; heading_typography=&#8221;{&#8220;font_family&#8220;:&#8220;1596475607973655&#8220;,&#8220;variants&#8220;:&#8220;400&#8220;,&#8220;subsets&#8220;:&#8220;latin-ext&#8220;,&#8220;font_size&#8220;:&#8220;35px&#8220;,&#8220;line_height&#8220;:&#8220;1.2em&#8220;,&#8220;letter_spacing&#8220;:&#8220;-0.03em&#8220;}&#8221; css_animation=&#8221;&#8221;][vc_column_text]Unser Vertriebsmanagement bei der SMATRA APAC Group umfasst:<\/p>\n<ul>\n<li>Lieferanten- und Lieferantenbeziehungsmanagement<\/li>\n<li>Bestands- und Lagerverwaltung<\/li>\n<li>Logistikmanagement<\/li>\n<\/ul>\n<p>Wir unterst\u00fctzen den effizienten Transport von Waren von der Produktion bis zum Verkaufsort im asiatisch-pazifischen Raum, mit Schwerpunkt auf S\u00fcdkorea. Mit unserer Erfahrung in der Erschlie\u00dfung neuer M\u00e4rkte f\u00fcr ausl\u00e4ndische Marken sind wir der Partner f\u00fcr eine erfolgreiche Vertriebsmanagementstrategie entlang der Lieferkette.[\/vc_column_text][vc_empty_space height=&#8221;40px&#8221;][\/vc_column][\/vc_row]<\/p>\n<\/div>","protected":false},"excerpt":{"rendered":"<p>[vc_row nav_skin=&#8221;light&#8221; consent_include=&#8221;include&#8221;][vc_column css_animation=&#8221;&#8221;][vc_empty_space height=&#8221;80px&#8221;][vc_text_element typography=&#8221;{&#8220;font_family&#8220;:&#8220;1596475616913142&#8220;,&#8220;variants&#8220;:&#8220;500&#8220;,&#8220;subsets&#8220;:&#8220;devanagari&#8220;,&#8220;font_size&#8220;:&#8220;13px&#8220;}&#8221; css_animation=&#8221;&#8221;] PRODUKTE EFFIZIENT IN NEUEN M\u00c4RKTEN AUFBAUEN [\/vc_text_element][vc_empty_space height=&#8221;10px&#8221;][vc_heading heading_text=&#8221;Vertriebsmanagement in M\u00e4rkte im asiatisch-pazifischen M\u00e4rkten&#8221; heading_wrapper=&#8221;h3&#8243; heading_color=&#8221;{&#8220;solid&#8220;:{&#8220;id&#8220;:&#8220;custom_color&#8220;,&#8220;color&#8220;:&#8220;rgba(0,32,96,1)&#8220;}}&#8221; heading_typography=&#8221;{&#8220;font_family&#8220;:&#8220;1596475607973655&#8220;,&#8220;variants&#8220;:&#8220;400&#8220;,&#8220;subsets&#8220;:&#8220;latin-ext&#8220;,&#8220;font_size&#8220;:&#8220;35px&#8220;,&#8220;line_height&#8220;:&#8220;1.2em&#8220;,&#8220;letter_spacing&#8220;:&#8220;-0.03em&#8220;}&#8221; css_animation=&#8221;&#8221;][vc_column_text]Unser Vertriebsmanagement bei der SMATRA APAC Group umfasst: Lieferanten- und Lieferantenbeziehungsmanagement Bestands- und Lagerverwaltung Logistikmanagement Wir unterst\u00fctzen den effizienten Transport von Waren von der Produktion bis zum Verkaufsort im asiatisch-pazifischen Raum, mit Schwerpunkt auf S\u00fcdkorea. Mit unserer Erfahrung in der Erschlie\u00dfung neuer M\u00e4rkte f\u00fcr ausl\u00e4ndische Marken sind wir der Partner f\u00fcr&hellip; <a class=\"continue\" href=\"https:\/\/smatra-apac.com\/index.php\/distribution-management\/?lang=de\">Continue Reading<span> Aufbau von Exportm\u00e4rkten<\/span><\/a><\/p>\n","protected":false},"author":2,"featured_media":1855,"parent":0,"menu_order":0,"comment_status":"closed","ping_status":"closed","template":"","meta":{"inline_featured_image":false,"footnotes":""},"class_list":["post-2092","page","type-page","status-publish","has-post-thumbnail","hentry"],"yoast_head":"<!-- This site is optimized with the Yoast SEO plugin v27.3 - https:\/\/yoast.com\/product\/yoast-seo-wordpress\/ -->\n<title>Aufbau von Exportm\u00e4rkten - SMATRA APAC Group<\/title>\n<meta name=\"robots\" content=\"index, follow, max-snippet:-1, max-image-preview:large, max-video-preview:-1\" \/>\n<link rel=\"canonical\" href=\"https:\/\/smatra-apac.com\/index.php\/distribution-management\/\" \/>\n<meta property=\"og:locale\" content=\"en_US\" \/>\n<meta property=\"og:type\" content=\"article\" \/>\n<meta property=\"og:title\" content=\"Aufbau von Exportm\u00e4rkten - SMATRA APAC Group\" \/>\n<meta property=\"og:description\" content=\"[vc_row nav_skin=&#8221;light&#8221; consent_include=&#8221;include&#8221;][vc_column css_animation=&#8221;&#8221;][vc_empty_space height=&#8221;80px&#8221;][vc_text_element typography=&#8221;{&#8220;font_family&#8220;:&#8220;1596475616913142&#8220;,&#8220;variants&#8220;:&#8220;500&#8220;,&#8220;subsets&#8220;:&#8220;devanagari&#8220;,&#8220;font_size&#8220;:&#8220;13px&#8220;}&#8221; css_animation=&#8221;&#8221;] PRODUKTE EFFIZIENT IN NEUEN M\u00c4RKTEN AUFBAUEN [\/vc_text_element][vc_empty_space height=&#8221;10px&#8221;][vc_heading heading_text=&#8221;Vertriebsmanagement in M\u00e4rkte im asiatisch-pazifischen M\u00e4rkten&#8221; heading_wrapper=&#8221;h3&#8243; heading_color=&#8221;{&#8220;solid&#8220;:{&#8220;id&#8220;:&#8220;custom_color&#8220;,&#8220;color&#8220;:&#8220;rgba(0,32,96,1)&#8220;}}&#8221; heading_typography=&#8221;{&#8220;font_family&#8220;:&#8220;1596475607973655&#8220;,&#8220;variants&#8220;:&#8220;400&#8220;,&#8220;subsets&#8220;:&#8220;latin-ext&#8220;,&#8220;font_size&#8220;:&#8220;35px&#8220;,&#8220;line_height&#8220;:&#8220;1.2em&#8220;,&#8220;letter_spacing&#8220;:&#8220;-0.03em&#8220;}&#8221; css_animation=&#8221;&#8221;][vc_column_text]Unser Vertriebsmanagement bei der SMATRA APAC Group umfasst: Lieferanten- und Lieferantenbeziehungsmanagement Bestands- und Lagerverwaltung Logistikmanagement Wir unterst\u00fctzen den effizienten Transport von Waren von der Produktion bis zum Verkaufsort im asiatisch-pazifischen Raum, mit Schwerpunkt auf S\u00fcdkorea. Mit unserer Erfahrung in der Erschlie\u00dfung neuer M\u00e4rkte f\u00fcr ausl\u00e4ndische Marken sind wir der Partner f\u00fcr&hellip; Continue Reading Aufbau von Exportm\u00e4rkten\" \/>\n<meta property=\"og:url\" content=\"https:\/\/smatra-apac.com\/index.php\/distribution-management\/?lang=de\" \/>\n<meta property=\"og:site_name\" content=\"SMATRA APAC Group\" \/>\n<meta property=\"article:modified_time\" content=\"2023-06-04T09:18:14+00:00\" \/>\n<meta property=\"og:image\" content=\"https:\/\/smatra-apac.com\/wp-content\/uploads\/2020\/08\/koran_pattern.jpeg\" \/>\n\t<meta property=\"og:image:width\" content=\"2000\" \/>\n\t<meta property=\"og:image:height\" content=\"1334\" \/>\n\t<meta property=\"og:image:type\" content=\"image\/jpeg\" \/>\n<meta name=\"twitter:card\" content=\"summary_large_image\" \/>\n<meta name=\"twitter:site\" content=\"@SMATRA_APAC\" \/>\n<meta name=\"twitter:label1\" content=\"Est. reading time\" \/>\n\t<meta name=\"twitter:data1\" content=\"1 minute\" \/>\n<script type=\"application\/ld+json\" class=\"yoast-schema-graph\">{\"@context\":\"https:\\\/\\\/schema.org\",\"@graph\":[{\"@type\":\"WebPage\",\"@id\":\"https:\\\/\\\/smatra-apac.com\\\/index.php\\\/distribution-management\\\/?lang=de\",\"url\":\"https:\\\/\\\/smatra-apac.com\\\/index.php\\\/distribution-management\\\/?lang=de\",\"name\":\"Aufbau von Exportm\u00e4rkten - SMATRA APAC Group\",\"isPartOf\":{\"@id\":\"https:\\\/\\\/smatra-apac.com\\\/#website\"},\"primaryImageOfPage\":{\"@id\":\"https:\\\/\\\/smatra-apac.com\\\/index.php\\\/distribution-management\\\/?lang=de#primaryimage\"},\"image\":{\"@id\":\"https:\\\/\\\/smatra-apac.com\\\/index.php\\\/distribution-management\\\/?lang=de#primaryimage\"},\"thumbnailUrl\":\"https:\\\/\\\/smatra-apac.com\\\/wp-content\\\/uploads\\\/2020\\\/08\\\/koran_pattern.jpeg\",\"datePublished\":\"2020-09-03T17:21:19+00:00\",\"dateModified\":\"2023-06-04T09:18:14+00:00\",\"breadcrumb\":{\"@id\":\"https:\\\/\\\/smatra-apac.com\\\/index.php\\\/distribution-management\\\/?lang=de#breadcrumb\"},\"inLanguage\":\"en-US\",\"potentialAction\":[{\"@type\":\"ReadAction\",\"target\":[\"https:\\\/\\\/smatra-apac.com\\\/index.php\\\/distribution-management\\\/?lang=de\"]}]},{\"@type\":\"ImageObject\",\"inLanguage\":\"en-US\",\"@id\":\"https:\\\/\\\/smatra-apac.com\\\/index.php\\\/distribution-management\\\/?lang=de#primaryimage\",\"url\":\"https:\\\/\\\/smatra-apac.com\\\/wp-content\\\/uploads\\\/2020\\\/08\\\/koran_pattern.jpeg\",\"contentUrl\":\"https:\\\/\\\/smatra-apac.com\\\/wp-content\\\/uploads\\\/2020\\\/08\\\/koran_pattern.jpeg\",\"width\":2000,\"height\":1334,\"caption\":\"Throughout Korea, as you visit various Royal Palaces and Buddhist temples, you might notice that the undersides of the roofs are painted in beautiful patterns and colors. This is Dancheong (\ub2e8\uccad) - a traditional decorative coloring for style based on five basic colors: blue (east), white (west), red (south), black (north), and yellow (center). I really like the repetitiveness and harmony of both the architectural style and dancheong. Taken at Jogye Temple in central Seoul.\"},{\"@type\":\"BreadcrumbList\",\"@id\":\"https:\\\/\\\/smatra-apac.com\\\/index.php\\\/distribution-management\\\/?lang=de#breadcrumb\",\"itemListElement\":[{\"@type\":\"ListItem\",\"position\":1,\"name\":\"Home\",\"item\":\"https:\\\/\\\/smatra-apac.com\\\/\"},{\"@type\":\"ListItem\",\"position\":2,\"name\":\"Aufbau von Exportm\u00e4rkten\"}]},{\"@type\":\"WebSite\",\"@id\":\"https:\\\/\\\/smatra-apac.com\\\/#website\",\"url\":\"https:\\\/\\\/smatra-apac.com\\\/\",\"name\":\"SMATRA APAC Group\",\"description\":\"Your Strategic Link to Asia-Pacific\",\"publisher\":{\"@id\":\"https:\\\/\\\/smatra-apac.com\\\/#organization\"},\"potentialAction\":[{\"@type\":\"SearchAction\",\"target\":{\"@type\":\"EntryPoint\",\"urlTemplate\":\"https:\\\/\\\/smatra-apac.com\\\/?s={search_term_string}\"},\"query-input\":{\"@type\":\"PropertyValueSpecification\",\"valueRequired\":true,\"valueName\":\"search_term_string\"}}],\"inLanguage\":\"en-US\"},{\"@type\":\"Organization\",\"@id\":\"https:\\\/\\\/smatra-apac.com\\\/#organization\",\"name\":\"SMATRA APAC Group\",\"url\":\"https:\\\/\\\/smatra-apac.com\\\/\",\"logo\":{\"@type\":\"ImageObject\",\"inLanguage\":\"en-US\",\"@id\":\"https:\\\/\\\/smatra-apac.com\\\/#\\\/schema\\\/logo\\\/image\\\/\",\"url\":\"https:\\\/\\\/smatra-apac.com\\\/wp-content\\\/uploads\\\/2018\\\/03\\\/logo_footer_small_120.png\",\"contentUrl\":\"https:\\\/\\\/smatra-apac.com\\\/wp-content\\\/uploads\\\/2018\\\/03\\\/logo_footer_small_120.png\",\"width\":211,\"height\":188,\"caption\":\"SMATRA APAC Group\"},\"image\":{\"@id\":\"https:\\\/\\\/smatra-apac.com\\\/#\\\/schema\\\/logo\\\/image\\\/\"},\"sameAs\":[\"https:\\\/\\\/x.com\\\/SMATRA_APAC\"]}]}<\/script>\n<!-- \/ Yoast SEO plugin. -->","yoast_head_json":{"title":"Aufbau von Exportm\u00e4rkten - SMATRA APAC Group","robots":{"index":"index","follow":"follow","max-snippet":"max-snippet:-1","max-image-preview":"max-image-preview:large","max-video-preview":"max-video-preview:-1"},"canonical":"https:\/\/smatra-apac.com\/index.php\/distribution-management\/","og_locale":"en_US","og_type":"article","og_title":"Aufbau von Exportm\u00e4rkten - SMATRA APAC Group","og_description":"[vc_row nav_skin=&#8221;light&#8221; consent_include=&#8221;include&#8221;][vc_column css_animation=&#8221;&#8221;][vc_empty_space height=&#8221;80px&#8221;][vc_text_element typography=&#8221;{&#8220;font_family&#8220;:&#8220;1596475616913142&#8220;,&#8220;variants&#8220;:&#8220;500&#8220;,&#8220;subsets&#8220;:&#8220;devanagari&#8220;,&#8220;font_size&#8220;:&#8220;13px&#8220;}&#8221; css_animation=&#8221;&#8221;] PRODUKTE EFFIZIENT IN NEUEN M\u00c4RKTEN AUFBAUEN [\/vc_text_element][vc_empty_space height=&#8221;10px&#8221;][vc_heading heading_text=&#8221;Vertriebsmanagement in M\u00e4rkte im asiatisch-pazifischen M\u00e4rkten&#8221; heading_wrapper=&#8221;h3&#8243; heading_color=&#8221;{&#8220;solid&#8220;:{&#8220;id&#8220;:&#8220;custom_color&#8220;,&#8220;color&#8220;:&#8220;rgba(0,32,96,1)&#8220;}}&#8221; heading_typography=&#8221;{&#8220;font_family&#8220;:&#8220;1596475607973655&#8220;,&#8220;variants&#8220;:&#8220;400&#8220;,&#8220;subsets&#8220;:&#8220;latin-ext&#8220;,&#8220;font_size&#8220;:&#8220;35px&#8220;,&#8220;line_height&#8220;:&#8220;1.2em&#8220;,&#8220;letter_spacing&#8220;:&#8220;-0.03em&#8220;}&#8221; css_animation=&#8221;&#8221;][vc_column_text]Unser Vertriebsmanagement bei der SMATRA APAC Group umfasst: Lieferanten- und Lieferantenbeziehungsmanagement Bestands- und Lagerverwaltung Logistikmanagement Wir unterst\u00fctzen den effizienten Transport von Waren von der Produktion bis zum Verkaufsort im asiatisch-pazifischen Raum, mit Schwerpunkt auf S\u00fcdkorea. Mit unserer Erfahrung in der Erschlie\u00dfung neuer M\u00e4rkte f\u00fcr ausl\u00e4ndische Marken sind wir der Partner f\u00fcr&hellip; Continue Reading Aufbau von Exportm\u00e4rkten","og_url":"https:\/\/smatra-apac.com\/index.php\/distribution-management\/?lang=de","og_site_name":"SMATRA APAC Group","article_modified_time":"2023-06-04T09:18:14+00:00","og_image":[{"width":2000,"height":1334,"url":"https:\/\/smatra-apac.com\/wp-content\/uploads\/2020\/08\/koran_pattern.jpeg","type":"image\/jpeg"}],"twitter_card":"summary_large_image","twitter_site":"@SMATRA_APAC","twitter_misc":{"Est. reading time":"1 minute"},"schema":{"@context":"https:\/\/schema.org","@graph":[{"@type":"WebPage","@id":"https:\/\/smatra-apac.com\/index.php\/distribution-management\/?lang=de","url":"https:\/\/smatra-apac.com\/index.php\/distribution-management\/?lang=de","name":"Aufbau von Exportm\u00e4rkten - SMATRA APAC Group","isPartOf":{"@id":"https:\/\/smatra-apac.com\/#website"},"primaryImageOfPage":{"@id":"https:\/\/smatra-apac.com\/index.php\/distribution-management\/?lang=de#primaryimage"},"image":{"@id":"https:\/\/smatra-apac.com\/index.php\/distribution-management\/?lang=de#primaryimage"},"thumbnailUrl":"https:\/\/smatra-apac.com\/wp-content\/uploads\/2020\/08\/koran_pattern.jpeg","datePublished":"2020-09-03T17:21:19+00:00","dateModified":"2023-06-04T09:18:14+00:00","breadcrumb":{"@id":"https:\/\/smatra-apac.com\/index.php\/distribution-management\/?lang=de#breadcrumb"},"inLanguage":"en-US","potentialAction":[{"@type":"ReadAction","target":["https:\/\/smatra-apac.com\/index.php\/distribution-management\/?lang=de"]}]},{"@type":"ImageObject","inLanguage":"en-US","@id":"https:\/\/smatra-apac.com\/index.php\/distribution-management\/?lang=de#primaryimage","url":"https:\/\/smatra-apac.com\/wp-content\/uploads\/2020\/08\/koran_pattern.jpeg","contentUrl":"https:\/\/smatra-apac.com\/wp-content\/uploads\/2020\/08\/koran_pattern.jpeg","width":2000,"height":1334,"caption":"Throughout Korea, as you visit various Royal Palaces and Buddhist temples, you might notice that the undersides of the roofs are painted in beautiful patterns and colors. This is Dancheong (\ub2e8\uccad) - a traditional decorative coloring for style based on five basic colors: blue (east), white (west), red (south), black (north), and yellow (center). I really like the repetitiveness and harmony of both the architectural style and dancheong. Taken at Jogye Temple in central Seoul."},{"@type":"BreadcrumbList","@id":"https:\/\/smatra-apac.com\/index.php\/distribution-management\/?lang=de#breadcrumb","itemListElement":[{"@type":"ListItem","position":1,"name":"Home","item":"https:\/\/smatra-apac.com\/"},{"@type":"ListItem","position":2,"name":"Aufbau von Exportm\u00e4rkten"}]},{"@type":"WebSite","@id":"https:\/\/smatra-apac.com\/#website","url":"https:\/\/smatra-apac.com\/","name":"SMATRA APAC Group","description":"Your Strategic Link to Asia-Pacific","publisher":{"@id":"https:\/\/smatra-apac.com\/#organization"},"potentialAction":[{"@type":"SearchAction","target":{"@type":"EntryPoint","urlTemplate":"https:\/\/smatra-apac.com\/?s={search_term_string}"},"query-input":{"@type":"PropertyValueSpecification","valueRequired":true,"valueName":"search_term_string"}}],"inLanguage":"en-US"},{"@type":"Organization","@id":"https:\/\/smatra-apac.com\/#organization","name":"SMATRA APAC Group","url":"https:\/\/smatra-apac.com\/","logo":{"@type":"ImageObject","inLanguage":"en-US","@id":"https:\/\/smatra-apac.com\/#\/schema\/logo\/image\/","url":"https:\/\/smatra-apac.com\/wp-content\/uploads\/2018\/03\/logo_footer_small_120.png","contentUrl":"https:\/\/smatra-apac.com\/wp-content\/uploads\/2018\/03\/logo_footer_small_120.png","width":211,"height":188,"caption":"SMATRA APAC Group"},"image":{"@id":"https:\/\/smatra-apac.com\/#\/schema\/logo\/image\/"},"sameAs":["https:\/\/x.com\/SMATRA_APAC"]}]}},"jetpack_sharing_enabled":true,"_links":{"self":[{"href":"https:\/\/smatra-apac.com\/index.php\/wp-json\/wp\/v2\/pages\/2092","targetHints":{"allow":["GET"]}}],"collection":[{"href":"https:\/\/smatra-apac.com\/index.php\/wp-json\/wp\/v2\/pages"}],"about":[{"href":"https:\/\/smatra-apac.com\/index.php\/wp-json\/wp\/v2\/types\/page"}],"author":[{"embeddable":true,"href":"https:\/\/smatra-apac.com\/index.php\/wp-json\/wp\/v2\/users\/2"}],"replies":[{"embeddable":true,"href":"https:\/\/smatra-apac.com\/index.php\/wp-json\/wp\/v2\/comments?post=2092"}],"version-history":[{"count":4,"href":"https:\/\/smatra-apac.com\/index.php\/wp-json\/wp\/v2\/pages\/2092\/revisions"}],"predecessor-version":[{"id":2096,"href":"https:\/\/smatra-apac.com\/index.php\/wp-json\/wp\/v2\/pages\/2092\/revisions\/2096"}],"wp:featuredmedia":[{"embeddable":true,"href":"https:\/\/smatra-apac.com\/index.php\/wp-json\/wp\/v2\/media\/1855"}],"wp:attachment":[{"href":"https:\/\/smatra-apac.com\/index.php\/wp-json\/wp\/v2\/media?parent=2092"}],"curies":[{"name":"wp","href":"https:\/\/api.w.org\/{rel}","templated":true}]}}